{"id":16082,"date":"2020-09-27T15:07:34","date_gmt":"2020-09-27T12:07:34","guid":{"rendered":"https:\/\/linkido.com\/allgemeine-geschaeftsbedingungen\/"},"modified":"2023-07-28T01:12:50","modified_gmt":"2023-07-27T22:12:50","slug":"allgemeine-geschaeftsbedingungen","status":"publish","type":"page","link":"https:\/\/linkido.com\/de\/allgemeine-geschaeftsbedingungen\/","title":{"rendered":"Allgemeine Gesch\u00e4ftsbedingungen"},"content":{"rendered":"\t\t<div data-elementor-type=\"wp-page\" data-elementor-id=\"16082\" class=\"elementor elementor-16082 elementor-2385\" data-elementor-post-type=\"page\">\n\t\t\t\t\t\t<section class=\"elementor-section elementor-top-section elementor-element elementor-element-56c3ec3 elementor-section-boxed elementor-section-height-default elementor-section-height-default\" data-id=\"56c3ec3\" data-element_type=\"section\" data-e-type=\"section\">\n\t\t\t\t\t\t<div class=\"elementor-container elementor-column-gap-wider\">\n\t\t\t\t\t<div class=\"elementor-column elementor-col-100 elementor-top-column elementor-element elementor-element-a45c362\" data-id=\"a45c362\" data-element_type=\"column\" data-e-type=\"column\">\n\t\t\t<div class=\"elementor-widget-wrap elementor-element-populated\">\n\t\t\t\t\t\t<div class=\"elementor-element elementor-element-e9bcd63 elementor-widget elementor-widget-text-editor\" data-id=\"e9bcd63\" data-element_type=\"widget\" data-e-type=\"widget\" data-widget_type=\"text-editor.default\">\n\t\t\t\t<div class=\"elementor-widget-container\">\n\t\t\t\t\t\t\t\t\t<h2>Allgemeine Gesch\u00e4ftsbedingungen von Linkido<\/h2>\n<p><strong>1. Allgemeine Bestimmungen<\/strong><br \/>1.1. Die <strong>Plattform<\/strong> ist die Website linkido.com.<br \/>1.2. Der <strong>Kunde<\/strong> ist eine nat\u00fcrliche oder juristische Person, die ein Benutzerkonto auf der Plattform erstellt hat.<br \/>1.3. Die <strong>Lehrkraft\/Fachkraft<\/strong> ist eine zertifizierte Lehrkraft, eine erfahrene Fachkraft oder ein Experte in ihrem Fachgebiet, der mindestens einen Bachelor-Abschluss hat und der die auf der Plattform angebotenen Kurse leitet.<br \/>1.4. Der <strong>Vertrag<\/strong> wird zwischen dem Kunden und der Lehrkraft\/Spezialistin geschlossen.<br \/>1.5. Linkido O\u00dc (Registercode 14505711, Adresse Landkreis Harju, Gemeinde Harku, Dorf Suurupi, Sombre Road 2, 76907, Estland) ist das in der Republik Estland registrierte Unternehmen, das Eigent\u00fcmer der Plattform ist.<br \/>1.6. Die Allgemeinen Gesch\u00e4ftsbedingungen legen die Bedingungen f\u00fcr die Nutzung der Plattform durch den Kunden sowie die Rechte und Pflichten der Parteien fest.<\/p>\n<p><strong>2. Allgemeine Grunds\u00e4tze der von linkido.com organisierten Nachhilfestunden<\/strong><br \/>2.1. Linkido.com ist eine Online-Nachhilfeplattform, die Sch\u00fclerinnen und Sch\u00fcler mit qualifizierten Lehrkr\u00e4ften\/Fachleuten f\u00fcr individuelle Einzelnachhilfe zusammenbringt und Gruppenkurse f\u00fcr gemeinsame Lernerfahrungen anbietet.<br \/>2.2. Linkido.com bildet die Kunden nicht selbst aus.<br \/>2.3. Linkido.com bietet Nachhilfe in einer Vielzahl von F\u00e4chern an, darunter Schulkurse, Universit\u00e4tskurse, IT-Kurse, Sprachkurse, Verhaltens- und psychologische Beratung und Grafikdesign.<br \/>2.4. Alle Informationen \u00fcber bestimmte Kurse und Nachhilfestunden werden auf der Plattform bei der Einf\u00fchrung des jeweiligen Kurses ver\u00f6ffentlicht.<br \/>2.5. Alle Informationen \u00fcber eine bestimmte Lehrkraft\/Fachkraft werden auf der Plattform bei der Vorstellung der jeweiligen Lehrkraft\/Fachkraft ver\u00f6ffentlicht.<br \/>2.6. Sofern in der Einleitung der Kurse nicht anders angegeben, gelten die folgenden Regeln:<br \/>2.6.1. Der Online-Nachhilfeunterricht auf linkido.com findet in einem virtuellen Klassenzimmer statt, in dem der Kunde und der Lehrer\/Spezialist in Echtzeit per Video und Audio interagieren k\u00f6nnen.<br \/>2.6.2. Das virtuelle Klassenzimmer kann mit jedem Browser und Betriebssystem genutzt werden, und es ist nicht notwendig, zus\u00e4tzliche Software herunterzuladen.<br \/>2.6.3. Alle Lernmaterialien in den Kursen werden ausschlie\u00dflich von den Lehrern\/Fachleuten bereitgestellt. Die Linkido-Plattform stellt keine eigenen Materialien zur Verf\u00fcgung oder l\u00e4dt diese hoch und Linkido \u00fcbernimmt keine Haftung f\u00fcr die von den Lehrkr\u00e4ften\/Fachkr\u00e4ften hochgeladenen Materialien.<br \/>2.6.4. Der Kunde kann eine Lehrkraft\/Fachkraft aus der Auswahl auf der Plattform ausw\u00e4hlen und einen Termin buchen.<br \/>2.6.5. Nach der Auswahl einer Lehrkraft\/Fachkraft kann der Kunde mit der Lehrkraft\/Fachkraft Kontakt aufnehmen, die Lernziele beschreiben und Fragen stellen.<br \/>2.6.6. Die Lehrkraft\/Fachkraft wird eine ma\u00dfgeschneiderte L\u00f6sung f\u00fcr die Bed\u00fcrfnisse des Kunden anbieten oder bei Bedarf zus\u00e4tzliche Fragen stellen.<br \/>2.6.7. Die Lehrkr\u00e4fte\/Spezialisten antworten in der Regel innerhalb von 24 Stunden, aber die Antwortzeiten k\u00f6nnen je nach ihrer Verf\u00fcgbarkeit variieren.<br \/>2.6.8. Linkido.com kann nicht garantieren, dass der Lehrer\/Spezialist alle Fragen beantworten wird, aber wenn m\u00f6glich, wird der Lehrer\/Spezialist versuchen, bei der Vorbereitung der Schulung von den im Voraus zugesandten Fragen auszugehen.<br \/>2.6.9. Die Nachhilfestunde findet zu der vereinbarten Lernzeit im virtuellen Klassenzimmer statt.<\/p>\n<p><strong>3. Kauf und Bezahlung<\/strong><br \/>3.1. Der Kunde muss ein Konto auf linkido.com erstellen.<br \/>3.2. Der Kunde muss best\u00e4tigen, dass er oder sie mindestens 18 Jahre alt ist. Der minderj\u00e4hrige Kunde muss best\u00e4tigen, dass er oder sie die Zustimmung eines gesetzlichen Vertreters hat.<br \/>3.3. Der Kunde w\u00e4hlt einen Kurs und eine Lehrkraft\/Fachkraft aus und setzt sich mit der Lehrkraft\/Fachkraft in Verbindung.<br \/>3.4. Sobald der Kunde die Lernanforderungen mit dem Lehrer\/Fachmann besprochen und sich auf die spezifischen Details des Kurses geeinigt hat, sendet der Lehrer\/Fachmann einen personalisierten Link, der die Anzahl der Stunden, die vereinbarte Lernzeit, den Preis und die Zahlungsanweisungen enth\u00e4lt.<br \/>3.5. Die Lehrkr\u00e4fte\/Spezialisten legen den Kurspreis f\u00fcr jeden Kunden individuell fest, basierend auf dem jeweiligen Kurs, den W\u00fcnschen des Kunden und der vereinbarten Lernzeit.<br \/>3.6. Der Preis des Kurses wird in Euro berechnet.<br \/>3.7. Die Bezahlung erfolgt \u00fcber das Stripe-Zahlungsgateway, das in die Website integriert ist.<\/p>\n<p><strong>4. Recht auf Widerruf<\/strong><br \/>4.1. Der Kunde kann den Vertrag innerhalb von 14 Tagen ohne Angabe von Gr\u00fcnden widerrufen.<br \/>4.2. Die Frist beginnt mit dem Tag des Vertragsabschlusses. Der Vertrag gilt als abgeschlossen, wenn der Kunde und der Lehrer\/Fachmann sich \u00fcber die in Klausel 3.4 genannten Umst\u00e4nde geeinigt haben und der Kunde die Zahlung geleistet hat.<br \/>4.3. Der Kunde kann vom Vertrag zur\u00fccktreten, indem er das R\u00fccktrittsformular unter <a href=\"https:\/\/linkido.com\/de\/ansprueche\/\" target=\"_blank\" rel=\"noopener\">https:\/\/linkido.com\/claims<\/a> ausf\u00fcllt oder eine R\u00fccktrittserkl\u00e4rung an die E-Mail-Adresse der Plattform info@linkido.com schickt.<br \/>4.4. Nach Eingang eines Antrags auf Widerruf wird linkido.com dem Kunden unverz\u00fcglich, sp\u00e4testens jedoch nach 14 Tagen, alle Zahlungen, die er aufgrund des Vertrags erhalten hat, zur\u00fcckerstatten.<br \/>4.5. Wenn der Kunde wollte, dass die Kurse w\u00e4hrend der in Klausel 4.1 genannten R\u00fccktrittsfrist beginnen, muss er einen Betrag zahlen, der im Verh\u00e4ltnis zu den abgeschlossenen Kursen bis zu dem Zeitpunkt, an dem der Kunde seinen Wunsch, vom Vertrag zur\u00fcckzutreten, bekannt gegeben hat, im Vergleich zum Gesamtbetrag des Vertrages steht.<br \/>4.6. In dem in Klausel 4.5 beschriebenen Fall erstattet linkido.com dem Kunden unverz\u00fcglich, sp\u00e4testens jedoch nach 14 Tagen, Zahlungen im Verh\u00e4ltnis zu den vom Kunden absolvierten Kursen.<br \/>4.7. Der Kunde kann das in Klausel 4.1 genannte R\u00fccktrittsrecht nicht nutzen, wenn er die Kurse vollst\u00e4ndig abgeschlossen hat.<\/p>\n<p><strong>5. Die Rechte und Pflichten des Kunden<\/strong><br \/>5.1. Der Kunde verpflichtet sich, die linkido.com-Plattform in \u00dcbereinstimmung mit dem Gesetz, den guten Sitten und den Regeln von linkido.com zu nutzen.<br \/>5.2. Der Kunde hat nicht das Recht, die Teilnahme an den Kursen auf Dritte zu \u00fcbertragen.<br \/>5.3. Der Kunde kann die Lehrkraft\/Spezialistin innerhalb von 7 Tagen nach Kursbeginn wechseln, wenn er\/sie mit der Lehrkraft\/Spezialistin nicht zufrieden ist.<br \/>5.4. Der Kunde hat das Recht, an den Nachhilfesitzungen zur vereinbarten Zeit teilzunehmen.<br \/>5.5. Wenn der Lehrer\/Spezialist nicht in der Lage ist, die Nachhilfestunde zum vereinbarten Zeitpunkt durchzuf\u00fchren, setzt er sich unverz\u00fcglich mit dem Kunden in Verbindung und bietet einen neuen Termin oder eine Erstattung an.<br \/>5.6. Wenn der Kunde nicht in der Lage ist, zum vereinbarten Zeitpunkt an der Nachhilfestunde teilzunehmen, kontaktiert er den Lehrer\/Spezialist unverz\u00fcglich, sp\u00e4testens jedoch 1 Tag vor der Nachhilfestunde. Der Lehrer\/Spezialist wird einen neuen Termin anbieten, wenn der Kunde den Lehrer\/Spezialist rechtzeitig benachrichtigt hat. Wenn der Kunde den Lehrer\/Spezialist sp\u00e4ter als 1 Tag vor der Nachhilfestunde benachrichtigt hat, muss der Lehrer\/Spezialist keinen neuen Termin anbieten und die Zahlung wird nicht zur\u00fcckerstattet.<br \/>5.7. Wenn der Kunde w\u00e4hrend einer Nachhilfestunde auf technische Schwierigkeiten st\u00f6\u00dft, hilft ihm die Unterst\u00fctzung oder Hilfe der Plattform.<\/p>\n<p><strong>6. Die Rechte und Pflichten der Lehrkraft\/Fachkraft<\/strong><br \/>6.1. Die Lehrkraft\/Fachkraft verpflichtet sich, die linkido.com-Plattform in \u00dcbereinstimmung mit dem Gesetz, den guten Praktiken und den Regeln von linkido.com zu nutzen.<br \/>6.2. Die Lehrkraft\/Fachkraft hat nicht das Recht, die Durchf\u00fchrung der Kurse auf Dritte zu \u00fcbertragen.<br \/>6.3. Die Lehrkraft\/Fachkraft muss gew\u00e4hrleisten, dass sie mindestens \u00fcber einen Bachelor-Abschluss und andere Qualifikationen verf\u00fcgt, die f\u00fcr die Durchf\u00fchrung der Kurse erforderlich sind.<br \/>6.3.1. Die Lehrkr\u00e4fte, die Schul- und Hochschulkurse durchf\u00fchren, m\u00fcssen eine p\u00e4dagogische Ausbildung haben.<br \/>6.3.2. Die Fachkr\u00e4fte, die psychologische Beratung anbieten, m\u00fcssen einen Berufsabschluss haben.<br \/>6.4. Der Lehrer\/Spezialist antwortet auf die Anfragen des Kunden in der Regel innerhalb von 24 Stunden, aber nicht sp\u00e4ter als 3 Tage.<br \/>6.5. Die Lehrkraft\/Spezialistin erstellt f\u00fcr jeden Kunden ein individuelles Programm, das auf den W\u00fcnschen des Kunden basiert.<br \/>6.6. Der Lehrer\/Spezialist schickt dem Kunden einen personalisierten Link, der die Anzahl der Stunden, die vereinbarte Lernzeit, den Preis und die Zahlungsanweisungen enth\u00e4lt.<br \/>6.7. Die Lehrkraft\/Fachkraft zahlt Steuern auf das erhaltene Honorar.<br \/>6.8. Die Lehrkraft\/Spezialistin erh\u00e4lt von der Plattform eine bestimmte Provision f\u00fcr jeden Kurs, den sie erstellt.<br \/>6.9. Die Lehrkraft\/Spezialistin f\u00fchrt die Nachhilfestunde zur vereinbarten Zeit durch.<br \/>6.10. Wenn der Lehrer\/Spezialist nicht in der Lage ist, die Nachhilfestunde zum vereinbarten Zeitpunkt durchzuf\u00fchren, setzt er sich unverz\u00fcglich mit dem Kunden in Verbindung und bietet einen neuen Termin oder eine Erstattung an.<\/p>\n<p><strong>7. Die Rechte und Pflichten der Plattform<\/strong><br \/>7.1. Die Plattform verbindet Sch\u00fclerinnen und Sch\u00fcler mit qualifizierten Lehrkr\u00e4ften\/Fachleuten f\u00fcr individuelle Einzelnachhilfe und bietet Gruppenkurse f\u00fcr gemeinsame Lernerfahrungen an.<br \/>7.2. Die Plattform k\u00fcmmert sich um die Werbung und die Suche nach Lehrern\/Fachleuten und Kunden.<br \/>7.3. Die Plattform bietet Hilfe bei technischen Schwierigkeiten.<br \/>7.4. Die Plattform hat das Recht, von Lehrkr\u00e4ften\/Fachleuten eine Vermittlungsgeb\u00fchr zu verlangen.<br \/>7.5. Die Plattform hat das Recht, die Einhaltung der Qualifikationen von Lehrkr\u00e4ften\/Fachkr\u00e4ften und anderer Regeln der Plattform zu \u00fcberpr\u00fcfen.<br \/>7.6. Bei einem wiederholten Versto\u00df gegen die Regeln der Plattform hat die Plattform das Recht, den Zugang zur Plattform zu sperren.<\/p>\n<p><strong>8. Haftung<\/strong><br \/>8.1. Der Dienstleister haftet gegen\u00fcber dem Kunden nur f\u00fcr die Nichterf\u00fcllung einer Verpflichtung, die vors\u00e4tzlich oder grob fahrl\u00e4ssig verursacht wurde.<br \/>8.2. Die Plattform haftet nicht f\u00fcr die Qualit\u00e4t der Ausbildung.<\/p>\n<p><strong>9. Streitigkeiten l\u00f6sen<\/strong><br \/>9.1. Wenn der Kunde Anspr\u00fcche hat, muss er sie mit dem auf der Plattform unter <a href=\"https:\/\/linkido.com\/de\/ansprueche\/\" target=\"_blank\" rel=\"noopener\">https:\/\/linkido.com\/claims<\/a> verf\u00fcgbaren Formular geltend machen <a href=\"https:\/\/linkido.com\/de\/ansprueche\/\" target=\"_blank\" rel=\"noopener\">.<\/a><br \/>9.2. Streitigkeiten zwischen den Vertragsparteien werden durch Verhandlungen zwischen den Vertragsparteien beigelegt.<br \/>9.3. Im Falle der Nichterf\u00fcllung der Vertragsbedingungen kann der Kunde die gesetzlich vorgesehenen Rechtsmittel in Anspruch nehmen: 1) die Erf\u00fcllung der Verpflichtung verlangen; 2) die Erf\u00fcllung einer f\u00e4lligen Verpflichtung gegen\u00fcber dem Verpflichteten zur\u00fcckhalten; 3) eine Entsch\u00e4digung f\u00fcr den Schaden verlangen; 4) vom Vertrag zur\u00fccktreten oder ihn k\u00fcndigen; 5) reduziere den Preis; 6) im Falle eines Verzugs bei der Erf\u00fcllung einer Geldverpflichtung die Zahlung einer Verzugsstrafe zu verlangen.<br \/>9.4. Wenn Streitigkeiten nicht durch Verhandlungen beigelegt werden k\u00f6nnen, kann sich der Kunde an die Verbraucherstreitbeilegungskommission wenden. Die Verfahrensbedingungen findest du <a href=\"https:\/\/ttja.ee\/en\/consumer-disputes-committee\" target=\"_blank\" rel=\"noopener\">hier<\/a>.<\/p>\n<p><strong>10. Schlussbestimmungen<\/strong><br \/>10.1. Auf die Allgemeinen Gesch\u00e4ftsbedingungen ist das Recht der Republik Estland anwendbar, und das Recht der Republik Estland ist das endg\u00fcltig anwendbare Recht.<br \/>10.2. F\u00fcr die Beilegung von Streitigkeiten sind die Gerichte der Republik Estland zust\u00e4ndig.<br \/>10.3. Die Ung\u00fcltigkeit oder Nichtigkeit einer einzelnen Bestimmung der Allgemeinen Gesch\u00e4ftsbedingungen hat nicht die Ung\u00fcltigkeit aller oder einzelner anderer Bestimmungen der Allgemeinen Gesch\u00e4ftsbedingungen zur Folge.<br \/>10.4. Linkido O\u00dc hat das Recht, die Allgemeinen Gesch\u00e4ftsbedingungen einseitig zu \u00e4ndern. Linkido O\u00dc ver\u00f6ffentlicht die \u00fcberarbeitete Version der Allgemeinen Gesch\u00e4ftsbedingungen auf der Website (https:\/\/linkido.com).<\/p>\n\t\t\t\t\t\t\t\t<\/div>\n\t\t\t\t<\/div>\n\t\t\t\t\t<\/div>\n\t\t<\/div>\n\t\t\t\t\t<\/div>\n\t\t<\/section>\n\t\t\t\t<\/div>\n\t\t","protected":false},"excerpt":{"rendered":"<p>Allgemeine Gesch\u00e4ftsbedingungen von Linkido 1. Allgemeine Bestimmungen1.1. Die Plattform ist die Website linkido.com.1.2. Der Kunde ist eine nat\u00fcrliche oder juristische Person, die ein Benutzerkonto auf der Plattform erstellt hat.1.3. Die Lehrkraft\/Fachkraft ist eine zertifizierte Lehrkraft, eine erfahrene Fachkraft oder ein Experte in ihrem Fachgebiet, der mindestens einen Bachelor-Abschluss hat und der die auf der Plattform&hellip;<\/p>\n","protected":false},"author":1,"featured_media":0,"parent":0,"menu_order":0,"comment_status":"closed","ping_status":"closed","template":"elementor_header_footer","meta":{"footnotes":""},"class_list":["post-16082","page","type-page","status-publish","hentry"],"yoast_head":"<!-- This site is optimized with the Yoast SEO plugin v24.7 - https:\/\/yoast.com\/wordpress\/plugins\/seo\/ -->\n<title>Allgemeine Gesch\u00e4ftsbedingungen - Linkido<\/title>\n<meta name=\"robots\" content=\"index, follow, max-snippet:-1, max-image-preview:large, max-video-preview:-1\" \/>\n<link rel=\"canonical\" href=\"https:\/\/linkido.com\/terms-of-service\/\" \/>\n<meta property=\"og:locale\" content=\"de_DE\" \/>\n<meta property=\"og:type\" content=\"article\" \/>\n<meta property=\"og:title\" content=\"Allgemeine Gesch\u00e4ftsbedingungen - Linkido\" \/>\n<meta property=\"og:description\" content=\"Allgemeine Gesch\u00e4ftsbedingungen von Linkido 1. Allgemeine Bestimmungen1.1. Die Plattform ist die Website linkido.com.1.2. Der Kunde ist eine nat\u00fcrliche oder juristische Person, die ein Benutzerkonto auf der Plattform erstellt hat.1.3. Die Lehrkraft\/Fachkraft ist eine zertifizierte Lehrkraft, eine erfahrene Fachkraft oder ein Experte in ihrem Fachgebiet, der mindestens einen Bachelor-Abschluss hat und der die auf der Plattform&hellip;\" \/>\n<meta property=\"og:url\" content=\"https:\/\/linkido.com\/terms-of-service\/\" \/>\n<meta property=\"og:site_name\" content=\"Linkido\" \/>\n<meta property=\"article:modified_time\" content=\"2023-07-27T22:12:50+00:00\" \/>\n<meta name=\"twitter:card\" content=\"summary_large_image\" \/>\n<meta name=\"twitter:label1\" content=\"Gesch\u00e4tzte Lesezeit\" \/>\n\t<meta name=\"twitter:data1\" content=\"8\u00a0Minuten\" \/>\n<script type=\"application\/ld+json\" class=\"yoast-schema-graph\">{\"@context\":\"https:\/\/schema.org\",\"@graph\":[{\"@type\":\"WebPage\",\"@id\":\"https:\/\/linkido.com\/terms-of-service\/\",\"url\":\"https:\/\/linkido.com\/terms-of-service\/\",\"name\":\"Allgemeine Gesch\u00e4ftsbedingungen - Linkido\",\"isPartOf\":{\"@id\":\"https:\/\/linkido.com\/#website\"},\"datePublished\":\"2020-09-27T12:07:34+00:00\",\"dateModified\":\"2023-07-27T22:12:50+00:00\",\"breadcrumb\":{\"@id\":\"https:\/\/linkido.com\/terms-of-service\/#breadcrumb\"},\"inLanguage\":\"de\",\"potentialAction\":[{\"@type\":\"ReadAction\",\"target\":[\"https:\/\/linkido.com\/terms-of-service\/\"]}]},{\"@type\":\"BreadcrumbList\",\"@id\":\"https:\/\/linkido.com\/terms-of-service\/#breadcrumb\",\"itemListElement\":[{\"@type\":\"ListItem\",\"position\":1,\"name\":\"Home\",\"item\":\"https:\/\/linkido.com\/\"},{\"@type\":\"ListItem\",\"position\":2,\"name\":\"Allgemeine Gesch\u00e4ftsbedingungen\"}]},{\"@type\":\"WebSite\",\"@id\":\"https:\/\/linkido.com\/#website\",\"url\":\"https:\/\/linkido.com\/\",\"name\":\"Linkido\",\"description\":\"Online Learning Platform\",\"publisher\":{\"@id\":\"https:\/\/linkido.com\/#organization\"},\"potentialAction\":[{\"@type\":\"SearchAction\",\"target\":{\"@type\":\"EntryPoint\",\"urlTemplate\":\"https:\/\/linkido.com\/?s={search_term_string}\"},\"query-input\":{\"@type\":\"PropertyValueSpecification\",\"valueRequired\":true,\"valueName\":\"search_term_string\"}}],\"inLanguage\":\"de\"},{\"@type\":\"Organization\",\"@id\":\"https:\/\/linkido.com\/#organization\",\"name\":\"Linkido\",\"url\":\"https:\/\/linkido.com\/\",\"logo\":{\"@type\":\"ImageObject\",\"inLanguage\":\"de\",\"@id\":\"https:\/\/linkido.com\/#\/schema\/logo\/image\/\",\"url\":\"https:\/\/linkido.com\/wp-content\/uploads\/2023\/02\/vertical-alignment-1.svg\",\"contentUrl\":\"https:\/\/linkido.com\/wp-content\/uploads\/2023\/02\/vertical-alignment-1.svg\",\"width\":512,\"height\":512,\"caption\":\"Linkido\"},\"image\":{\"@id\":\"https:\/\/linkido.com\/#\/schema\/logo\/image\/\"}}]}<\/script>\n<!-- \/ Yoast SEO plugin. -->","yoast_head_json":{"title":"Allgemeine Gesch\u00e4ftsbedingungen - Linkido","robots":{"index":"index","follow":"follow","max-snippet":"max-snippet:-1","max-image-preview":"max-image-preview:large","max-video-preview":"max-video-preview:-1"},"canonical":"https:\/\/linkido.com\/terms-of-service\/","og_locale":"de_DE","og_type":"article","og_title":"Allgemeine Gesch\u00e4ftsbedingungen - Linkido","og_description":"Allgemeine Gesch\u00e4ftsbedingungen von Linkido 1. Allgemeine Bestimmungen1.1. Die Plattform ist die Website linkido.com.1.2. Der Kunde ist eine nat\u00fcrliche oder juristische Person, die ein Benutzerkonto auf der Plattform erstellt hat.1.3. Die Lehrkraft\/Fachkraft ist eine zertifizierte Lehrkraft, eine erfahrene Fachkraft oder ein Experte in ihrem Fachgebiet, der mindestens einen Bachelor-Abschluss hat und der die auf der Plattform&hellip;","og_url":"https:\/\/linkido.com\/terms-of-service\/","og_site_name":"Linkido","article_modified_time":"2023-07-27T22:12:50+00:00","twitter_card":"summary_large_image","twitter_misc":{"Gesch\u00e4tzte Lesezeit":"8\u00a0Minuten"},"schema":{"@context":"https:\/\/schema.org","@graph":[{"@type":"WebPage","@id":"https:\/\/linkido.com\/terms-of-service\/","url":"https:\/\/linkido.com\/terms-of-service\/","name":"Allgemeine Gesch\u00e4ftsbedingungen - Linkido","isPartOf":{"@id":"https:\/\/linkido.com\/#website"},"datePublished":"2020-09-27T12:07:34+00:00","dateModified":"2023-07-27T22:12:50+00:00","breadcrumb":{"@id":"https:\/\/linkido.com\/terms-of-service\/#breadcrumb"},"inLanguage":"de","potentialAction":[{"@type":"ReadAction","target":["https:\/\/linkido.com\/terms-of-service\/"]}]},{"@type":"BreadcrumbList","@id":"https:\/\/linkido.com\/terms-of-service\/#breadcrumb","itemListElement":[{"@type":"ListItem","position":1,"name":"Home","item":"https:\/\/linkido.com\/"},{"@type":"ListItem","position":2,"name":"Allgemeine Gesch\u00e4ftsbedingungen"}]},{"@type":"WebSite","@id":"https:\/\/linkido.com\/#website","url":"https:\/\/linkido.com\/","name":"Linkido","description":"Online Learning Platform","publisher":{"@id":"https:\/\/linkido.com\/#organization"},"potentialAction":[{"@type":"SearchAction","target":{"@type":"EntryPoint","urlTemplate":"https:\/\/linkido.com\/?s={search_term_string}"},"query-input":{"@type":"PropertyValueSpecification","valueRequired":true,"valueName":"search_term_string"}}],"inLanguage":"de"},{"@type":"Organization","@id":"https:\/\/linkido.com\/#organization","name":"Linkido","url":"https:\/\/linkido.com\/","logo":{"@type":"ImageObject","inLanguage":"de","@id":"https:\/\/linkido.com\/#\/schema\/logo\/image\/","url":"https:\/\/linkido.com\/wp-content\/uploads\/2023\/02\/vertical-alignment-1.svg","contentUrl":"https:\/\/linkido.com\/wp-content\/uploads\/2023\/02\/vertical-alignment-1.svg","width":512,"height":512,"caption":"Linkido"},"image":{"@id":"https:\/\/linkido.com\/#\/schema\/logo\/image\/"}}]}},"_links":{"self":[{"href":"https:\/\/linkido.com\/de\/wp-json\/wp\/v2\/pages\/16082","targetHints":{"allow":["GET"]}}],"collection":[{"href":"https:\/\/linkido.com\/de\/wp-json\/wp\/v2\/pages"}],"about":[{"href":"https:\/\/linkido.com\/de\/wp-json\/wp\/v2\/types\/page"}],"author":[{"embeddable":true,"href":"https:\/\/linkido.com\/de\/wp-json\/wp\/v2\/users\/1"}],"replies":[{"embeddable":true,"href":"https:\/\/linkido.com\/de\/wp-json\/wp\/v2\/comments?post=16082"}],"version-history":[{"count":5,"href":"https:\/\/linkido.com\/de\/wp-json\/wp\/v2\/pages\/16082\/revisions"}],"predecessor-version":[{"id":17401,"href":"https:\/\/linkido.com\/de\/wp-json\/wp\/v2\/pages\/16082\/revisions\/17401"}],"wp:attachment":[{"href":"https:\/\/linkido.com\/de\/wp-json\/wp\/v2\/media?parent=16082"}],"curies":[{"name":"wp","href":"https:\/\/api.w.org\/{rel}","templated":true}]}}