{"id":27254,"date":"2023-12-01T13:01:01","date_gmt":"2023-12-01T11:01:01","guid":{"rendered":"https:\/\/linkido.com\/jhillane-casilaoger-2\/"},"modified":"2023-12-01T13:05:56","modified_gmt":"2023-12-01T11:05:56","slug":"ntokozo-nyathiger","status":"publish","type":"page","link":"https:\/\/linkido.com\/de\/ntokozo-nyathiger\/","title":{"rendered":"Ntokozo NyathiGER"},"content":{"rendered":"\t\t<div data-elementor-type=\"wp-page\" data-elementor-id=\"27254\" class=\"elementor elementor-27254\" data-elementor-post-type=\"page\">\n\t\t\t\t<div class=\"elementor-element elementor-element-318362e e-flex e-con-boxed e-con e-parent\" data-id=\"318362e\" data-element_type=\"container\" data-e-type=\"container\">\n\t\t\t\t\t<div class=\"e-con-inner\">\n\t\t\t\t<div class=\"elementor-element elementor-element-35deb61 elementor-widget elementor-widget-heading\" data-id=\"35deb61\" data-element_type=\"widget\" data-e-type=\"widget\" data-widget_type=\"heading.default\">\n\t\t\t\t<div class=\"elementor-widget-container\">\n\t\t\t\t\t<h2 class=\"elementor-heading-title elementor-size-default\">Englischlehrer<\/h2>\t\t\t\t<\/div>\n\t\t\t\t<\/div>\n\t\t\t\t<div class=\"elementor-element elementor-element-d96dcff elementor-widget elementor-widget-heading\" data-id=\"d96dcff\" data-element_type=\"widget\" data-e-type=\"widget\" data-widget_type=\"heading.default\">\n\t\t\t\t<div class=\"elementor-widget-container\">\n\t\t\t\t\t<h3 class=\"elementor-heading-title elementor-size-default\">Lehrer<\/h3>\t\t\t\t<\/div>\n\t\t\t\t<\/div>\n\t\t\t\t\t<\/div>\n\t\t\t\t<\/div>\n\t\t\t\t<section class=\"elementor-section elementor-top-section elementor-element elementor-element-62ac758d elementor-section-boxed elementor-section-height-default elementor-section-height-default\" data-id=\"62ac758d\" data-element_type=\"section\" data-e-type=\"section\" id=\"about\">\n\t\t\t\t\t\t<div class=\"elementor-container elementor-column-gap-no\">\n\t\t\t\t\t<div class=\"elementor-column elementor-col-100 elementor-top-column elementor-element elementor-element-744c069e\" data-id=\"744c069e\" data-element_type=\"column\" data-e-type=\"column\">\n\t\t\t<div class=\"elementor-widget-wrap elementor-element-populated\">\n\t\t\t\t\t\t<section class=\"elementor-section elementor-inner-section elementor-element elementor-element-655b1f5c elementor-section-boxed elementor-section-height-default elementor-section-height-default\" data-id=\"655b1f5c\" data-element_type=\"section\" data-e-type=\"section\">\n\t\t\t\t\t\t<div class=\"elementor-container elementor-column-gap-wider\">\n\t\t\t\t\t<div class=\"elementor-column elementor-col-50 elementor-inner-column elementor-element elementor-element-604ba19e\" data-id=\"604ba19e\" data-element_type=\"column\" data-e-type=\"column\">\n\t\t\t<div class=\"elementor-widget-wrap elementor-element-populated\">\n\t\t\t\t\t\t<div class=\"elementor-element elementor-element-47b32b9 elementor-widget__width-initial elementor-widget elementor-widget-heading\" data-id=\"47b32b9\" data-element_type=\"widget\" data-e-type=\"widget\" data-widget_type=\"heading.default\">\n\t\t\t\t<div class=\"elementor-widget-container\">\n\t\t\t\t\t<h3 class=\"elementor-heading-title elementor-size-default\">Ich bin leidenschaftlich, kreativ und bringe frische, neue Ideen in den Unterricht ein, die interaktiv, interessant und lehrreich sind<\/h3>\t\t\t\t<\/div>\n\t\t\t\t<\/div>\n\t\t\t\t<div class=\"elementor-element elementor-element-5d009298 elementor-widget elementor-widget-spacer\" data-id=\"5d009298\" data-element_type=\"widget\" data-e-type=\"widget\" data-widget_type=\"spacer.default\">\n\t\t\t\t<div class=\"elementor-widget-container\">\n\t\t\t\t\t\t\t<div class=\"elementor-spacer\">\n\t\t\t<div class=\"elementor-spacer-inner\"><\/div>\n\t\t<\/div>\n\t\t\t\t\t\t<\/div>\n\t\t\t\t<\/div>\n\t\t\t\t<div class=\"elementor-element elementor-element-776db841 elementor-widget elementor-widget-text-editor\" data-id=\"776db841\" data-element_type=\"widget\" data-e-type=\"widget\" data-widget_type=\"text-editor.default\">\n\t\t\t\t<div class=\"elementor-widget-container\">\n\t\t\t\t\t\t\t\t\t<p>Ich bin TEFL-zertifiziert und habe auch einen Abschluss in Sozialarbeit. Ich bin ein englischer Debattiertrainer und Redner mit Liebe zur englischen Sprache und einem H\u00e4ndchen daf\u00fcr, dass das Lernen Spa\u00df macht. Buchen Sie Ihren ersten Kurs bei mir.<\/p>\t\t\t\t\t\t\t\t<\/div>\n\t\t\t\t<\/div>\n\t\t\t\t<div class=\"elementor-element elementor-element-5485fc15 content-align-left icon-box-vertical-align-top icon-position-left icon-vertical-align-start elementor-widget elementor-widget-the7_icon_box_grid_widget\" data-id=\"5485fc15\" data-element_type=\"widget\" data-e-type=\"widget\" data-widget_type=\"the7_icon_box_grid_widget.default\">\n\t\t\t\t<div class=\"elementor-widget-container\">\n\t\t\t\t\t<div class=\"the7-box-grid-wrapper the7-elementor-widget loading-effect-none the7_icon_box_grid_widget-5485fc15\">\t\t\t<div class=\"dt-css-grid\">\n\t\t\t\t\t\t\t\t\t<div class=\"wf-cell shown\">\n\t\t\t\t\t\t<div class=\"the7-icon-box-grid\">\t\t\t\t\t\t\t<div class=\"box-content-wrapper\">\n\t\t\t\t\t\t\t\t\t\t\t\t\t\t\t\t\t<a class=\"elementor-icon-div\" href=\"https:\/\/linkido.com\/wp-content\/uploads\/elementor\/forms\/65659b5e457d3.jpg\" aria-label=\"Siehe Lehrerdiplom.\">\t\t\t\t\t\t\t\t\t\t<div class=\"elementor-icon\">\n\t\t\t\t\t\t\t\t\t\t\t<i aria-hidden=\"true\" class=\"fas fa-university\"><\/i>\t\t\t\t\t\t\t\t\t\t<\/div>\n\t\t\t\t\t\t\t\t\t<\/a>\t\t\t\t\t\t\t\t\t\t\t\t\t\t\t\t<div class=\"box-content\">\n\t\t\t\t\t\t\t\t\t\t\t\t\t\t\t\t\t\t\t\t\t\t\t\t\t\t\t\t\t<h4 class=\"box-heading\">\n\t\t\t\t\t\t\t\t\t\t\t<a href=\"https:\/\/linkido.com\/wp-content\/uploads\/elementor\/forms\/65659b5e457d3.jpg\" aria-label=\"Siehe Lehrerdiplom.\">\t\t\t\t\t\t\t\t\t\t\t\tSiehe Lehrerdiplom.\t\t\t\t\t\t\t\t\t\t\t<\/a>\t\t\t\t\t\t\t\t\t\t<\/h4>\n\t\t\t\t\t\t\t\t\t\t\t\t\t\t\t\t\t\t\t\t\t\t\t\t\t\t\t\t<div class=\"box-description\"><p>Vivamus aliquam turpis id lectus sollicitudin euismod<\/p><\/div>\n\t\t\t\t\t\t\t\t\t\t\t\t\t\t\t\t\t\t\t\t\t\t\t\t\t\t<\/div>\n\t\t\t\t\t\t\t<\/div>\n\t\t\t\t\t\t<\/div>\t\t\t\t\t<\/div>\n\t\t\t\t\t\t\t<\/div>\n\t\t<\/div>\t\t\t\t<\/div>\n\t\t\t\t<\/div>\n\t\t\t\t\t<\/div>\n\t\t<\/div>\n\t\t\t\t<div class=\"elementor-column elementor-col-50 elementor-inner-column elementor-element elementor-element-1781229c\" data-id=\"1781229c\" data-element_type=\"column\" data-e-type=\"column\" data-settings=\"{&quot;background_background&quot;:&quot;classic&quot;}\">\n\t\t\t<div class=\"elementor-widget-wrap elementor-element-populated\">\n\t\t\t\t\t\t<div class=\"elementor-element elementor-element-03df35c elementor-widget elementor-widget-image\" data-id=\"03df35c\" data-element_type=\"widget\" data-e-type=\"widget\" data-widget_type=\"image.default\">\n\t\t\t\t<div class=\"elementor-widget-container\">\n\t\t\t\t\t\t\t\t\t\t\t\t\t\t\t<img fetchpriority=\"high\" decoding=\"async\" width=\"1024\" height=\"978\" src=\"https:\/\/linkido.com\/wp-content\/uploads\/2023\/11\/11084-1-1024x978.jpg\" class=\"attachment-large size-large wp-image-26732\" alt=\"\" srcset=\"https:\/\/linkido.com\/wp-content\/uploads\/2023\/11\/11084-1-1024x978.jpg 1024w, https:\/\/linkido.com\/wp-content\/uploads\/2023\/11\/11084-1-600x573.jpg 600w, https:\/\/linkido.com\/wp-content\/uploads\/2023\/11\/11084-1-300x287.jpg 300w, https:\/\/linkido.com\/wp-content\/uploads\/2023\/11\/11084-1-768x734.jpg 768w, https:\/\/linkido.com\/wp-content\/uploads\/2023\/11\/11084-1-52x50.jpg 52w, https:\/\/linkido.com\/wp-content\/uploads\/2023\/11\/11084-1.jpg 1118w\" sizes=\"(max-width: 1024px) 100vw, 1024px\" \/>\t\t\t\t\t\t\t\t\t\t\t\t\t\t\t<\/div>\n\t\t\t\t<\/div>\n\t\t\t\t<div class=\"elementor-element elementor-element-577e91e elementor-widget elementor-widget-spacer\" data-id=\"577e91e\" data-element_type=\"widget\" data-e-type=\"widget\" data-widget_type=\"spacer.default\">\n\t\t\t\t<div class=\"elementor-widget-container\">\n\t\t\t\t\t\t\t<div class=\"elementor-spacer\">\n\t\t\t<div class=\"elementor-spacer-inner\"><\/div>\n\t\t<\/div>\n\t\t\t\t\t\t<\/div>\n\t\t\t\t<\/div>\n\t\t\t\t\t<\/div>\n\t\t<\/div>\n\t\t\t\t\t<\/div>\n\t\t<\/section>\n\t\t\t\t\t<\/div>\n\t\t<\/div>\n\t\t\t\t\t<\/div>\n\t\t<\/section>\n\t\t<div class=\"elementor-element elementor-element-385fc5a e-flex e-con-boxed e-con e-parent\" data-id=\"385fc5a\" data-element_type=\"container\" data-e-type=\"container\">\n\t\t\t\t\t<div class=\"e-con-inner\">\n\t\t\t\t<div class=\"elementor-element elementor-element-78a175e elementor-widget elementor-widget-heading\" data-id=\"78a175e\" data-element_type=\"widget\" data-e-type=\"widget\" data-widget_type=\"heading.default\">\n\t\t\t\t<div class=\"elementor-widget-container\">\n\t\t\t\t\t<h2 class=\"elementor-heading-title elementor-size-default\">Kontaktformular und Verf\u00fcgbarkeit<\/h2>\t\t\t\t<\/div>\n\t\t\t\t<\/div>\n\t\t\t\t\t<\/div>\n\t\t\t\t<\/div>\n\t\t\t\t<section class=\"elementor-section elementor-inner-section elementor-element elementor-element-26d9ee0 elementor-section-boxed elementor-section-height-default elementor-section-height-default\" data-id=\"26d9ee0\" data-element_type=\"section\" data-e-type=\"section\">\n\t\t\t\t\t\t<div class=\"elementor-container elementor-column-gap-wider\">\n\t\t\t\t\t<div class=\"elementor-column elementor-col-50 elementor-inner-column elementor-element elementor-element-3e5580b\" data-id=\"3e5580b\" data-element_type=\"column\" data-e-type=\"column\">\n\t\t\t<div class=\"elementor-widget-wrap elementor-element-populated\">\n\t\t\t\t\t\t<div class=\"elementor-element elementor-element-0a7276f elementor-button-align-stretch elementor-widget elementor-widget-form\" data-id=\"0a7276f\" data-element_type=\"widget\" data-e-type=\"widget\" data-settings=\"{&quot;step_next_label&quot;:&quot;Weiter&quot;,&quot;step_previous_label&quot;:&quot;Vorheriger&quot;,&quot;button_width&quot;:&quot;100&quot;,&quot;step_type&quot;:&quot;number_text&quot;,&quot;step_icon_shape&quot;:&quot;circle&quot;}\" data-widget_type=\"form.default\">\n\t\t\t\t<div class=\"elementor-widget-container\">\n\t\t\t\t\t\t\t<form class=\"elementor-form\" method=\"post\" name=\"Neue Form\">\n\t\t\t<input type=\"hidden\" name=\"post_id\" value=\"27254\"\/>\n\t\t\t<input type=\"hidden\" name=\"form_id\" value=\"0a7276f\"\/>\n\t\t\t<input type=\"hidden\" name=\"referer_title\" value=\"Linkido\" \/>\n\n\t\t\t\n\t\t\t<div class=\"elementor-form-fields-wrapper elementor-labels-above\">\n\t\t\t\t\t\t\t\t<div class=\"elementor-field-type-text elementor-field-group elementor-column elementor-field-group-name elementor-col-100\">\n\t\t\t\t\t\t\t\t\t\t\t\t<label for=\"form-field-name\" class=\"elementor-field-label\">\n\t\t\t\t\t\t\t\tName\t\t\t\t\t\t\t<\/label>\n\t\t\t\t\t\t\t\t\t\t\t\t\t\t<input size=\"1\" type=\"text\" name=\"form_fields[name]\" id=\"form-field-name\" class=\"elementor-field elementor-size-sm  elementor-field-textual\" placeholder=\"Name\">\n\t\t\t\t\t\t\t\t\t\t\t<\/div>\n\t\t\t\t\t\t\t\t<div class=\"elementor-field-type-email elementor-field-group elementor-column elementor-field-group-email elementor-col-100 elementor-field-required\">\n\t\t\t\t\t\t\t\t\t\t\t\t<label for=\"form-field-email\" class=\"elementor-field-label\">\n\t\t\t\t\t\t\t\tE-Mail\t\t\t\t\t\t\t<\/label>\n\t\t\t\t\t\t\t\t\t\t\t\t\t\t<input size=\"1\" type=\"email\" name=\"form_fields[email]\" id=\"form-field-email\" class=\"elementor-field elementor-size-sm  elementor-field-textual\" placeholder=\"E-Mail\" required=\"required\">\n\t\t\t\t\t\t\t\t\t\t\t<\/div>\n\t\t\t\t\t\t\t\t<div class=\"elementor-field-type-text elementor-field-group elementor-column elementor-field-group-field_7abde05 elementor-col-100\">\n\t\t\t\t\t\t\t\t\t\t\t\t<label for=\"form-field-field_7abde05\" class=\"elementor-field-label\">\n\t\t\t\t\t\t\t\tBetreff\t\t\t\t\t\t\t<\/label>\n\t\t\t\t\t\t\t\t\t\t\t\t\t\t<input size=\"1\" type=\"text\" name=\"form_fields[field_7abde05]\" id=\"form-field-field_7abde05\" class=\"elementor-field elementor-size-sm  elementor-field-textual\" placeholder=\"Betreff\">\n\t\t\t\t\t\t\t\t\t\t\t<\/div>\n\t\t\t\t\t\t\t\t<div class=\"elementor-field-type-textarea elementor-field-group elementor-column elementor-field-group-message elementor-col-100\">\n\t\t\t\t\t\t\t\t\t\t\t\t<label for=\"form-field-message\" class=\"elementor-field-label\">\n\t\t\t\t\t\t\t\tNachricht\t\t\t\t\t\t\t<\/label>\n\t\t\t\t\t\t<textarea class=\"elementor-field-textual elementor-field  elementor-size-sm\" name=\"form_fields[message]\" id=\"form-field-message\" rows=\"4\" placeholder=\"Nachricht\"><\/textarea>\t\t\t\t<\/div>\n\t\t\t\t\t\t\t\t<div class=\"elementor-field-group elementor-column elementor-field-type-submit elementor-col-100 e-form__buttons\">\n\t\t\t\t\t<button class=\"elementor-button elementor-size-sm\" type=\"submit\">\n\t\t\t\t\t\t<span class=\"elementor-button-content-wrapper\">\n\t\t\t\t\t\t\t\t\t\t\t\t\t\t\t\t\t\t\t\t\t\t<span class=\"elementor-button-text\">Senden<\/span>\n\t\t\t\t\t\t\t\t\t\t\t\t\t<\/span>\n\t\t\t\t\t<\/button>\n\t\t\t\t<\/div>\n\t\t\t<\/div>\n\t\t<label id=\"apbct_label_id_111\" class=\"apbct_special_field\"><input\n                    class=\"apbct_special_field apbct__email_id__elementor_form\"\n                    name=\"apbct_email_id__elementor_form\"\n                    type=\"text\" size=\"30\" maxlength=\"200\" autocomplete=\"off\"\n                    value=\"\"\n                \/><\/label><\/form>\n\t\t\t\t\t\t<\/div>\n\t\t\t\t<\/div>\n\t\t\t\t\t<\/div>\n\t\t<\/div>\n\t\t\t\t<div class=\"elementor-column elementor-col-50 elementor-inner-column elementor-element elementor-element-125ec67c\" data-id=\"125ec67c\" data-element_type=\"column\" data-e-type=\"column\" data-settings=\"{&quot;background_background&quot;:&quot;classic&quot;}\">\n\t\t\t<div class=\"elementor-widget-wrap\">\n\t\t\t\t\t\t\t<\/div>\n\t\t<\/div>\n\t\t\t\t\t<\/div>\n\t\t<\/section>\n\t\t\t\t<\/div>\n\t\t","protected":false},"excerpt":{"rendered":"<p>Englischlehrer Lehrer Ich bin leidenschaftlich, kreativ und bringe frische, neue Ideen in den Unterricht ein, die interaktiv, interessant und lehrreich sind Ich bin TEFL-zertifiziert und habe auch einen Abschluss in Sozialarbeit. Ich bin ein englischer Debattiertrainer und Redner mit Liebe zur englischen Sprache und einem H\u00e4ndchen daf\u00fcr, dass das Lernen Spa\u00df macht. Buchen Sie Ihren&hellip;<\/p>\n","protected":false},"author":79,"featured_media":0,"parent":0,"menu_order":0,"comment_status":"closed","ping_status":"closed","template":"elementor_header_footer","meta":{"footnotes":""},"class_list":["post-27254","page","type-page","status-publish","hentry"],"yoast_head":"<!-- This site is optimized with the Yoast SEO plugin v24.7 - https:\/\/yoast.com\/wordpress\/plugins\/seo\/ -->\n<title>Ntokozo NyathiGER - Linkido<\/title>\n<meta name=\"robots\" content=\"index, follow, max-snippet:-1, max-image-preview:large, max-video-preview:-1\" \/>\n<link rel=\"canonical\" href=\"https:\/\/linkido.com\/de\/ntokozo-nyathiger\/\" \/>\n<meta property=\"og:locale\" content=\"de_DE\" \/>\n<meta property=\"og:type\" content=\"article\" \/>\n<meta property=\"og:title\" content=\"Ntokozo NyathiGER - Linkido\" \/>\n<meta property=\"og:description\" content=\"Englischlehrer Lehrer Ich bin leidenschaftlich, kreativ und bringe frische, neue Ideen in den Unterricht ein, die interaktiv, interessant und lehrreich sind Ich bin TEFL-zertifiziert und habe auch einen Abschluss in Sozialarbeit. Ich bin ein englischer Debattiertrainer und Redner mit Liebe zur englischen Sprache und einem H\u00e4ndchen daf\u00fcr, dass das Lernen Spa\u00df macht. Buchen Sie Ihren&hellip;\" \/>\n<meta property=\"og:url\" content=\"https:\/\/linkido.com\/de\/ntokozo-nyathiger\/\" \/>\n<meta property=\"og:site_name\" content=\"Linkido\" \/>\n<meta property=\"article:modified_time\" content=\"2023-12-01T11:05:56+00:00\" \/>\n<meta property=\"og:image\" content=\"https:\/\/linkido.com\/wp-content\/uploads\/2023\/11\/11084-1-1024x978.jpg\" \/>\n<meta name=\"twitter:card\" content=\"summary_large_image\" \/>\n<script type=\"application\/ld+json\" class=\"yoast-schema-graph\">{\"@context\":\"https:\/\/schema.org\",\"@graph\":[{\"@type\":\"WebPage\",\"@id\":\"https:\/\/linkido.com\/de\/ntokozo-nyathiger\/\",\"url\":\"https:\/\/linkido.com\/de\/ntokozo-nyathiger\/\",\"name\":\"Ntokozo NyathiGER - Linkido\",\"isPartOf\":{\"@id\":\"https:\/\/linkido.com\/#website\"},\"primaryImageOfPage\":{\"@id\":\"https:\/\/linkido.com\/de\/ntokozo-nyathiger\/#primaryimage\"},\"image\":{\"@id\":\"https:\/\/linkido.com\/de\/ntokozo-nyathiger\/#primaryimage\"},\"thumbnailUrl\":\"https:\/\/linkido.com\/wp-content\/uploads\/2023\/11\/11084-1-1024x978.jpg\",\"datePublished\":\"2023-12-01T11:01:01+00:00\",\"dateModified\":\"2023-12-01T11:05:56+00:00\",\"breadcrumb\":{\"@id\":\"https:\/\/linkido.com\/de\/ntokozo-nyathiger\/#breadcrumb\"},\"inLanguage\":\"de\",\"potentialAction\":[{\"@type\":\"ReadAction\",\"target\":[\"https:\/\/linkido.com\/de\/ntokozo-nyathiger\/\"]}]},{\"@type\":\"ImageObject\",\"inLanguage\":\"de\",\"@id\":\"https:\/\/linkido.com\/de\/ntokozo-nyathiger\/#primaryimage\",\"url\":\"https:\/\/linkido.com\/wp-content\/uploads\/2023\/11\/11084-1-1024x978.jpg\",\"contentUrl\":\"https:\/\/linkido.com\/wp-content\/uploads\/2023\/11\/11084-1-1024x978.jpg\"},{\"@type\":\"BreadcrumbList\",\"@id\":\"https:\/\/linkido.com\/de\/ntokozo-nyathiger\/#breadcrumb\",\"itemListElement\":[{\"@type\":\"ListItem\",\"position\":1,\"name\":\"Home\",\"item\":\"https:\/\/linkido.com\/\"},{\"@type\":\"ListItem\",\"position\":2,\"name\":\"Ntokozo NyathiGER\"}]},{\"@type\":\"WebSite\",\"@id\":\"https:\/\/linkido.com\/#website\",\"url\":\"https:\/\/linkido.com\/\",\"name\":\"Linkido\",\"description\":\"Online Learning Platform\",\"publisher\":{\"@id\":\"https:\/\/linkido.com\/#organization\"},\"potentialAction\":[{\"@type\":\"SearchAction\",\"target\":{\"@type\":\"EntryPoint\",\"urlTemplate\":\"https:\/\/linkido.com\/?s={search_term_string}\"},\"query-input\":{\"@type\":\"PropertyValueSpecification\",\"valueRequired\":true,\"valueName\":\"search_term_string\"}}],\"inLanguage\":\"de\"},{\"@type\":\"Organization\",\"@id\":\"https:\/\/linkido.com\/#organization\",\"name\":\"Linkido\",\"url\":\"https:\/\/linkido.com\/\",\"logo\":{\"@type\":\"ImageObject\",\"inLanguage\":\"de\",\"@id\":\"https:\/\/linkido.com\/#\/schema\/logo\/image\/\",\"url\":\"https:\/\/linkido.com\/wp-content\/uploads\/2023\/02\/vertical-alignment-1.svg\",\"contentUrl\":\"https:\/\/linkido.com\/wp-content\/uploads\/2023\/02\/vertical-alignment-1.svg\",\"width\":512,\"height\":512,\"caption\":\"Linkido\"},\"image\":{\"@id\":\"https:\/\/linkido.com\/#\/schema\/logo\/image\/\"}}]}<\/script>\n<!-- \/ Yoast SEO plugin. -->","yoast_head_json":{"title":"Ntokozo NyathiGER - Linkido","robots":{"index":"index","follow":"follow","max-snippet":"max-snippet:-1","max-image-preview":"max-image-preview:large","max-video-preview":"max-video-preview:-1"},"canonical":"https:\/\/linkido.com\/de\/ntokozo-nyathiger\/","og_locale":"de_DE","og_type":"article","og_title":"Ntokozo NyathiGER - Linkido","og_description":"Englischlehrer Lehrer Ich bin leidenschaftlich, kreativ und bringe frische, neue Ideen in den Unterricht ein, die interaktiv, interessant und lehrreich sind Ich bin TEFL-zertifiziert und habe auch einen Abschluss in Sozialarbeit. Ich bin ein englischer Debattiertrainer und Redner mit Liebe zur englischen Sprache und einem H\u00e4ndchen daf\u00fcr, dass das Lernen Spa\u00df macht. Buchen Sie Ihren&hellip;","og_url":"https:\/\/linkido.com\/de\/ntokozo-nyathiger\/","og_site_name":"Linkido","article_modified_time":"2023-12-01T11:05:56+00:00","og_image":[{"url":"https:\/\/linkido.com\/wp-content\/uploads\/2023\/11\/11084-1-1024x978.jpg","type":"","width":"","height":""}],"twitter_card":"summary_large_image","schema":{"@context":"https:\/\/schema.org","@graph":[{"@type":"WebPage","@id":"https:\/\/linkido.com\/de\/ntokozo-nyathiger\/","url":"https:\/\/linkido.com\/de\/ntokozo-nyathiger\/","name":"Ntokozo NyathiGER - Linkido","isPartOf":{"@id":"https:\/\/linkido.com\/#website"},"primaryImageOfPage":{"@id":"https:\/\/linkido.com\/de\/ntokozo-nyathiger\/#primaryimage"},"image":{"@id":"https:\/\/linkido.com\/de\/ntokozo-nyathiger\/#primaryimage"},"thumbnailUrl":"https:\/\/linkido.com\/wp-content\/uploads\/2023\/11\/11084-1-1024x978.jpg","datePublished":"2023-12-01T11:01:01+00:00","dateModified":"2023-12-01T11:05:56+00:00","breadcrumb":{"@id":"https:\/\/linkido.com\/de\/ntokozo-nyathiger\/#breadcrumb"},"inLanguage":"de","potentialAction":[{"@type":"ReadAction","target":["https:\/\/linkido.com\/de\/ntokozo-nyathiger\/"]}]},{"@type":"ImageObject","inLanguage":"de","@id":"https:\/\/linkido.com\/de\/ntokozo-nyathiger\/#primaryimage","url":"https:\/\/linkido.com\/wp-content\/uploads\/2023\/11\/11084-1-1024x978.jpg","contentUrl":"https:\/\/linkido.com\/wp-content\/uploads\/2023\/11\/11084-1-1024x978.jpg"},{"@type":"BreadcrumbList","@id":"https:\/\/linkido.com\/de\/ntokozo-nyathiger\/#breadcrumb","itemListElement":[{"@type":"ListItem","position":1,"name":"Home","item":"https:\/\/linkido.com\/"},{"@type":"ListItem","position":2,"name":"Ntokozo NyathiGER"}]},{"@type":"WebSite","@id":"https:\/\/linkido.com\/#website","url":"https:\/\/linkido.com\/","name":"Linkido","description":"Online Learning Platform","publisher":{"@id":"https:\/\/linkido.com\/#organization"},"potentialAction":[{"@type":"SearchAction","target":{"@type":"EntryPoint","urlTemplate":"https:\/\/linkido.com\/?s={search_term_string}"},"query-input":{"@type":"PropertyValueSpecification","valueRequired":true,"valueName":"search_term_string"}}],"inLanguage":"de"},{"@type":"Organization","@id":"https:\/\/linkido.com\/#organization","name":"Linkido","url":"https:\/\/linkido.com\/","logo":{"@type":"ImageObject","inLanguage":"de","@id":"https:\/\/linkido.com\/#\/schema\/logo\/image\/","url":"https:\/\/linkido.com\/wp-content\/uploads\/2023\/02\/vertical-alignment-1.svg","contentUrl":"https:\/\/linkido.com\/wp-content\/uploads\/2023\/02\/vertical-alignment-1.svg","width":512,"height":512,"caption":"Linkido"},"image":{"@id":"https:\/\/linkido.com\/#\/schema\/logo\/image\/"}}]}},"_links":{"self":[{"href":"https:\/\/linkido.com\/de\/wp-json\/wp\/v2\/pages\/27254","targetHints":{"allow":["GET"]}}],"collection":[{"href":"https:\/\/linkido.com\/de\/wp-json\/wp\/v2\/pages"}],"about":[{"href":"https:\/\/linkido.com\/de\/wp-json\/wp\/v2\/types\/page"}],"author":[{"embeddable":true,"href":"https:\/\/linkido.com\/de\/wp-json\/wp\/v2\/users\/79"}],"replies":[{"embeddable":true,"href":"https:\/\/linkido.com\/de\/wp-json\/wp\/v2\/comments?post=27254"}],"version-history":[{"count":16,"href":"https:\/\/linkido.com\/de\/wp-json\/wp\/v2\/pages\/27254\/revisions"}],"predecessor-version":[{"id":27270,"href":"https:\/\/linkido.com\/de\/wp-json\/wp\/v2\/pages\/27254\/revisions\/27270"}],"wp:attachment":[{"href":"https:\/\/linkido.com\/de\/wp-json\/wp\/v2\/media?parent=27254"}],"curies":[{"name":"wp","href":"https:\/\/api.w.org\/{rel}","templated":true}]}}