{"id":16088,"date":"2020-09-27T15:07:34","date_gmt":"2020-09-27T12:07:34","guid":{"rendered":"https:\/\/linkido.com\/terminos-de-servicio\/"},"modified":"2023-07-28T01:14:32","modified_gmt":"2023-07-27T22:14:32","slug":"terminos-de-servicio","status":"publish","type":"page","link":"https:\/\/linkido.com\/es\/terminos-de-servicio\/","title":{"rendered":"T\u00e9rminos de servicio"},"content":{"rendered":"\t\t<div data-elementor-type=\"wp-page\" data-elementor-id=\"16088\" class=\"elementor elementor-16088 elementor-2385\" data-elementor-post-type=\"page\">\n\t\t\t\t\t\t<section class=\"elementor-section elementor-top-section elementor-element elementor-element-56c3ec3 elementor-section-boxed elementor-section-height-default elementor-section-height-default\" data-id=\"56c3ec3\" data-element_type=\"section\" data-e-type=\"section\">\n\t\t\t\t\t\t<div class=\"elementor-container elementor-column-gap-wider\">\n\t\t\t\t\t<div class=\"elementor-column elementor-col-100 elementor-top-column elementor-element elementor-element-a45c362\" data-id=\"a45c362\" data-element_type=\"column\" data-e-type=\"column\">\n\t\t\t<div class=\"elementor-widget-wrap elementor-element-populated\">\n\t\t\t\t\t\t<div class=\"elementor-element elementor-element-e9bcd63 elementor-widget elementor-widget-text-editor\" data-id=\"e9bcd63\" data-element_type=\"widget\" data-e-type=\"widget\" data-widget_type=\"text-editor.default\">\n\t\t\t\t<div class=\"elementor-widget-container\">\n\t\t\t\t\t\t\t\t\t<h2>Condiciones generales de Linkido<\/h2>\n<p><strong>1. Disposiciones generales<\/strong><br \/>1.1. La <strong>Plataforma<\/strong> es el sitio web linkido.com.<br \/>1.2. El <strong>Cliente<\/strong> es una persona f\u00edsica o jur\u00eddica que ha creado una cuenta de usuario de la Plataforma.<br \/>1.3. El <strong>Profesor\/Especialista<\/strong> es un profesor titulado, un especialista con experiencia o un experto en su materia, que tiene al menos una licenciatura y que dirige los cursos ofrecidos en la Plataforma.<br \/>1.4. El <strong>Contrato<\/strong> se celebra entre el Cliente y el Profesor\/Especialista.<br \/>1.5. Linkido O\u00dc (c\u00f3digo de registro 14505711, direcci\u00f3n Harju County, Harku Parish, Suurupi Village, Sombre Road 2, 76907, Estonia) es la empresa registrada en la Rep\u00fablica de Estonia propietaria de la Plataforma.<br \/>1.6. Las Condiciones Generales establecen las condiciones de uso de la Plataforma por parte del Cliente y los derechos y obligaciones de las partes.<\/p>\n<p><strong>2. Principios generales de las sesiones de tutor\u00eda organizadas por linkido.com<\/strong><br \/>2.1. Linkido.com es una plataforma de tutor\u00eda online que conecta a estudiantes con profesores\/especialistas cualificados para sesiones personalizadas de tutor\u00eda individual, adem\u00e1s de ofrecer cursos en grupo para experiencias de aprendizaje colaborativo.<br \/>2.2. Linkido.com no forma a los propios Clientes.<br \/>2.3. Linkido.com ofrece servicios de tutor\u00eda en una amplia gama de materias, como cursos escolares, cursos universitarios, cursos de inform\u00e1tica, cursos de idiomas, orientaci\u00f3n conductual y psicol\u00f3gica, y dise\u00f1o gr\u00e1fico.<br \/>2.4. Toda la informaci\u00f3n sobre cursos espec\u00edficos y sesiones de tutor\u00eda se publicar\u00e1 en la Plataforma en la introducci\u00f3n del curso espec\u00edfico.<br \/>2.5. Toda la informaci\u00f3n sobre un profesor\/especialista concreto se publicar\u00e1 en la Plataforma en la presentaci\u00f3n del profesor\/especialista concreto.<br \/>2.6. Salvo que se indique lo contrario en la introducci\u00f3n de los cursos, se aplicar\u00e1n las siguientes normas:<br \/>2.6.1. La tutor\u00eda online en linkido.com se realiza a trav\u00e9s de un aula virtual, donde el Cliente y el Profesor\/Especialista pueden interactuar en tiempo real mediante v\u00eddeo y audio.<br \/>2.6.2. El aula virtual se puede utilizar con cualquier navegador y sistema operativo, y no es necesario descargar software adicional.<br \/>2.6.3. Todos los materiales de estudio de los cursos los proporcionan exclusivamente los profesores\/especialistas. La plataforma Linkido no proporciona ni carga ning\u00fan material por su cuenta, y Linkido no asume ninguna responsabilidad por ning\u00fan material cargado por los profesores\/especialistas.<br \/>2.6.4. El Cliente puede elegir un Profesor\/Especialista de la selecci\u00f3n de la Plataforma y reservar una cita.<br \/>2.6.5. Tras elegir un Profesor\/Especialista, el Cliente puede ponerse en contacto con \u00e9l y describirle los objetivos de aprendizaje y hacerle preguntas.<br \/>2.6.6. El Profesor\/Especialista ofrecer\u00e1 una soluci\u00f3n personalizada para satisfacer las necesidades del Cliente o formular\u00e1 las preguntas adicionales que sean necesarias.<br \/>2.6.7. Los profesores\/especialistas suelen responder en 24 horas, pero los tiempos de respuesta pueden variar en funci\u00f3n de su disponibilidad.<br \/>2.6.8. Linkido.com no puede garantizar que el Profesor\/Especialista responda a todas las preguntas pero, si es posible, el Profesor\/Especialista intentar\u00e1 proceder a partir de las preguntas enviadas con antelaci\u00f3n al preparar la formaci\u00f3n.<br \/>2.6.9. La sesi\u00f3n de tutor\u00eda tendr\u00e1 lugar a la hora de estudio acordada en el aula virtual.<\/p>\n<p><strong>3. Compra y pago<\/strong><br \/>3.1. El Cliente debe crear una cuenta en linkido.com.<br \/>3.2. El Cliente debe confirmar que tiene al menos 18 a\u00f1os. El Cliente menor de edad debe confirmar que cuenta con el consentimiento de un representante legal.<br \/>3.3. El Cliente elegir\u00e1 un curso y un Profesor\/Especialista y se pondr\u00e1 en contacto con el Profesor\/Especialista.<br \/>3.4. Una vez que el Cliente haya discutido los requisitos de aprendizaje con el Profesor\/Especialista y acordado los detalles espec\u00edficos del curso, el Profesor\/Especialista enviar\u00e1 un enlace personalizado que incluir\u00e1 la cantidad de horas, el tiempo de estudio acordado, el precio y las instrucciones de pago.<br \/>3.5. Los profesores\/especialistas determinan el precio del curso para cada Cliente individualmente, bas\u00e1ndose en el curso espec\u00edfico, los deseos del Cliente y el tiempo de estudio acordado.<br \/>3.6. El precio del curso se calcula en euros.<br \/>3.7. El servicio de pago lo proporciona la pasarela de pago Stripe, que est\u00e1 integrada en el sitio web.<\/p>\n<p><strong>4. Derecho de desistimiento<\/strong><br \/>4.1. El Cliente puede rescindir el contrato en un plazo de 14 d\u00edas sin indicar el motivo.<br \/>4.2. El plazo comenzar\u00e1 a contar a partir del d\u00eda de celebraci\u00f3n del contrato. El contrato se considera concluido si el Cliente y el Profesor\/Especialista han llegado a un acuerdo sobre las circunstancias especificadas en la cl\u00e1usula 3.4, y el Cliente ha realizado el pago.<br \/>4.3. El Cliente puede desistir del contrato rellenando el formulario de desistimiento disponible en <a href=\"https:\/\/linkido.com\/es\/reclamaciones\/\" target=\"_blank\" rel=\"noopener\">https:\/\/linkido.com\/claims<\/a> o enviando una notificaci\u00f3n de desistimiento a la direcci\u00f3n de correo electr\u00f3nico de la Plataforma info@linkido.com.<br \/>4.4. Tras la recepci\u00f3n de una solicitud de desistimiento, linkido.com devolver\u00e1 al Cliente inmediatamente, pero a m\u00e1s tardar en un plazo de 14 d\u00edas, todos los pagos recibidos del Cliente en base al contrato.<br \/>4.5. Si el Cliente deseaba que los cursos comenzaran durante el periodo de desistimiento especificado en la cl\u00e1usula 4.1, el Cliente deber\u00e1 abonar una cantidad proporcional a los cursos realizados hasta el momento en que anunci\u00f3 su deseo de desistir del contrato, en comparaci\u00f3n con el importe total del contrato.<br \/>4.6. En el caso descrito en la cl\u00e1usula 4.5, linkido.com devolver\u00e1 al Cliente inmediatamente, pero a m\u00e1s tardar a los 14 d\u00edas, los pagos proporcionales a los cursos realizados por el Cliente.<br \/>4.7. El Cliente no podr\u00e1 hacer uso del derecho de desistimiento especificado en la cl\u00e1usula 4.1 si ha completado los cursos en su totalidad.<\/p>\n<p><strong>5. Derechos y obligaciones del Cliente<\/strong><br \/>5.1. El Cliente se compromete a utilizar la plataforma linkido.com de conformidad con la ley, las buenas pr\u00e1cticas y las normas de linkido.com.<br \/>5.2. El Cliente no tiene derecho a transferir la participaci\u00f3n en los cursos a terceros.<br \/>5.3. El Cliente puede cambiar de profesor\/especialista en el plazo de 7 d\u00edas desde el inicio de los cursos si no est\u00e1 satisfecho con el profesor\/especialista.<br \/>5.4. El Cliente tiene derecho a participar en las sesiones de tutor\u00eda en el horario acordado.<br \/>5.5. Si el Profesor\/Especialista no puede llevar a cabo la sesi\u00f3n de tutor\u00eda a la hora acordada, el Profesor\/Especialista se pondr\u00e1 en contacto con el Cliente inmediatamente y le ofrecer\u00e1 una nueva hora o un reembolso.<br \/>5.6. Si el Cliente no puede participar en la sesi\u00f3n de tutor\u00eda a la hora acordada, se pondr\u00e1 en contacto con el Profesor\/Especialista inmediatamente, pero a m\u00e1s tardar 1 d\u00eda antes de la sesi\u00f3n de tutor\u00eda. El Profesor\/Especialista ofrecer\u00e1 una nueva hora si el Cliente se lo ha notificado a tiempo. Si el Cliente ha avisado al Profesor\/Especialista m\u00e1s tarde de 1 d\u00eda antes de la sesi\u00f3n de tutor\u00eda, el Profesor\/Especialista no tiene que ofrecer una nueva hora, y el pago no se reembolsa.<br \/>5.7. Si el Cliente experimenta dificultades t\u00e9cnicas durante una sesi\u00f3n de tutor\u00eda, el soporte o asistencia de la Plataforma ayudar\u00e1 al Cliente.<\/p>\n<p><strong>6. Derechos y obligaciones del profesor\/especialista<\/strong><br \/>6.1. El Profesor\/Especialista se compromete a utilizar la plataforma linkido.com de conformidad con la ley, las buenas pr\u00e1cticas y las normas de linkido.com.<br \/>6.2. El Profesor\/Especialista no tiene derecho a transferir la realizaci\u00f3n de los cursos a terceros.<br \/>6.3. El Profesor\/Especialista debe garantizar que tiene al menos una licenciatura y otras cualificaciones necesarias para impartir los cursos.<br \/>6.3.1. Los profesores que imparten cursos escolares y universitarios deben tener formaci\u00f3n pedag\u00f3gica.<br \/>6.3.2. Los especialistas que prestan asesoramiento psicol\u00f3gico deben tener un certificado profesional.<br \/>6.4. El Profesor\/Especialista responder\u00e1 a las peticiones del Cliente normalmente en 24 horas, pero no m\u00e1s tarde de 3 d\u00edas.<br \/>6.5. El Profesor\/Especialista preparar\u00e1 un programa individual para cada Cliente basado en los deseos del Cliente.<br \/>6.6. El Profesor\/Especialista enviar\u00e1 un enlace personalizado al Cliente, que incluye el n\u00famero de horas, el tiempo de estudio acordado, el precio y las instrucciones de pago.<br \/>6.7. El Profesor\/Especialista paga los impuestos sobre la tasa percibida.<br \/>6.8. El Profesor\/Especialista recibe una comisi\u00f3n espec\u00edfica de la plataforma por cada curso que crea.<br \/>6.9. El Profesor\/Especialista llevar\u00e1 a cabo la sesi\u00f3n de tutor\u00eda a la hora acordada.<br \/>6.10. Si el Profesor\/Especialista no puede llevar a cabo la sesi\u00f3n de tutor\u00eda a la hora acordada, el Profesor\/Especialista se pondr\u00e1 en contacto con el Cliente inmediatamente y le ofrecer\u00e1 una nueva hora o un reembolso.<\/p>\n<p><strong>7. Derechos y obligaciones de la Plataforma<\/strong><br \/>7.1. La Plataforma conecta a los estudiantes con profesores\/especialistas cualificados para sesiones personalizadas de tutor\u00eda individual, adem\u00e1s de ofrecer cursos en grupo para experiencias de aprendizaje colaborativo.<br \/>7.2. La Plataforma se ocupa de la publicidad y la b\u00fasqueda de profesores\/especialistas y clientes.<br \/>7.3. La Plataforma ofrece ayuda en caso de dificultades t\u00e9cnicas.<br \/>7.4. La Plataforma tiene derecho a pedir una comisi\u00f3n a los profesores\/especialistas.<br \/>7.5. La Plataforma tiene derecho a comprobar que los profesores\/especialistas cumplen las cualificaciones y otras normas de la plataforma.<br \/>7.6. En caso de violaci\u00f3n reiterada de las normas de la Plataforma, \u00e9sta tiene derecho a suspender el acceso a la Plataforma.<\/p>\n<p><strong>8. Responsabilidad<\/strong><br \/>8.1. El proveedor de servicios s\u00f3lo es responsable ante el Cliente por el incumplimiento de una obligaci\u00f3n, que haya sido causado intencionadamente o por negligencia grave.<br \/>8.2. La Plataforma no es responsable de la calidad de la educaci\u00f3n.<\/p>\n<p><strong>9. Resolver conflictos<\/strong><br \/>9.1. Si el Cliente tiene alguna reclamaci\u00f3n, deber\u00e1 dirigirla mediante el formulario disponible en la Plataforma en <a href=\"https:\/\/linkido.com\/es\/reclamaciones\/\" target=\"_blank\" rel=\"noopener\">https:\/\/linkido.com\/claims.<\/a><br \/>9.2. Los conflictos entre las Partes se resolver\u00e1n mediante negociaciones entre las Partes.<br \/>9.3. En caso de incumplimiento de los t\u00e9rminos del contrato, el Cliente puede recurrir a los recursos legales previstos por la ley: 1) exigir el cumplimiento de la obligaci\u00f3n; 2) Retener el cumplimiento de una obligaci\u00f3n debida por el acreedor; 3) Exigir una indemnizaci\u00f3n por da\u00f1os y perjuicios; 4) rescindir o anular el contrato; 5) reduce el precio; 6) en caso de retraso en el cumplimiento de una obligaci\u00f3n dineraria, exigir el pago de una multa por demora.<br \/>9.4. Si los conflictos no pueden resolverse mediante negociaciones, el Cliente puede recurrir a la Comisi\u00f3n de Conflictos de los Consumidores. Las condiciones procesales pueden consultarse <a href=\"https:\/\/ttja.ee\/en\/consumer-disputes-committee\" target=\"_blank\" rel=\"noopener\">aqu\u00ed<\/a>.<\/p>\n<p><strong>10. Disposiciones finales<\/strong><br \/>10.1. La ley de la Rep\u00fablica de Estonia se aplicar\u00e1 a las Condiciones Generales, y la ley de la Rep\u00fablica de Estonia ser\u00e1 la ley aplicable en \u00faltima instancia.<br \/>10.2. Los litigios se resolver\u00e1n en los tribunales de la Rep\u00fablica de Estonia.<br \/>10.3. La invalidez o nulidad de una disposici\u00f3n individual de las Condiciones Generales no conllevar\u00e1 la invalidez de todas o cualesquiera otras disposiciones de las Condiciones Generales.<br \/>10.4. Linkido O\u00dc tiene derecho a modificar unilateralmente las Condiciones Generales. Linkido O\u00dc publicar\u00e1 la versi\u00f3n revisada de las Condiciones Generales en el sitio web (https:\/\/linkido.com).<\/p>\n\t\t\t\t\t\t\t\t<\/div>\n\t\t\t\t<\/div>\n\t\t\t\t\t<\/div>\n\t\t<\/div>\n\t\t\t\t\t<\/div>\n\t\t<\/section>\n\t\t\t\t<\/div>\n\t\t","protected":false},"excerpt":{"rendered":"<p>Condiciones generales de Linkido 1. Disposiciones generales1.1. La Plataforma es el sitio web linkido.com.1.2. El Cliente es una persona f\u00edsica o jur\u00eddica que ha creado una cuenta de usuario de la Plataforma.1.3. El Profesor\/Especialista es un profesor titulado, un especialista con experiencia o un experto en su materia, que tiene al menos una licenciatura y&hellip;<\/p>\n","protected":false},"author":1,"featured_media":0,"parent":0,"menu_order":0,"comment_status":"closed","ping_status":"closed","template":"elementor_header_footer","meta":{"footnotes":""},"class_list":["post-16088","page","type-page","status-publish","hentry"],"yoast_head":"<!-- This site is optimized with the Yoast SEO plugin v24.7 - https:\/\/yoast.com\/wordpress\/plugins\/seo\/ -->\n<title>T\u00e9rminos de servicio - Linkido<\/title>\n<meta name=\"robots\" content=\"index, follow, max-snippet:-1, max-image-preview:large, max-video-preview:-1\" \/>\n<link rel=\"canonical\" href=\"https:\/\/linkido.com\/terms-of-service\/\" \/>\n<meta property=\"og:locale\" content=\"es_ES\" \/>\n<meta property=\"og:type\" content=\"article\" \/>\n<meta property=\"og:title\" content=\"T\u00e9rminos de servicio - Linkido\" \/>\n<meta property=\"og:description\" content=\"Condiciones generales de Linkido 1. Disposiciones generales1.1. La Plataforma es el sitio web linkido.com.1.2. El Cliente es una persona f\u00edsica o jur\u00eddica que ha creado una cuenta de usuario de la Plataforma.1.3. El Profesor\/Especialista es un profesor titulado, un especialista con experiencia o un experto en su materia, que tiene al menos una licenciatura y&hellip;\" \/>\n<meta property=\"og:url\" content=\"https:\/\/linkido.com\/terms-of-service\/\" \/>\n<meta property=\"og:site_name\" content=\"Linkido\" \/>\n<meta property=\"article:modified_time\" content=\"2023-07-27T22:14:32+00:00\" \/>\n<meta name=\"twitter:card\" content=\"summary_large_image\" \/>\n<meta name=\"twitter:label1\" content=\"Tiempo de lectura\" \/>\n\t<meta name=\"twitter:data1\" content=\"9 minutos\" \/>\n<script type=\"application\/ld+json\" class=\"yoast-schema-graph\">{\"@context\":\"https:\/\/schema.org\",\"@graph\":[{\"@type\":\"WebPage\",\"@id\":\"https:\/\/linkido.com\/terms-of-service\/\",\"url\":\"https:\/\/linkido.com\/terms-of-service\/\",\"name\":\"T\u00e9rminos de servicio - Linkido\",\"isPartOf\":{\"@id\":\"https:\/\/linkido.com\/#website\"},\"datePublished\":\"2020-09-27T12:07:34+00:00\",\"dateModified\":\"2023-07-27T22:14:32+00:00\",\"breadcrumb\":{\"@id\":\"https:\/\/linkido.com\/terms-of-service\/#breadcrumb\"},\"inLanguage\":\"es\",\"potentialAction\":[{\"@type\":\"ReadAction\",\"target\":[\"https:\/\/linkido.com\/terms-of-service\/\"]}]},{\"@type\":\"BreadcrumbList\",\"@id\":\"https:\/\/linkido.com\/terms-of-service\/#breadcrumb\",\"itemListElement\":[{\"@type\":\"ListItem\",\"position\":1,\"name\":\"Home\",\"item\":\"https:\/\/linkido.com\/\"},{\"@type\":\"ListItem\",\"position\":2,\"name\":\"T\u00e9rminos de servicio\"}]},{\"@type\":\"WebSite\",\"@id\":\"https:\/\/linkido.com\/#website\",\"url\":\"https:\/\/linkido.com\/\",\"name\":\"Linkido\",\"description\":\"Online Learning Platform\",\"publisher\":{\"@id\":\"https:\/\/linkido.com\/#organization\"},\"potentialAction\":[{\"@type\":\"SearchAction\",\"target\":{\"@type\":\"EntryPoint\",\"urlTemplate\":\"https:\/\/linkido.com\/?s={search_term_string}\"},\"query-input\":{\"@type\":\"PropertyValueSpecification\",\"valueRequired\":true,\"valueName\":\"search_term_string\"}}],\"inLanguage\":\"es\"},{\"@type\":\"Organization\",\"@id\":\"https:\/\/linkido.com\/#organization\",\"name\":\"Linkido\",\"url\":\"https:\/\/linkido.com\/\",\"logo\":{\"@type\":\"ImageObject\",\"inLanguage\":\"es\",\"@id\":\"https:\/\/linkido.com\/#\/schema\/logo\/image\/\",\"url\":\"https:\/\/linkido.com\/wp-content\/uploads\/2023\/02\/vertical-alignment-1.svg\",\"contentUrl\":\"https:\/\/linkido.com\/wp-content\/uploads\/2023\/02\/vertical-alignment-1.svg\",\"width\":512,\"height\":512,\"caption\":\"Linkido\"},\"image\":{\"@id\":\"https:\/\/linkido.com\/#\/schema\/logo\/image\/\"}}]}<\/script>\n<!-- \/ Yoast SEO plugin. -->","yoast_head_json":{"title":"T\u00e9rminos de servicio - Linkido","robots":{"index":"index","follow":"follow","max-snippet":"max-snippet:-1","max-image-preview":"max-image-preview:large","max-video-preview":"max-video-preview:-1"},"canonical":"https:\/\/linkido.com\/terms-of-service\/","og_locale":"es_ES","og_type":"article","og_title":"T\u00e9rminos de servicio - Linkido","og_description":"Condiciones generales de Linkido 1. Disposiciones generales1.1. La Plataforma es el sitio web linkido.com.1.2. El Cliente es una persona f\u00edsica o jur\u00eddica que ha creado una cuenta de usuario de la Plataforma.1.3. El Profesor\/Especialista es un profesor titulado, un especialista con experiencia o un experto en su materia, que tiene al menos una licenciatura y&hellip;","og_url":"https:\/\/linkido.com\/terms-of-service\/","og_site_name":"Linkido","article_modified_time":"2023-07-27T22:14:32+00:00","twitter_card":"summary_large_image","twitter_misc":{"Tiempo de lectura":"9 minutos"},"schema":{"@context":"https:\/\/schema.org","@graph":[{"@type":"WebPage","@id":"https:\/\/linkido.com\/terms-of-service\/","url":"https:\/\/linkido.com\/terms-of-service\/","name":"T\u00e9rminos de servicio - Linkido","isPartOf":{"@id":"https:\/\/linkido.com\/#website"},"datePublished":"2020-09-27T12:07:34+00:00","dateModified":"2023-07-27T22:14:32+00:00","breadcrumb":{"@id":"https:\/\/linkido.com\/terms-of-service\/#breadcrumb"},"inLanguage":"es","potentialAction":[{"@type":"ReadAction","target":["https:\/\/linkido.com\/terms-of-service\/"]}]},{"@type":"BreadcrumbList","@id":"https:\/\/linkido.com\/terms-of-service\/#breadcrumb","itemListElement":[{"@type":"ListItem","position":1,"name":"Home","item":"https:\/\/linkido.com\/"},{"@type":"ListItem","position":2,"name":"T\u00e9rminos de servicio"}]},{"@type":"WebSite","@id":"https:\/\/linkido.com\/#website","url":"https:\/\/linkido.com\/","name":"Linkido","description":"Online Learning Platform","publisher":{"@id":"https:\/\/linkido.com\/#organization"},"potentialAction":[{"@type":"SearchAction","target":{"@type":"EntryPoint","urlTemplate":"https:\/\/linkido.com\/?s={search_term_string}"},"query-input":{"@type":"PropertyValueSpecification","valueRequired":true,"valueName":"search_term_string"}}],"inLanguage":"es"},{"@type":"Organization","@id":"https:\/\/linkido.com\/#organization","name":"Linkido","url":"https:\/\/linkido.com\/","logo":{"@type":"ImageObject","inLanguage":"es","@id":"https:\/\/linkido.com\/#\/schema\/logo\/image\/","url":"https:\/\/linkido.com\/wp-content\/uploads\/2023\/02\/vertical-alignment-1.svg","contentUrl":"https:\/\/linkido.com\/wp-content\/uploads\/2023\/02\/vertical-alignment-1.svg","width":512,"height":512,"caption":"Linkido"},"image":{"@id":"https:\/\/linkido.com\/#\/schema\/logo\/image\/"}}]}},"_links":{"self":[{"href":"https:\/\/linkido.com\/es\/wp-json\/wp\/v2\/pages\/16088","targetHints":{"allow":["GET"]}}],"collection":[{"href":"https:\/\/linkido.com\/es\/wp-json\/wp\/v2\/pages"}],"about":[{"href":"https:\/\/linkido.com\/es\/wp-json\/wp\/v2\/types\/page"}],"author":[{"embeddable":true,"href":"https:\/\/linkido.com\/es\/wp-json\/wp\/v2\/users\/1"}],"replies":[{"embeddable":true,"href":"https:\/\/linkido.com\/es\/wp-json\/wp\/v2\/comments?post=16088"}],"version-history":[{"count":5,"href":"https:\/\/linkido.com\/es\/wp-json\/wp\/v2\/pages\/16088\/revisions"}],"predecessor-version":[{"id":17403,"href":"https:\/\/linkido.com\/es\/wp-json\/wp\/v2\/pages\/16088\/revisions\/17403"}],"wp:attachment":[{"href":"https:\/\/linkido.com\/es\/wp-json\/wp\/v2\/media?parent=16088"}],"curies":[{"name":"wp","href":"https:\/\/api.w.org\/{rel}","templated":true}]}}