{"id":18083,"date":"2023-08-10T00:37:41","date_gmt":"2023-08-09T21:37:41","guid":{"rendered":"https:\/\/linkido.com\/profesores-educacion-especial-logopedia-todos\/"},"modified":"2023-10-12T21:19:36","modified_gmt":"2023-10-12T18:19:36","slug":"profesores-educacion-especial-logopedia-todos","status":"publish","type":"page","link":"https:\/\/linkido.com\/es\/profesores-educacion-especial-logopedia-todos\/","title":{"rendered":"Profesores-Educaci\u00f3n Especial-Logopedia-Todos"},"content":{"rendered":"\t\t<div data-elementor-type=\"wp-page\" data-elementor-id=\"18083\" class=\"elementor elementor-18083 elementor-17940\" data-elementor-post-type=\"page\">\n\t\t\t\t\t\t<section class=\"elementor-section elementor-inner-section elementor-element elementor-element-8a6d1a1 elementor-section-boxed elementor-section-height-default elementor-section-height-default\" data-id=\"8a6d1a1\" data-element_type=\"section\" data-e-type=\"section\">\n\t\t\t\t\t\t<div class=\"elementor-container elementor-column-gap-wider\">\n\t\t\t\t\t<div class=\"elementor-column elementor-col-100 elementor-inner-column elementor-element elementor-element-ba46aaf\" data-id=\"ba46aaf\" data-element_type=\"column\" data-e-type=\"column\">\n\t\t\t<div class=\"elementor-widget-wrap elementor-element-populated\">\n\t\t\t\t\t\t<div class=\"elementor-element elementor-element-ed9591b elementor-widget elementor-widget-heading\" data-id=\"ed9591b\" data-element_type=\"widget\" data-e-type=\"widget\" data-widget_type=\"heading.default\">\n\t\t\t\t<div class=\"elementor-widget-container\">\n\t\t\t\t\t<h4 class=\"elementor-heading-title elementor-size-default\">Educaci\u00f3n Especial<\/h4>\t\t\t\t<\/div>\n\t\t\t\t<\/div>\n\t\t\t\t\t<\/div>\n\t\t<\/div>\n\t\t\t\t\t<\/div>\n\t\t<\/section>\n\t\t\t\t<section class=\"elementor-section elementor-top-section elementor-element elementor-element-c16c7af elementor-section-boxed elementor-section-height-default elementor-section-height-default\" data-id=\"c16c7af\" data-element_type=\"section\" data-e-type=\"section\">\n\t\t\t\t\t\t<div class=\"elementor-container elementor-column-gap-wider\">\n\t\t\t\t\t<div class=\"elementor-column elementor-col-100 elementor-top-column elementor-element elementor-element-401b85d9\" data-id=\"401b85d9\" data-element_type=\"column\" data-e-type=\"column\">\n\t\t\t<div class=\"elementor-widget-wrap elementor-element-populated\">\n\t\t\t\t\t\t<div class=\"elementor-element elementor-element-2ddf8620 arrows-relative-to-box_area slider-layout_1 slider-tablet-default slider-mobile-default slide-h-position-center preserve-img-ratio-cover bullets-small-dot-stroke elementor-widget elementor-widget-the7_content_carousel\" data-id=\"2ddf8620\" data-element_type=\"widget\" data-e-type=\"widget\" data-settings=\"{&quot;normal_arrow_bg_color&quot;:&quot;#0376EA&quot;,&quot;hover_arrow_bg_color&quot;:&quot;#025CB7&quot;,&quot;widget_columns&quot;:3,&quot;widget_columns_tablet&quot;:2,&quot;widget_columns_mobile&quot;:1,&quot;gap_between_posts&quot;:{&quot;unit&quot;:&quot;px&quot;,&quot;size&quot;:30,&quot;sizes&quot;:[]},&quot;gap_between_posts_tablet&quot;:{&quot;unit&quot;:&quot;px&quot;,&quot;size&quot;:&quot;&quot;,&quot;sizes&quot;:[]},&quot;gap_between_posts_mobile&quot;:{&quot;unit&quot;:&quot;px&quot;,&quot;size&quot;:&quot;&quot;,&quot;sizes&quot;:[]}}\" data-widget_type=\"the7_content_carousel.default\">\n\t\t\t\t<div class=\"elementor-widget-container\">\n\t\t\t\t\t<div class=\"owl-carousel text-and-icon-carousel elementor-owl-carousel-call the7-elementor-widget the7_content_carousel-2ddf8620\" data-scroll-mode=\"1\" data-auto-height=\"false\" data-speed=\"600\" data-autoplay=\"false\" data-autoplay_speed=\"\"><div  class=\"dt-owl-item-wrap elements-hover\"  ><div class=\"dt-owl-item-inner \"><div  class=\"dt-owl-item-image layzr-bg img-css-resize-wrapper\"> <img fetchpriority=\"high\" decoding=\"async\" width=\"1000\" height=\"1000\" src=\"data:image\/svg+xml,%3Csvg%20xmlns%3D&#039;http%3A%2F%2Fwww.w3.org%2F2000%2Fsvg&#039;%20viewBox%3D&#039;0%200%201000%201000&#039;%2F%3E\" class=\"attachment-full size-full preload-me aspect lazy lazy-load\" alt=\"\" sizes=\"(max-width: 1000px) 100vw, 1000px\" style=\"--ratio: 1000 \/ 1000;\" data-src=\"https:\/\/linkido.com\/wp-content\/uploads\/2023\/04\/7-opr-003.jpg\" loading=\"eager\" data-srcset=\"https:\/\/linkido.com\/wp-content\/uploads\/2023\/04\/7-opr-003.jpg 1000w, https:\/\/linkido.com\/wp-content\/uploads\/2023\/04\/7-opr-003-300x300.jpg 300w, https:\/\/linkido.com\/wp-content\/uploads\/2023\/04\/7-opr-003-200x200.jpg 200w, https:\/\/linkido.com\/wp-content\/uploads\/2023\/04\/7-opr-003-600x600.jpg 600w, https:\/\/linkido.com\/wp-content\/uploads\/2023\/04\/7-opr-003-150x150.jpg 150w, https:\/\/linkido.com\/wp-content\/uploads\/2023\/04\/7-opr-003-768x768.jpg 768w\" \/><\/div><h4  class=\"dt-owl-item-heading\">perfil de muestra<\/h4><div class=\"dt-owl-item-description\">Educaci\u00f3n Especial<\/div><div class=\"dt-slide-button box-button elementor-button elementor-size-sm\">Ver perfil y contacto<\/div><\/div><\/div><\/div><div class=\"owl-nav disabled\"><div class=\"owl-prev\" role=\"button\"><i class=\"the7feather- the7-feather-arrow-left\"><\/i><\/div><div class=\"owl-next\" role=\"button\"><i class=\"the7feather- the7-feather-arrow-right\"><\/i><\/div><\/div>\t\t\t\t<\/div>\n\t\t\t\t<\/div>\n\t\t\t\t\t<\/div>\n\t\t<\/div>\n\t\t\t\t\t<\/div>\n\t\t<\/section>\n\t\t\t\t<section class=\"elementor-section elementor-inner-section elementor-element elementor-element-ac875b0 elementor-section-boxed elementor-section-height-default elementor-section-height-default\" data-id=\"ac875b0\" data-element_type=\"section\" data-e-type=\"section\" id=\"teachers\">\n\t\t\t\t\t\t<div class=\"elementor-container elementor-column-gap-wider\">\n\t\t\t\t\t<div class=\"elementor-column elementor-col-100 elementor-inner-column elementor-element elementor-element-6184f229\" data-id=\"6184f229\" data-element_type=\"column\" data-e-type=\"column\">\n\t\t\t<div class=\"elementor-widget-wrap elementor-element-populated\">\n\t\t\t\t\t\t<div class=\"elementor-element elementor-element-4b8b551d elementor-widget elementor-widget-heading\" data-id=\"4b8b551d\" data-element_type=\"widget\" data-e-type=\"widget\" data-widget_type=\"heading.default\">\n\t\t\t\t<div class=\"elementor-widget-container\">\n\t\t\t\t\t<h4 class=\"elementor-heading-title elementor-size-default\">Logopedia<\/h4>\t\t\t\t<\/div>\n\t\t\t\t<\/div>\n\t\t\t\t\t<\/div>\n\t\t<\/div>\n\t\t\t\t\t<\/div>\n\t\t<\/section>\n\t\t\t\t<section class=\"elementor-section elementor-top-section elementor-element elementor-element-58b96261 elementor-section-boxed elementor-section-height-default elementor-section-height-default\" data-id=\"58b96261\" data-element_type=\"section\" data-e-type=\"section\">\n\t\t\t\t\t\t<div class=\"elementor-container elementor-column-gap-wider\">\n\t\t\t\t\t<div class=\"elementor-column elementor-col-100 elementor-top-column elementor-element elementor-element-70be997d\" data-id=\"70be997d\" data-element_type=\"column\" data-e-type=\"column\">\n\t\t\t<div class=\"elementor-widget-wrap elementor-element-populated\">\n\t\t\t\t\t\t<div class=\"elementor-element elementor-element-18d44d5a arrows-relative-to-box_area slider-layout_1 slider-tablet-default slider-mobile-default slide-h-position-center preserve-img-ratio-cover bullets-small-dot-stroke elementor-widget elementor-widget-the7_content_carousel\" data-id=\"18d44d5a\" data-element_type=\"widget\" data-e-type=\"widget\" data-settings=\"{&quot;normal_arrow_bg_color&quot;:&quot;#0376EA&quot;,&quot;hover_arrow_bg_color&quot;:&quot;#025CB7&quot;,&quot;widget_columns&quot;:3,&quot;widget_columns_tablet&quot;:2,&quot;widget_columns_mobile&quot;:1,&quot;gap_between_posts&quot;:{&quot;unit&quot;:&quot;px&quot;,&quot;size&quot;:30,&quot;sizes&quot;:[]},&quot;gap_between_posts_tablet&quot;:{&quot;unit&quot;:&quot;px&quot;,&quot;size&quot;:&quot;&quot;,&quot;sizes&quot;:[]},&quot;gap_between_posts_mobile&quot;:{&quot;unit&quot;:&quot;px&quot;,&quot;size&quot;:&quot;&quot;,&quot;sizes&quot;:[]}}\" data-widget_type=\"the7_content_carousel.default\">\n\t\t\t\t<div class=\"elementor-widget-container\">\n\t\t\t\t\t<div class=\"owl-carousel text-and-icon-carousel elementor-owl-carousel-call the7-elementor-widget the7_content_carousel-18d44d5a\" data-scroll-mode=\"1\" data-auto-height=\"false\" data-speed=\"600\" data-autoplay=\"false\" data-autoplay_speed=\"\"><div  class=\"dt-owl-item-wrap elements-hover\"  ><div class=\"dt-owl-item-inner \"><div  class=\"dt-owl-item-image layzr-bg img-css-resize-wrapper\"> <img fetchpriority=\"high\" decoding=\"async\" width=\"1000\" height=\"1000\" src=\"data:image\/svg+xml,%3Csvg%20xmlns%3D&#039;http%3A%2F%2Fwww.w3.org%2F2000%2Fsvg&#039;%20viewBox%3D&#039;0%200%201000%201000&#039;%2F%3E\" class=\"attachment-full size-full preload-me aspect lazy lazy-load\" alt=\"\" sizes=\"(max-width: 1000px) 100vw, 1000px\" style=\"--ratio: 1000 \/ 1000;\" data-src=\"https:\/\/linkido.com\/wp-content\/uploads\/2023\/04\/7-opr-003.jpg\" loading=\"eager\" data-srcset=\"https:\/\/linkido.com\/wp-content\/uploads\/2023\/04\/7-opr-003.jpg 1000w, https:\/\/linkido.com\/wp-content\/uploads\/2023\/04\/7-opr-003-300x300.jpg 300w, https:\/\/linkido.com\/wp-content\/uploads\/2023\/04\/7-opr-003-200x200.jpg 200w, https:\/\/linkido.com\/wp-content\/uploads\/2023\/04\/7-opr-003-600x600.jpg 600w, https:\/\/linkido.com\/wp-content\/uploads\/2023\/04\/7-opr-003-150x150.jpg 150w, https:\/\/linkido.com\/wp-content\/uploads\/2023\/04\/7-opr-003-768x768.jpg 768w\" \/><\/div><h4  class=\"dt-owl-item-heading\">perfil de muestra<\/h4><div class=\"dt-owl-item-description\">Logopedia<\/div><div class=\"dt-slide-button box-button elementor-button elementor-size-sm\">Ver perfil y contacto<\/div><\/div><\/div><\/div><div class=\"owl-nav disabled\"><div class=\"owl-prev\" role=\"button\"><i class=\"the7feather- the7-feather-arrow-left\"><\/i><\/div><div class=\"owl-next\" role=\"button\"><i class=\"the7feather- the7-feather-arrow-right\"><\/i><\/div><\/div>\t\t\t\t<\/div>\n\t\t\t\t<\/div>\n\t\t\t\t\t<\/div>\n\t\t<\/div>\n\t\t\t\t\t<\/div>\n\t\t<\/section>\n\t\t<div class=\"elementor-element elementor-element-257b4de9 e-flex e-con-boxed e-con e-parent\" data-id=\"257b4de9\" data-element_type=\"container\" data-e-type=\"container\">\n\t\t\t\t\t<div class=\"e-con-inner\">\n\t\t\t\t<div class=\"elementor-element elementor-element-4b675356 elementor-widget elementor-widget-spacer\" data-id=\"4b675356\" data-element_type=\"widget\" data-e-type=\"widget\" data-widget_type=\"spacer.default\">\n\t\t\t\t<div class=\"elementor-widget-container\">\n\t\t\t\t\t\t\t<div class=\"elementor-spacer\">\n\t\t\t<div class=\"elementor-spacer-inner\"><\/div>\n\t\t<\/div>\n\t\t\t\t\t\t<\/div>\n\t\t\t\t<\/div>\n\t\t\t\t\t<\/div>\n\t\t\t\t<\/div>\n\t\t\t\t<\/div>\n\t\t","protected":false},"excerpt":{"rendered":"<p>Educaci\u00f3n Especial perfil de muestra Educaci\u00f3n EspecialVer perfil y contacto Logopedia perfil de muestra LogopediaVer perfil y contacto<\/p>\n","protected":false},"author":1,"featured_media":0,"parent":0,"menu_order":0,"comment_status":"closed","ping_status":"closed","template":"elementor_header_footer","meta":{"footnotes":""},"class_list":["post-18083","page","type-page","status-publish","hentry"],"yoast_head":"<!-- This site is optimized with the Yoast SEO plugin v24.7 - https:\/\/yoast.com\/wordpress\/plugins\/seo\/ -->\n<title>Profesores-Educaci\u00f3n Especial-Logopedia-Todos - Linkido<\/title>\n<meta name=\"robots\" content=\"index, follow, max-snippet:-1, max-image-preview:large, max-video-preview:-1\" \/>\n<link rel=\"canonical\" href=\"https:\/\/linkido.com\/special-education-logopedics-all\/\" \/>\n<meta property=\"og:locale\" content=\"es_ES\" \/>\n<meta property=\"og:type\" content=\"article\" \/>\n<meta property=\"og:title\" content=\"Profesores-Educaci\u00f3n Especial-Logopedia-Todos - Linkido\" \/>\n<meta property=\"og:description\" content=\"Educaci\u00f3n Especial perfil de muestra Educaci\u00f3n EspecialVer perfil y contacto Logopedia perfil de muestra LogopediaVer perfil y contacto\" \/>\n<meta property=\"og:url\" content=\"https:\/\/linkido.com\/special-education-logopedics-all\/\" \/>\n<meta property=\"og:site_name\" content=\"Linkido\" \/>\n<meta property=\"article:modified_time\" content=\"2023-10-12T18:19:36+00:00\" \/>\n<meta name=\"twitter:card\" content=\"summary_large_image\" \/>\n<script type=\"application\/ld+json\" class=\"yoast-schema-graph\">{\"@context\":\"https:\/\/schema.org\",\"@graph\":[{\"@type\":\"WebPage\",\"@id\":\"https:\/\/linkido.com\/special-education-logopedics-all\/\",\"url\":\"https:\/\/linkido.com\/special-education-logopedics-all\/\",\"name\":\"Profesores-Educaci\u00f3n Especial-Logopedia-Todos - Linkido\",\"isPartOf\":{\"@id\":\"https:\/\/linkido.com\/#website\"},\"datePublished\":\"2023-08-09T21:37:41+00:00\",\"dateModified\":\"2023-10-12T18:19:36+00:00\",\"breadcrumb\":{\"@id\":\"https:\/\/linkido.com\/special-education-logopedics-all\/#breadcrumb\"},\"inLanguage\":\"es\",\"potentialAction\":[{\"@type\":\"ReadAction\",\"target\":[\"https:\/\/linkido.com\/special-education-logopedics-all\/\"]}]},{\"@type\":\"BreadcrumbList\",\"@id\":\"https:\/\/linkido.com\/special-education-logopedics-all\/#breadcrumb\",\"itemListElement\":[{\"@type\":\"ListItem\",\"position\":1,\"name\":\"Home\",\"item\":\"https:\/\/linkido.com\/\"},{\"@type\":\"ListItem\",\"position\":2,\"name\":\"Profesores-Educaci\u00f3n Especial-Logopedia-Todos\"}]},{\"@type\":\"WebSite\",\"@id\":\"https:\/\/linkido.com\/#website\",\"url\":\"https:\/\/linkido.com\/\",\"name\":\"Linkido\",\"description\":\"Online Learning Platform\",\"publisher\":{\"@id\":\"https:\/\/linkido.com\/#organization\"},\"potentialAction\":[{\"@type\":\"SearchAction\",\"target\":{\"@type\":\"EntryPoint\",\"urlTemplate\":\"https:\/\/linkido.com\/?s={search_term_string}\"},\"query-input\":{\"@type\":\"PropertyValueSpecification\",\"valueRequired\":true,\"valueName\":\"search_term_string\"}}],\"inLanguage\":\"es\"},{\"@type\":\"Organization\",\"@id\":\"https:\/\/linkido.com\/#organization\",\"name\":\"Linkido\",\"url\":\"https:\/\/linkido.com\/\",\"logo\":{\"@type\":\"ImageObject\",\"inLanguage\":\"es\",\"@id\":\"https:\/\/linkido.com\/#\/schema\/logo\/image\/\",\"url\":\"https:\/\/linkido.com\/wp-content\/uploads\/2023\/02\/vertical-alignment-1.svg\",\"contentUrl\":\"https:\/\/linkido.com\/wp-content\/uploads\/2023\/02\/vertical-alignment-1.svg\",\"width\":512,\"height\":512,\"caption\":\"Linkido\"},\"image\":{\"@id\":\"https:\/\/linkido.com\/#\/schema\/logo\/image\/\"}}]}<\/script>\n<!-- \/ Yoast SEO plugin. -->","yoast_head_json":{"title":"Profesores-Educaci\u00f3n Especial-Logopedia-Todos - Linkido","robots":{"index":"index","follow":"follow","max-snippet":"max-snippet:-1","max-image-preview":"max-image-preview:large","max-video-preview":"max-video-preview:-1"},"canonical":"https:\/\/linkido.com\/special-education-logopedics-all\/","og_locale":"es_ES","og_type":"article","og_title":"Profesores-Educaci\u00f3n Especial-Logopedia-Todos - Linkido","og_description":"Educaci\u00f3n Especial perfil de muestra Educaci\u00f3n EspecialVer perfil y contacto Logopedia perfil de muestra LogopediaVer perfil y contacto","og_url":"https:\/\/linkido.com\/special-education-logopedics-all\/","og_site_name":"Linkido","article_modified_time":"2023-10-12T18:19:36+00:00","twitter_card":"summary_large_image","schema":{"@context":"https:\/\/schema.org","@graph":[{"@type":"WebPage","@id":"https:\/\/linkido.com\/special-education-logopedics-all\/","url":"https:\/\/linkido.com\/special-education-logopedics-all\/","name":"Profesores-Educaci\u00f3n Especial-Logopedia-Todos - Linkido","isPartOf":{"@id":"https:\/\/linkido.com\/#website"},"datePublished":"2023-08-09T21:37:41+00:00","dateModified":"2023-10-12T18:19:36+00:00","breadcrumb":{"@id":"https:\/\/linkido.com\/special-education-logopedics-all\/#breadcrumb"},"inLanguage":"es","potentialAction":[{"@type":"ReadAction","target":["https:\/\/linkido.com\/special-education-logopedics-all\/"]}]},{"@type":"BreadcrumbList","@id":"https:\/\/linkido.com\/special-education-logopedics-all\/#breadcrumb","itemListElement":[{"@type":"ListItem","position":1,"name":"Home","item":"https:\/\/linkido.com\/"},{"@type":"ListItem","position":2,"name":"Profesores-Educaci\u00f3n Especial-Logopedia-Todos"}]},{"@type":"WebSite","@id":"https:\/\/linkido.com\/#website","url":"https:\/\/linkido.com\/","name":"Linkido","description":"Online Learning Platform","publisher":{"@id":"https:\/\/linkido.com\/#organization"},"potentialAction":[{"@type":"SearchAction","target":{"@type":"EntryPoint","urlTemplate":"https:\/\/linkido.com\/?s={search_term_string}"},"query-input":{"@type":"PropertyValueSpecification","valueRequired":true,"valueName":"search_term_string"}}],"inLanguage":"es"},{"@type":"Organization","@id":"https:\/\/linkido.com\/#organization","name":"Linkido","url":"https:\/\/linkido.com\/","logo":{"@type":"ImageObject","inLanguage":"es","@id":"https:\/\/linkido.com\/#\/schema\/logo\/image\/","url":"https:\/\/linkido.com\/wp-content\/uploads\/2023\/02\/vertical-alignment-1.svg","contentUrl":"https:\/\/linkido.com\/wp-content\/uploads\/2023\/02\/vertical-alignment-1.svg","width":512,"height":512,"caption":"Linkido"},"image":{"@id":"https:\/\/linkido.com\/#\/schema\/logo\/image\/"}}]}},"_links":{"self":[{"href":"https:\/\/linkido.com\/es\/wp-json\/wp\/v2\/pages\/18083","targetHints":{"allow":["GET"]}}],"collection":[{"href":"https:\/\/linkido.com\/es\/wp-json\/wp\/v2\/pages"}],"about":[{"href":"https:\/\/linkido.com\/es\/wp-json\/wp\/v2\/types\/page"}],"author":[{"embeddable":true,"href":"https:\/\/linkido.com\/es\/wp-json\/wp\/v2\/users\/1"}],"replies":[{"embeddable":true,"href":"https:\/\/linkido.com\/es\/wp-json\/wp\/v2\/comments?post=18083"}],"version-history":[{"count":13,"href":"https:\/\/linkido.com\/es\/wp-json\/wp\/v2\/pages\/18083\/revisions"}],"predecessor-version":[{"id":22593,"href":"https:\/\/linkido.com\/es\/wp-json\/wp\/v2\/pages\/18083\/revisions\/22593"}],"wp:attachment":[{"href":"https:\/\/linkido.com\/es\/wp-json\/wp\/v2\/media?parent=18083"}],"curies":[{"name":"wp","href":"https:\/\/api.w.org\/{rel}","templated":true}]}}