{"id":14760,"date":"2020-09-27T15:07:34","date_gmt":"2020-09-27T12:07:34","guid":{"rendered":"https:\/\/linkido.com\/teenuse-tingimused\/"},"modified":"2024-09-11T13:17:49","modified_gmt":"2024-09-11T10:17:49","slug":"teenuse-tingimused","status":"publish","type":"page","link":"https:\/\/linkido.com\/et\/teenuse-tingimused\/","title":{"rendered":"Teenuse tingimused"},"content":{"rendered":"\t\t<div data-elementor-type=\"wp-page\" data-elementor-id=\"14760\" class=\"elementor elementor-14760 elementor-2385\" data-elementor-post-type=\"page\">\n\t\t\t\t\t\t<section class=\"elementor-section elementor-top-section elementor-element elementor-element-56c3ec3 elementor-section-boxed elementor-section-height-default elementor-section-height-default\" data-id=\"56c3ec3\" data-element_type=\"section\" data-e-type=\"section\">\n\t\t\t\t\t\t<div class=\"elementor-container elementor-column-gap-wider\">\n\t\t\t\t\t<div class=\"elementor-column elementor-col-100 elementor-top-column elementor-element elementor-element-a45c362\" data-id=\"a45c362\" data-element_type=\"column\" data-e-type=\"column\">\n\t\t\t<div class=\"elementor-widget-wrap elementor-element-populated\">\n\t\t\t\t\t\t<div class=\"elementor-element elementor-element-e9bcd63 elementor-widget elementor-widget-text-editor\" data-id=\"e9bcd63\" data-element_type=\"widget\" data-e-type=\"widget\" data-widget_type=\"text-editor.default\">\n\t\t\t\t<div class=\"elementor-widget-container\">\n\t\t\t\t\t\t\t\t\t<h2>Linkido \u00fcldtingimused<\/h2>\n<p><strong>1. \u00dclds\u00e4tted<\/strong><br \/>1.1. <strong>Platvorm<\/strong> on veebileht linkido.com.<br \/>1.2. <strong>Klient<\/strong> on f\u00fc\u00fcsiline v\u00f5i juriidiline isik, kes on loonud platvormi kasutajakonto.<br \/>1.3. <strong>\u00d5petaja\/spetsialist<\/strong> on sertifitseeritud \u00f5petaja, kogenud spetsialist v\u00f5i oma ainevaldkonna ekspert, kellel on v\u00e4hemalt bakalaureusekraad ja kes viib l\u00e4bi platvormil pakutavaid kursusi.<br \/>1.4. <strong>Leping<\/strong> s\u00f5lmitakse kliendi ja \u00f5petaja\/spetsialisti vahel.<br \/>1.5. Linkido O\u00dc (registrikood 14505711, aadress Harju maakond, Harku vald, Suurupi k\u00fcla, Sombre tee 2, 76907, Eesti) on Eesti Vabariigis registreeritud \u00e4ri\u00fching, kellele kuulub Platvorm.<br \/>1.6. \u00dcldtingimused kehtestavad platvormi kasutamise tingimused kliendi poolt ning poolte \u00f5igused ja kohustused.<\/p>\n<p><strong>2. Linkido.com poolt korraldatud online \u00f5ppe \u00fcldp\u00f5him\u00f5tted<\/strong><br \/>2.1. Linkido.com on online \u00f5ppeplatvorm, mis \u00fchendab \u00f5pilased kvalifitseeritud \u00f5petajate\/spetsialistidega personaalseteks \u00fcks-\u00fchele-\u00f5ppesessioonideks, samuti pakub r\u00fchmakursusi \u00fchiseks \u00f5ppimiseks.<br \/>2.2. Linkido.com ei koolita kliente ise.<br \/>2.3. Linkido.com pakub juhendamisteenust paljudes erinevates ainetes, sealhulgas koolikursused, \u00fclikoolikursused, IT-kursused, keelekursused, k\u00e4itumis- ja ps\u00fchholoogiline n\u00f5ustamine ning graafiline disain.<br \/>2.4. Kogu teave konkreetsete kursuste ja juhendamissessioonide kohta avaldatakse platvormil konkreetse kursuse tutvustamisel.<br \/>2.5. Kogu teave konkreetse \u00f5petaja\/spetsialisti kohta avaldatakse platvormil konkreetse \u00f5petaja\/spetsialisti tutvustamisel.<br \/>2.6. Kui kursuste sissejuhatuses ei ole s\u00e4testatud teisiti, kehtivad j\u00e4rgmised eeskirjad:<br \/>2.6.1. Linkido.com veebi\u00f5petus toimub virtuaalses klassiruumis, kus klient ja \u00f5petaja\/spetsialist saavad suhelda reaalajas video ja heli abil.<br \/>2.6.2. Virtuaalne klassiruum sobib kasutamiseks mis tahes brauseri ja operatsioonis\u00fcsteemiga ning lisatarkvara ei ole vaja alla laadida.<br \/>2.6.3. K\u00f5ik \u00f5ppematerjalid kursustel on eranditult \u00f5petajate\/spetsialistide poolt. Linkido platvorm ei paku ega lae ise mingeid materjale \u00fcles ja Linkido ei v\u00f5ta vastutust \u00f5petajate\/spetsialistide poolt \u00fcleslaetud materjalide eest.<br \/>2.6.4. Klient saab valida \u00f5petaja\/spetsialisti platvormi valikust ja broneerida kohtumise.<br \/>2.6.5. P\u00e4rast \u00f5petaja\/spetsialisti valimist v\u00f5ib klient v\u00f5tta \u00fchendust \u00f5petaja\/spetsialistiga ning kirjeldada \u00f5ppe-eesm\u00e4rke ja esitada k\u00fcsimusi.<br \/>2.6.6. \u00d5petaja\/spetsialist pakub kliendi vajadustele kohandatud lahenduse v\u00f5i esitab vajadusel lisak\u00fcsimusi.<br \/>2.6.7. \u00d5petajad\/spetsialistid vastavad tavaliselt 24 tunni jooksul, kuid vastamisaeg v\u00f5ib erineda s\u00f5ltuvalt nende k\u00e4ttesaadavusest.<br \/>2.6.8. Linkido.com ei saa garanteerida, et \u00f5petaja\/spetsialist vastab k\u00f5igile k\u00fcsimustele, kuid v\u00f5imalusel p\u00fc\u00fcab \u00f5petaja\/spetsialist l\u00e4htuda koolituse ettevalmistamisel eelnevalt saadetud k\u00fcsimustest.<br \/>2.6.9. Juhendamise sessioon toimub kokkulepitud ajal virtuaalses klassiruumis.<\/p>\n<p><strong>3. Ostmine ja maksmine<\/strong><br \/>3.1. Klient peab looma konto linkido.com.<br \/>3.2. Klient peab kinnitama, et ta on v\u00e4hemalt 18-aastane. Alaealine klient peab kinnitama, et tal on seadusliku esindaja n\u00f5usolek.<br \/>3.3. Klient valib kursuse ja \u00f5petaja\/spetsialisti ning v\u00f5tab \u00fchendust \u00f5petaja\/spetsialistiga.<br \/>3.4. Kui klient on \u00f5petaja\/spetsialistiga arutanud \u00f5ppimisn\u00f5udeid ja leppinud kokku kursuse konkreetsetes \u00fcksikasjades, saadab \u00f5petaja\/spetsialist personaalse lingi, mis sisaldab tundide arvu, kokkulepitud \u00f5ppeaega, hinda ja maksejuhiseid.<br \/>3.5. \u00d5petajad\/spetsialistid m\u00e4\u00e4ravad kursuse hinna igale kliendile individuaalselt, l\u00e4htudes konkreetsest kursusest, kliendi soovidest ja kokkulepitud \u00f5ppeajast.<br \/>3.6. Kursuse hind on arvestatud eurodes.<br \/>3.7. Makseteenust pakub Stripe&#8217;i maksev\u00e4rav, mis on integreeritud veebisaidile.<\/p>\n<p><strong>4. Taganemis\u00f5igus<\/strong><br \/>4.1. Klient v\u00f5ib lepingust taganeda 14 p\u00e4eva jooksul ilma p\u00f5hjendusi esitamata.<br \/>4.2. T\u00e4htaeg algab lepingu s\u00f5lmimise p\u00e4evast. Leping loetakse s\u00f5lmituks, kui klient ja \u00f5petaja\/spetsialist on kokku leppinud punktis 3.4 nimetatud asjaoludes ning klient on teinud makse.<br \/>4.3. Klient v\u00f5ib lepingust taganeda, t\u00e4ites taganemisvormi, mis on k\u00e4ttesaadav aadressil <a href=\"https:\/\/linkido.com\/et\/nouded\/\" target=\"_blank\" rel=\"noopener\">https:\/\/linkido.com\/claims<\/a>, v\u00f5i saates taganemisavalduse platvormi e-posti aadressile info@linkido.com.<br \/>4.4. Taganemisavalduse saamisel tagastab linkido.com kliendile viivitamata, kuid mitte hiljem kui 14 p\u00e4eva p\u00e4rast, k\u00f5ik kliendilt lepingu alusel saadud maksed.<br \/>4.5. Kui klient soovis, et kursused algaksid punktis 4.1 nimetatud taganemisperioodi jooksul, peab klient maksma summa, mis on proportsionaalne l\u00f5petatud kursustega kuni selle ajani, mil klient teatas oma soovist lepingust taganeda, v\u00f5rreldes lepingu kogusummaga.<br \/>4.6. Punktis 4.5 kirjeldatud juhul tagastab linkido.com kliendile viivitamatult, kuid mitte hiljem kui 14 p\u00e4eva p\u00e4rast makseid proportsionaalselt kliendi poolt l\u00e4bitud kursustega.<br \/>4.7. Klient ei saa kasutada punktis 4.1 s\u00e4testatud taganemis\u00f5igust, kui ta on kursused t\u00e4ielikult l\u00e4binud.<\/p>\n<p><strong>5. Kliendi \u00f5igused ja kohustused<\/strong><br \/>5.1. Klient kohustub kasutama linkido.com platvormi vastavalt seadusele, headele tavadele ja linkido.com reeglitele.<br \/>5.2. Kliendil ei ole \u00f5igust anda kursustel osalemist \u00fcle kolmandatele isikutele.<br \/>5.3. Klient v\u00f5ib \u00f5petajat\/spetsialisti vahetada 7 p\u00e4eva jooksul alates kursuste algusest, kui ta ei ole \u00f5petaja\/spetsialistiga rahul.<br \/>5.4. Kliendil on \u00f5igus osaleda juhendamissessioonidel kokkulepitud ajal.<br \/>5.5. Kui \u00f5petaja\/spetsialist ei saa kokkulepitud ajal juhendamist l\u00e4bi viia, v\u00f5tab \u00f5petaja\/spetsialist kliendiga viivitamatult \u00fchendust ja pakub uut aega v\u00f5i raha tagasi.<br \/>5.6. Kui klient ei saa kokkulepitud ajal juhendamissessioonil osaleda, v\u00f5tab klient viivitamatult, kuid mitte hiljem kui 1 p\u00e4ev enne juhendamissessiooni toimumist, \u00fchendust \u00f5petajaga\/spetsialistiga. \u00d5petaja\/spetsialist pakub uut aega, kui klient on sellest \u00d5petajale\/spetsialistile \u00f5igeaegselt teatanud. Kui klient on teatanud \u00f5petajale\/spetsialistile hiljem kui 1 p\u00e4ev enne juhendamissessiooni toimumist, ei pea \u00f5petaja\/spetsialist pakkuma uut aega ja makset ei tagastata.<br \/>5.7. Kui kliendil tekib juhendamissessiooni ajal tehnilisi raskusi, aitab platvormi tugi v\u00f5i abi klienti.<\/p>\n<p><strong>6. \u00d5petaja\/spetsialisti \u00f5igused ja kohustused<\/strong><br \/>6.1. \u00d5petaja\/spetsialist kohustub kasutama linkido.com platvormi vastavalt seadusele, headele tavadele ja linkido.com reeglitele.<br \/>6.2. \u00d5petajal\/spetsialistil ei ole \u00f5igust kursuste l\u00e4biviimist kolmandatele isikutele \u00fcle anda.<br \/>6.3. \u00d5petaja\/spetsialist peab tagama, et tal on v\u00e4hemalt bakalaureusekraad ja muu kursuste l\u00e4biviimiseks vajalik kvalifikatsioon.<br \/>6.3.1. Kooli- ja \u00fclikoolikursusi l\u00e4biviivatel \u00f5petajatel peab olema pedagoogiline haridus.<br \/>6.3.2. Ps\u00fchholoogilist n\u00f5ustamist pakkuvatel spetsialistidel peab olema kutsetunnistus.<br \/>6.4. \u00d5petaja\/spetsialist vastab kliendi p\u00e4ringutele tavaliselt 24 tunni jooksul, kuid mitte hiljem kui 3 p\u00e4eva jooksul.<br \/>6.5. \u00d5petaja\/spetsialist koostab igale kliendile individuaalse programmi, mis p\u00f5hineb kliendi soovidel.<br \/>6.6. \u00d5petaja\/spetsialist saadab kliendile personaalse lingi, mis sisaldab tundide arvu, kokkulepitud \u00f5ppeaega, hinda ja maksejuhiseid.<br \/>6.7. \u00d5petaja\/spetsialist maksab saadud tasu pealt makse.<br \/>6.8. \u00d5petaja\/spetsialist saab platvormilt konkreetse vahendustasu iga loodud kursuse eest.<br \/>6.9. \u00d5petaja\/spetsialist viib juhendamissessiooni l\u00e4bi kokkulepitud ajal.<br \/>6.10. Kui \u00f5petaja\/spetsialist ei saa kokkulepitud ajal juhendamist l\u00e4bi viia, v\u00f5tab \u00f5petaja\/spetsialist kliendiga viivitamatult \u00fchendust ja pakub uut aega v\u00f5i raha tagasi.<\/p>\n<p><strong>7. Platvormi \u00f5igused ja kohustused<\/strong><br \/>7.1. Platvorm \u00fchendab \u00f5pilased kvalifitseeritud \u00f5petajate\/spetsialistidega personaalset individuaalset \u00f5petamist, samuti pakub r\u00fchmakursusi \u00fchiste \u00f5pikogemuste saamiseks.<br \/>7.2. Platvorm tegeleb reklaami ja \u00f5petajate\/spetsialistide ning klientide leidmisega.<br \/>7.3. Platvorm pakub abi tehniliste probleemide korral.<br \/>7.4. Platvormil on \u00f5igus k\u00fcsida \u00f5petajatelt\/spetsialistidelt vahendustasu.<br \/>7.5. Platvormil on \u00f5igus kontrollida \u00f5petajate\/spetsialistide vastavust kvalifikatsioonile ja muudele platvormi eeskirjadele.<br \/>7.6. Platvormi reeglite korduva rikkumise korral on Platvormil \u00f5igus peatada juurdep\u00e4\u00e4s Platvormile.<\/p>\n<p><strong>8. Vastutus<\/strong><br \/>8.1. Teenuseosutaja vastutab kliendi ees ainult tahtlikult v\u00f5i raske hooletuse t\u00f5ttu p\u00f5hjustatud kohustuse t\u00e4itmata j\u00e4tmise eest.<br \/>8.2. Platvorm ei vastuta hariduse kvaliteedi eest.<\/p>\n<p><strong>9. Vaidluste lahendamine<\/strong><br \/>9.1. Kui kliendil on mingeid n\u00f5udeid, peab ta need esitama platvormil <a href=\"https:\/\/linkido.com\/et\/nouded\/\" target=\"_blank\" rel=\"noopener\">https:\/\/linkido.com\/claims<\/a> k\u00e4ttesaadaval vormil.<br \/>9.2. Lepinguosaliste vahelised vaidlused lahendatakse lepinguosaliste vaheliste l\u00e4bir\u00e4\u00e4kimiste teel.<br \/>9.3. Lepingu tingimuste t\u00e4itmata j\u00e4tmise korral v\u00f5ib klient tugineda seadusega etten\u00e4htud \u00f5iguskaitsevahenditele: 1) n\u00f5uda kohustuse t\u00e4itmist; 2) kohustuse t\u00e4itmisest keelduda, mis on kohustatud isiku poolt tasumisele kuuluv; 3) n\u00f5uda kahju h\u00fcvitamist; 4) lepingust taganeda v\u00f5i see \u00fcles \u00f6elda; 5) v\u00e4hendada hinda; 6) rahalise kohustuse t\u00e4itmisega viivitamise korral n\u00f5uda viivise maksmist.<br \/>9.4. Kui vaidlusi ei ole v\u00f5imalik lahendada l\u00e4bir\u00e4\u00e4kimiste teel, v\u00f5ib klient p\u00f6\u00f6rduda tarbijavaidluste komisjoni poole. Menetlustingimused leiate <a href=\"https:\/\/ttja.ee\/en\/consumer-disputes-committee\" target=\"_blank\" rel=\"noopener\">siit<\/a>.<\/p>\n<p><strong>10. L\u00f5pps\u00e4tted<\/strong><br \/>10.1. \u00dcldtingimuste suhtes kohaldatakse Eesti Vabariigi \u00f5igust ning Eesti Vabariigi \u00f5igus on l\u00f5plik kohaldatav \u00f5igus.<br \/>10.2. Vaidlused lahendatakse Eesti Vabariigi kohtutes.<br \/>10.3. \u00dcldtingimuste \u00fcksiku s\u00e4tte kehtetus v\u00f5i t\u00fchisus ei too kaasa \u00fcldtingimuste k\u00f5igi v\u00f5i mis tahes muude s\u00e4tete kehtetust.<br \/>10.4. Linkido O\u00dc-l on \u00f5igus muuta \u00fcldtingimusi \u00fchepoolselt. Linkido O\u00dc avaldab \u00fcldtingimuste muudetud versiooni veebilehel (https:\/\/linkido.com).<\/p>\n\t\t\t\t\t\t\t\t<\/div>\n\t\t\t\t<\/div>\n\t\t\t\t\t<\/div>\n\t\t<\/div>\n\t\t\t\t\t<\/div>\n\t\t<\/section>\n\t\t\t\t<\/div>\n\t\t","protected":false},"excerpt":{"rendered":"<p>Linkido \u00fcldtingimused 1. \u00dclds\u00e4tted 1.1. Platvorm on veebileht linkido.com. 1.2. Klient on f\u00fc\u00fcsiline v\u00f5i juriidiline isik, kes on loonud platvormi kasutajakonto. 1.3. \u00d5petaja\/spetsialist on sertifitseeritud \u00f5petaja, kogenud spetsialist v\u00f5i oma ainevaldkonna ekspert, kellel on v\u00e4hemalt bakalaureusekraad ja kes viib l\u00e4bi platvormil pakutavaid kursusi. 1.4. Leping s\u00f5lmitakse kliendi ja \u00f5petaja\/spetsialisti vahel. 1.5. Linkido O\u00dc (registrikood 14505711,&hellip;<\/p>\n","protected":false},"author":1,"featured_media":0,"parent":0,"menu_order":0,"comment_status":"closed","ping_status":"closed","template":"elementor_header_footer","meta":{"footnotes":""},"class_list":["post-14760","page","type-page","status-publish","hentry"],"yoast_head":"<!-- This site is optimized with the Yoast SEO plugin v24.7 - https:\/\/yoast.com\/wordpress\/plugins\/seo\/ -->\n<title>Linkido veebi\u00f5pe ja teenuse tingimused | Linkido<\/title>\n<meta name=\"description\" content=\"Linkido veebi\u00f5pe pakub erinevaid kursuseid ja \u00f5ppeprogramme, tutvu Linkido veebi\u00f5ppe teeenuse tingimustega.\" \/>\n<meta name=\"robots\" content=\"index, follow, max-snippet:-1, max-image-preview:large, max-video-preview:-1\" \/>\n<link rel=\"canonical\" href=\"https:\/\/linkido.com\/et\/teenuse-tingimused\/\" \/>\n<meta property=\"og:locale\" content=\"et_EE\" \/>\n<meta property=\"og:type\" content=\"article\" \/>\n<meta property=\"og:title\" content=\"Linkido veebi\u00f5pe ja teenuse tingimused | Linkido\" \/>\n<meta property=\"og:description\" content=\"Linkido veebi\u00f5pe pakub erinevaid kursuseid ja \u00f5ppeprogramme, tutvu Linkido veebi\u00f5ppe teeenuse tingimustega.\" \/>\n<meta property=\"og:url\" content=\"https:\/\/linkido.com\/et\/teenuse-tingimused\/\" \/>\n<meta property=\"og:site_name\" content=\"Linkido\" \/>\n<meta property=\"article:modified_time\" content=\"2024-09-11T10:17:49+00:00\" \/>\n<meta name=\"twitter:card\" content=\"summary_large_image\" \/>\n<meta name=\"twitter:label1\" content=\"Est. reading time\" \/>\n\t<meta name=\"twitter:data1\" content=\"5 minutit\" \/>\n<script type=\"application\/ld+json\" class=\"yoast-schema-graph\">{\"@context\":\"https:\/\/schema.org\",\"@graph\":[{\"@type\":\"WebPage\",\"@id\":\"https:\/\/linkido.com\/et\/teenuse-tingimused\/\",\"url\":\"https:\/\/linkido.com\/et\/teenuse-tingimused\/\",\"name\":\"Linkido veebi\u00f5pe ja teenuse tingimused | Linkido\",\"isPartOf\":{\"@id\":\"https:\/\/linkido.com\/#website\"},\"datePublished\":\"2020-09-27T12:07:34+00:00\",\"dateModified\":\"2024-09-11T10:17:49+00:00\",\"description\":\"Linkido veebi\u00f5pe pakub erinevaid kursuseid ja \u00f5ppeprogramme, tutvu Linkido veebi\u00f5ppe teeenuse tingimustega.\",\"breadcrumb\":{\"@id\":\"https:\/\/linkido.com\/et\/teenuse-tingimused\/#breadcrumb\"},\"inLanguage\":\"et\",\"potentialAction\":[{\"@type\":\"ReadAction\",\"target\":[\"https:\/\/linkido.com\/et\/teenuse-tingimused\/\"]}]},{\"@type\":\"BreadcrumbList\",\"@id\":\"https:\/\/linkido.com\/et\/teenuse-tingimused\/#breadcrumb\",\"itemListElement\":[{\"@type\":\"ListItem\",\"position\":1,\"name\":\"Home\",\"item\":\"https:\/\/linkido.com\/\"},{\"@type\":\"ListItem\",\"position\":2,\"name\":\"Teenuse tingimused\"}]},{\"@type\":\"WebSite\",\"@id\":\"https:\/\/linkido.com\/#website\",\"url\":\"https:\/\/linkido.com\/\",\"name\":\"Linkido\",\"description\":\"Online Learning Platform\",\"publisher\":{\"@id\":\"https:\/\/linkido.com\/#organization\"},\"potentialAction\":[{\"@type\":\"SearchAction\",\"target\":{\"@type\":\"EntryPoint\",\"urlTemplate\":\"https:\/\/linkido.com\/?s={search_term_string}\"},\"query-input\":{\"@type\":\"PropertyValueSpecification\",\"valueRequired\":true,\"valueName\":\"search_term_string\"}}],\"inLanguage\":\"et\"},{\"@type\":\"Organization\",\"@id\":\"https:\/\/linkido.com\/#organization\",\"name\":\"Linkido\",\"url\":\"https:\/\/linkido.com\/\",\"logo\":{\"@type\":\"ImageObject\",\"inLanguage\":\"et\",\"@id\":\"https:\/\/linkido.com\/#\/schema\/logo\/image\/\",\"url\":\"https:\/\/linkido.com\/wp-content\/uploads\/2023\/02\/vertical-alignment-1.svg\",\"contentUrl\":\"https:\/\/linkido.com\/wp-content\/uploads\/2023\/02\/vertical-alignment-1.svg\",\"width\":512,\"height\":512,\"caption\":\"Linkido\"},\"image\":{\"@id\":\"https:\/\/linkido.com\/#\/schema\/logo\/image\/\"}}]}<\/script>\n<!-- \/ Yoast SEO plugin. -->","yoast_head_json":{"title":"Linkido veebi\u00f5pe ja teenuse tingimused | Linkido","description":"Linkido veebi\u00f5pe pakub erinevaid kursuseid ja \u00f5ppeprogramme, tutvu Linkido veebi\u00f5ppe teeenuse tingimustega.","robots":{"index":"index","follow":"follow","max-snippet":"max-snippet:-1","max-image-preview":"max-image-preview:large","max-video-preview":"max-video-preview:-1"},"canonical":"https:\/\/linkido.com\/et\/teenuse-tingimused\/","og_locale":"et_EE","og_type":"article","og_title":"Linkido veebi\u00f5pe ja teenuse tingimused | Linkido","og_description":"Linkido veebi\u00f5pe pakub erinevaid kursuseid ja \u00f5ppeprogramme, tutvu Linkido veebi\u00f5ppe teeenuse tingimustega.","og_url":"https:\/\/linkido.com\/et\/teenuse-tingimused\/","og_site_name":"Linkido","article_modified_time":"2024-09-11T10:17:49+00:00","twitter_card":"summary_large_image","twitter_misc":{"Est. reading time":"5 minutit"},"schema":{"@context":"https:\/\/schema.org","@graph":[{"@type":"WebPage","@id":"https:\/\/linkido.com\/et\/teenuse-tingimused\/","url":"https:\/\/linkido.com\/et\/teenuse-tingimused\/","name":"Linkido veebi\u00f5pe ja teenuse tingimused | Linkido","isPartOf":{"@id":"https:\/\/linkido.com\/#website"},"datePublished":"2020-09-27T12:07:34+00:00","dateModified":"2024-09-11T10:17:49+00:00","description":"Linkido veebi\u00f5pe pakub erinevaid kursuseid ja \u00f5ppeprogramme, tutvu Linkido veebi\u00f5ppe teeenuse tingimustega.","breadcrumb":{"@id":"https:\/\/linkido.com\/et\/teenuse-tingimused\/#breadcrumb"},"inLanguage":"et","potentialAction":[{"@type":"ReadAction","target":["https:\/\/linkido.com\/et\/teenuse-tingimused\/"]}]},{"@type":"BreadcrumbList","@id":"https:\/\/linkido.com\/et\/teenuse-tingimused\/#breadcrumb","itemListElement":[{"@type":"ListItem","position":1,"name":"Home","item":"https:\/\/linkido.com\/"},{"@type":"ListItem","position":2,"name":"Teenuse tingimused"}]},{"@type":"WebSite","@id":"https:\/\/linkido.com\/#website","url":"https:\/\/linkido.com\/","name":"Linkido","description":"Online Learning Platform","publisher":{"@id":"https:\/\/linkido.com\/#organization"},"potentialAction":[{"@type":"SearchAction","target":{"@type":"EntryPoint","urlTemplate":"https:\/\/linkido.com\/?s={search_term_string}"},"query-input":{"@type":"PropertyValueSpecification","valueRequired":true,"valueName":"search_term_string"}}],"inLanguage":"et"},{"@type":"Organization","@id":"https:\/\/linkido.com\/#organization","name":"Linkido","url":"https:\/\/linkido.com\/","logo":{"@type":"ImageObject","inLanguage":"et","@id":"https:\/\/linkido.com\/#\/schema\/logo\/image\/","url":"https:\/\/linkido.com\/wp-content\/uploads\/2023\/02\/vertical-alignment-1.svg","contentUrl":"https:\/\/linkido.com\/wp-content\/uploads\/2023\/02\/vertical-alignment-1.svg","width":512,"height":512,"caption":"Linkido"},"image":{"@id":"https:\/\/linkido.com\/#\/schema\/logo\/image\/"}}]}},"_links":{"self":[{"href":"https:\/\/linkido.com\/et\/wp-json\/wp\/v2\/pages\/14760","targetHints":{"allow":["GET"]}}],"collection":[{"href":"https:\/\/linkido.com\/et\/wp-json\/wp\/v2\/pages"}],"about":[{"href":"https:\/\/linkido.com\/et\/wp-json\/wp\/v2\/types\/page"}],"author":[{"embeddable":true,"href":"https:\/\/linkido.com\/et\/wp-json\/wp\/v2\/users\/1"}],"replies":[{"embeddable":true,"href":"https:\/\/linkido.com\/et\/wp-json\/wp\/v2\/comments?post=14760"}],"version-history":[{"count":15,"href":"https:\/\/linkido.com\/et\/wp-json\/wp\/v2\/pages\/14760\/revisions"}],"predecessor-version":[{"id":31809,"href":"https:\/\/linkido.com\/et\/wp-json\/wp\/v2\/pages\/14760\/revisions\/31809"}],"wp:attachment":[{"href":"https:\/\/linkido.com\/et\/wp-json\/wp\/v2\/media?parent=14760"}],"curies":[{"name":"wp","href":"https:\/\/api.w.org\/{rel}","templated":true}]}}