{"id":14895,"date":"2023-05-29T20:49:14","date_gmt":"2023-05-29T17:49:14","guid":{"rendered":"https:\/\/linkido.com\/nouded\/"},"modified":"2024-09-11T13:37:13","modified_gmt":"2024-09-11T10:37:13","slug":"nouded","status":"publish","type":"page","link":"https:\/\/linkido.com\/et\/nouded\/","title":{"rendered":"N\u00f5uded"},"content":{"rendered":"\t\t<div data-elementor-type=\"wp-page\" data-elementor-id=\"14895\" class=\"elementor elementor-14895 elementor-12543\" data-elementor-post-type=\"page\">\n\t\t\t\t<div class=\"elementor-element elementor-element-15c206f e-flex e-con-boxed e-con e-parent\" data-id=\"15c206f\" data-element_type=\"container\" data-e-type=\"container\">\n\t\t\t\t\t<div class=\"e-con-inner\">\n\t\t\t\t<div class=\"elementor-element elementor-element-9cded37 elementor-widget elementor-widget-heading\" data-id=\"9cded37\" data-element_type=\"widget\" data-e-type=\"widget\" data-widget_type=\"heading.default\">\n\t\t\t\t<div class=\"elementor-widget-container\">\n\t\t\t\t\t<h2 class=\"elementor-heading-title elementor-size-default\">N\u00f5ude esitamise vorm<\/h2>\t\t\t\t<\/div>\n\t\t\t\t<\/div>\n\t\t\t\t\t<\/div>\n\t\t\t\t<\/div>\n\t\t\t\t<section class=\"elementor-section elementor-top-section elementor-element elementor-element-71fbc9da elementor-section-boxed elementor-section-height-default elementor-section-height-default\" data-id=\"71fbc9da\" data-element_type=\"section\" data-e-type=\"section\">\n\t\t\t\t\t\t<div class=\"elementor-container elementor-column-gap-wider\">\n\t\t\t\t\t<div class=\"elementor-column elementor-col-100 elementor-top-column elementor-element elementor-element-79f7113c\" data-id=\"79f7113c\" data-element_type=\"column\" data-e-type=\"column\">\n\t\t\t<div class=\"elementor-widget-wrap elementor-element-populated\">\n\t\t\t\t\t\t<div class=\"elementor-element elementor-element-1dee2fa8 elementor-widget elementor-widget-heading\" data-id=\"1dee2fa8\" data-element_type=\"widget\" data-e-type=\"widget\" data-widget_type=\"heading.default\">\n\t\t\t\t<div class=\"elementor-widget-container\">\n\t\t\t\t\t<h4 class=\"elementor-heading-title elementor-size-default\">Palun t\u00e4itke allolev vorm:\n<\/h4>\t\t\t\t<\/div>\n\t\t\t\t<\/div>\n\t\t\t\t<div class=\"elementor-element elementor-element-2a903e2f elementor-widget elementor-widget-spacer\" data-id=\"2a903e2f\" data-element_type=\"widget\" data-e-type=\"widget\" data-widget_type=\"spacer.default\">\n\t\t\t\t<div class=\"elementor-widget-container\">\n\t\t\t\t\t\t\t<div class=\"elementor-spacer\">\n\t\t\t<div class=\"elementor-spacer-inner\"><\/div>\n\t\t<\/div>\n\t\t\t\t\t\t<\/div>\n\t\t\t\t<\/div>\n\t\t\t\t<div class=\"elementor-element elementor-element-3ca85763 elementor-button-align-stretch elementor-widget elementor-widget-form\" data-id=\"3ca85763\" data-element_type=\"widget\" data-e-type=\"widget\" data-settings=\"{&quot;step_next_label&quot;:&quot;J\\u00e4rgmine&quot;,&quot;step_previous_label&quot;:&quot;Eelmine&quot;,&quot;button_width&quot;:&quot;100&quot;,&quot;step_type&quot;:&quot;number_text&quot;,&quot;step_icon_shape&quot;:&quot;circle&quot;}\" data-widget_type=\"form.default\">\n\t\t\t\t<div class=\"elementor-widget-container\">\n\t\t\t\t\t\t\t<form class=\"elementor-form\" method=\"post\" name=\"Tagasiv\u00f5tmine\">\n\t\t\t<input type=\"hidden\" name=\"post_id\" value=\"14895\"\/>\n\t\t\t<input type=\"hidden\" name=\"form_id\" value=\"3ca85763\"\/>\n\t\t\t<input type=\"hidden\" name=\"referer_title\" value=\"Anna tagasisidet \u00f5petaja t\u00f6\u00f6 kohta | Linkido\" \/>\n\n\t\t\t\t\t\t\t<input type=\"hidden\" name=\"queried_id\" value=\"14895\"\/>\n\t\t\t\n\t\t\t<div class=\"elementor-form-fields-wrapper elementor-labels-above\">\n\t\t\t\t\t\t\t\t<div class=\"elementor-field-type-text elementor-field-group elementor-column elementor-field-group-email elementor-col-50 elementor-md-100 elementor-field-required elementor-mark-required\">\n\t\t\t\t\t\t\t\t\t\t\t\t<label for=\"form-field-email\" class=\"elementor-field-label\">\n\t\t\t\t\t\t\t\tTeie t\u00e4ielik nimi\t\t\t\t\t\t\t<\/label>\n\t\t\t\t\t\t\t\t\t\t\t\t\t\t<input size=\"1\" type=\"text\" name=\"form_fields[email]\" id=\"form-field-email\" class=\"elementor-field elementor-size-md  elementor-field-textual\" placeholder=\"Teie t\u00e4ielik nimi\" required=\"required\">\n\t\t\t\t\t\t\t\t\t\t\t<\/div>\n\t\t\t\t\t\t\t\t<div class=\"elementor-field-type-text elementor-field-group elementor-column elementor-field-group-name elementor-col-50 elementor-md-100 elementor-field-required elementor-mark-required\">\n\t\t\t\t\t\t\t\t\t\t\t\t<label for=\"form-field-name\" class=\"elementor-field-label\">\n\t\t\t\t\t\t\t\tTeie e-posti aadress\t\t\t\t\t\t\t<\/label>\n\t\t\t\t\t\t\t\t\t\t\t\t\t\t<input size=\"1\" type=\"text\" name=\"form_fields[name]\" id=\"form-field-name\" class=\"elementor-field elementor-size-md  elementor-field-textual\" placeholder=\"Teie e-posti aadress\" required=\"required\">\n\t\t\t\t\t\t\t\t\t\t\t<\/div>\n\t\t\t\t\t\t\t\t<div class=\"elementor-field-type-text elementor-field-group elementor-column elementor-field-group-field_b6a4a0d elementor-col-50 elementor-md-100\">\n\t\t\t\t\t\t\t\t\t\t\t\t<label for=\"form-field-field_b6a4a0d\" class=\"elementor-field-label\">\n\t\t\t\t\t\t\t\t\u00d5pilase nimi\t\t\t\t\t\t\t<\/label>\n\t\t\t\t\t\t\t\t\t\t\t\t\t\t<input size=\"1\" type=\"text\" name=\"form_fields[field_b6a4a0d]\" id=\"form-field-field_b6a4a0d\" class=\"elementor-field elementor-size-md  elementor-field-textual\" placeholder=\"\u00d5pilase nimi\">\n\t\t\t\t\t\t\t\t\t\t\t<\/div>\n\t\t\t\t\t\t\t\t<div class=\"elementor-field-type-text elementor-field-group elementor-column elementor-field-group-field_805a74d elementor-col-50\">\n\t\t\t\t\t\t\t\t\t\t\t\t<label for=\"form-field-field_805a74d\" class=\"elementor-field-label\">\n\t\t\t\t\t\t\t\t\u00d5petaja nimi\t\t\t\t\t\t\t<\/label>\n\t\t\t\t\t\t\t\t\t\t\t\t\t\t<input size=\"1\" type=\"text\" name=\"form_fields[field_805a74d]\" id=\"form-field-field_805a74d\" class=\"elementor-field elementor-size-md  elementor-field-textual\" placeholder=\"\u00d5petaja nimi\">\n\t\t\t\t\t\t\t\t\t\t\t<\/div>\n\t\t\t\t\t\t\t\t<div class=\"elementor-field-type-textarea elementor-field-group elementor-column elementor-field-group-field_fec9e0b elementor-col-100 elementor-field-required elementor-mark-required\">\n\t\t\t\t\t\t\t\t\t\t\t\t<label for=\"form-field-field_fec9e0b\" class=\"elementor-field-label\">\n\t\t\t\t\t\t\t\tPalun kirjeldage l\u00fchidalt oma n\u00f5uet:\t\t\t\t\t\t\t<\/label>\n\t\t\t\t\t\t<textarea class=\"elementor-field-textual elementor-field  elementor-size-md\" name=\"form_fields[field_fec9e0b]\" id=\"form-field-field_fec9e0b\" rows=\"4\" required=\"required\"><\/textarea>\t\t\t\t<\/div>\n\t\t\t\t\t\t\t\t<div class=\"elementor-field-group elementor-column elementor-field-type-submit elementor-col-100 e-form__buttons\">\n\t\t\t\t\t<button class=\"elementor-button elementor-size-lg\" type=\"submit\">\n\t\t\t\t\t\t<span class=\"elementor-button-content-wrapper\">\n\t\t\t\t\t\t\t\t\t\t\t\t\t\t\t\t\t\t\t\t\t\t<span class=\"elementor-button-text\">Saada<\/span>\n\t\t\t\t\t\t\t\t\t\t\t\t\t<\/span>\n\t\t\t\t\t<\/button>\n\t\t\t\t<\/div>\n\t\t\t<\/div>\n\t\t<label id=\"apbct_label_id_29901\" class=\"apbct_special_field\"><input\n                    class=\"apbct_special_field apbct__email_id__elementor_form\"\n                    name=\"apbct_email_id__elementor_form\"\n                    type=\"text\" size=\"30\" maxlength=\"200\" autocomplete=\"off\"\n                    value=\"\"\n                \/><\/label><\/form>\n\t\t\t\t\t\t<\/div>\n\t\t\t\t<\/div>\n\t\t\t\t\t<\/div>\n\t\t<\/div>\n\t\t\t\t\t<\/div>\n\t\t<\/section>\n\t\t\t\t<\/div>\n\t\t","protected":false},"excerpt":{"rendered":"<p>N\u00f5ude esitamise vorm Palun t\u00e4itke allolev vorm:<\/p>\n","protected":false},"author":1,"featured_media":0,"parent":0,"menu_order":0,"comment_status":"closed","ping_status":"closed","template":"elementor_header_footer","meta":{"footnotes":""},"class_list":["post-14895","page","type-page","status-publish","hentry"],"yoast_head":"<!-- This site is optimized with the Yoast SEO plugin v24.7 - https:\/\/yoast.com\/wordpress\/plugins\/seo\/ -->\n<title>Anna tagasisidet \u00f5petaja t\u00f6\u00f6 kohta | Linkido<\/title>\n<meta name=\"description\" content=\"Siin on sul v\u00f5imalus esitada kirjalik n\u00f5ue v\u00f5i anda positiivset\/negatiivset tagasisidet \u00f5petaja t\u00f6\u00f6 kohta.\" \/>\n<meta name=\"robots\" content=\"index, follow, max-snippet:-1, max-image-preview:large, max-video-preview:-1\" \/>\n<link rel=\"canonical\" href=\"https:\/\/linkido.com\/et\/nouded\/\" \/>\n<meta property=\"og:locale\" content=\"et_EE\" \/>\n<meta property=\"og:type\" content=\"article\" \/>\n<meta property=\"og:title\" content=\"Anna tagasisidet \u00f5petaja t\u00f6\u00f6 kohta | Linkido\" \/>\n<meta property=\"og:description\" content=\"Siin on sul v\u00f5imalus esitada kirjalik n\u00f5ue v\u00f5i anda positiivset\/negatiivset tagasisidet \u00f5petaja t\u00f6\u00f6 kohta.\" \/>\n<meta property=\"og:url\" content=\"https:\/\/linkido.com\/et\/nouded\/\" \/>\n<meta property=\"og:site_name\" content=\"Linkido\" \/>\n<meta property=\"article:modified_time\" content=\"2024-09-11T10:37:13+00:00\" \/>\n<meta name=\"twitter:card\" content=\"summary_large_image\" \/>\n<meta name=\"twitter:label1\" content=\"Est. reading time\" \/>\n\t<meta name=\"twitter:data1\" content=\"1 minut\" \/>\n<script type=\"application\/ld+json\" class=\"yoast-schema-graph\">{\"@context\":\"https:\/\/schema.org\",\"@graph\":[{\"@type\":\"WebPage\",\"@id\":\"https:\/\/linkido.com\/et\/nouded\/\",\"url\":\"https:\/\/linkido.com\/et\/nouded\/\",\"name\":\"Anna tagasisidet \u00f5petaja t\u00f6\u00f6 kohta | Linkido\",\"isPartOf\":{\"@id\":\"https:\/\/linkido.com\/#website\"},\"datePublished\":\"2023-05-29T17:49:14+00:00\",\"dateModified\":\"2024-09-11T10:37:13+00:00\",\"description\":\"Siin on sul v\u00f5imalus esitada kirjalik n\u00f5ue v\u00f5i anda positiivset\/negatiivset tagasisidet \u00f5petaja t\u00f6\u00f6 kohta.\",\"breadcrumb\":{\"@id\":\"https:\/\/linkido.com\/et\/nouded\/#breadcrumb\"},\"inLanguage\":\"et\",\"potentialAction\":[{\"@type\":\"ReadAction\",\"target\":[\"https:\/\/linkido.com\/et\/nouded\/\"]}]},{\"@type\":\"BreadcrumbList\",\"@id\":\"https:\/\/linkido.com\/et\/nouded\/#breadcrumb\",\"itemListElement\":[{\"@type\":\"ListItem\",\"position\":1,\"name\":\"Home\",\"item\":\"https:\/\/linkido.com\/\"},{\"@type\":\"ListItem\",\"position\":2,\"name\":\"N\u00f5uded\"}]},{\"@type\":\"WebSite\",\"@id\":\"https:\/\/linkido.com\/#website\",\"url\":\"https:\/\/linkido.com\/\",\"name\":\"Linkido\",\"description\":\"Online Learning Platform\",\"publisher\":{\"@id\":\"https:\/\/linkido.com\/#organization\"},\"potentialAction\":[{\"@type\":\"SearchAction\",\"target\":{\"@type\":\"EntryPoint\",\"urlTemplate\":\"https:\/\/linkido.com\/?s={search_term_string}\"},\"query-input\":{\"@type\":\"PropertyValueSpecification\",\"valueRequired\":true,\"valueName\":\"search_term_string\"}}],\"inLanguage\":\"et\"},{\"@type\":\"Organization\",\"@id\":\"https:\/\/linkido.com\/#organization\",\"name\":\"Linkido\",\"url\":\"https:\/\/linkido.com\/\",\"logo\":{\"@type\":\"ImageObject\",\"inLanguage\":\"et\",\"@id\":\"https:\/\/linkido.com\/#\/schema\/logo\/image\/\",\"url\":\"https:\/\/linkido.com\/wp-content\/uploads\/2023\/02\/vertical-alignment-1.svg\",\"contentUrl\":\"https:\/\/linkido.com\/wp-content\/uploads\/2023\/02\/vertical-alignment-1.svg\",\"width\":512,\"height\":512,\"caption\":\"Linkido\"},\"image\":{\"@id\":\"https:\/\/linkido.com\/#\/schema\/logo\/image\/\"}}]}<\/script>\n<!-- \/ Yoast SEO plugin. -->","yoast_head_json":{"title":"Anna tagasisidet \u00f5petaja t\u00f6\u00f6 kohta | Linkido","description":"Siin on sul v\u00f5imalus esitada kirjalik n\u00f5ue v\u00f5i anda positiivset\/negatiivset tagasisidet \u00f5petaja t\u00f6\u00f6 kohta.","robots":{"index":"index","follow":"follow","max-snippet":"max-snippet:-1","max-image-preview":"max-image-preview:large","max-video-preview":"max-video-preview:-1"},"canonical":"https:\/\/linkido.com\/et\/nouded\/","og_locale":"et_EE","og_type":"article","og_title":"Anna tagasisidet \u00f5petaja t\u00f6\u00f6 kohta | Linkido","og_description":"Siin on sul v\u00f5imalus esitada kirjalik n\u00f5ue v\u00f5i anda positiivset\/negatiivset tagasisidet \u00f5petaja t\u00f6\u00f6 kohta.","og_url":"https:\/\/linkido.com\/et\/nouded\/","og_site_name":"Linkido","article_modified_time":"2024-09-11T10:37:13+00:00","twitter_card":"summary_large_image","twitter_misc":{"Est. reading time":"1 minut"},"schema":{"@context":"https:\/\/schema.org","@graph":[{"@type":"WebPage","@id":"https:\/\/linkido.com\/et\/nouded\/","url":"https:\/\/linkido.com\/et\/nouded\/","name":"Anna tagasisidet \u00f5petaja t\u00f6\u00f6 kohta | Linkido","isPartOf":{"@id":"https:\/\/linkido.com\/#website"},"datePublished":"2023-05-29T17:49:14+00:00","dateModified":"2024-09-11T10:37:13+00:00","description":"Siin on sul v\u00f5imalus esitada kirjalik n\u00f5ue v\u00f5i anda positiivset\/negatiivset tagasisidet \u00f5petaja t\u00f6\u00f6 kohta.","breadcrumb":{"@id":"https:\/\/linkido.com\/et\/nouded\/#breadcrumb"},"inLanguage":"et","potentialAction":[{"@type":"ReadAction","target":["https:\/\/linkido.com\/et\/nouded\/"]}]},{"@type":"BreadcrumbList","@id":"https:\/\/linkido.com\/et\/nouded\/#breadcrumb","itemListElement":[{"@type":"ListItem","position":1,"name":"Home","item":"https:\/\/linkido.com\/"},{"@type":"ListItem","position":2,"name":"N\u00f5uded"}]},{"@type":"WebSite","@id":"https:\/\/linkido.com\/#website","url":"https:\/\/linkido.com\/","name":"Linkido","description":"Online Learning Platform","publisher":{"@id":"https:\/\/linkido.com\/#organization"},"potentialAction":[{"@type":"SearchAction","target":{"@type":"EntryPoint","urlTemplate":"https:\/\/linkido.com\/?s={search_term_string}"},"query-input":{"@type":"PropertyValueSpecification","valueRequired":true,"valueName":"search_term_string"}}],"inLanguage":"et"},{"@type":"Organization","@id":"https:\/\/linkido.com\/#organization","name":"Linkido","url":"https:\/\/linkido.com\/","logo":{"@type":"ImageObject","inLanguage":"et","@id":"https:\/\/linkido.com\/#\/schema\/logo\/image\/","url":"https:\/\/linkido.com\/wp-content\/uploads\/2023\/02\/vertical-alignment-1.svg","contentUrl":"https:\/\/linkido.com\/wp-content\/uploads\/2023\/02\/vertical-alignment-1.svg","width":512,"height":512,"caption":"Linkido"},"image":{"@id":"https:\/\/linkido.com\/#\/schema\/logo\/image\/"}}]}},"_links":{"self":[{"href":"https:\/\/linkido.com\/et\/wp-json\/wp\/v2\/pages\/14895","targetHints":{"allow":["GET"]}}],"collection":[{"href":"https:\/\/linkido.com\/et\/wp-json\/wp\/v2\/pages"}],"about":[{"href":"https:\/\/linkido.com\/et\/wp-json\/wp\/v2\/types\/page"}],"author":[{"embeddable":true,"href":"https:\/\/linkido.com\/et\/wp-json\/wp\/v2\/users\/1"}],"replies":[{"embeddable":true,"href":"https:\/\/linkido.com\/et\/wp-json\/wp\/v2\/comments?post=14895"}],"version-history":[{"count":3,"href":"https:\/\/linkido.com\/et\/wp-json\/wp\/v2\/pages\/14895\/revisions"}],"predecessor-version":[{"id":31823,"href":"https:\/\/linkido.com\/et\/wp-json\/wp\/v2\/pages\/14895\/revisions\/31823"}],"wp:attachment":[{"href":"https:\/\/linkido.com\/et\/wp-json\/wp\/v2\/media?parent=14895"}],"curies":[{"name":"wp","href":"https:\/\/api.w.org\/{rel}","templated":true}]}}