{"id":14959,"date":"2023-05-11T03:32:44","date_gmt":"2023-05-11T00:32:44","guid":{"rendered":"https:\/\/linkido.com\/opetajad-it-koik\/"},"modified":"2024-09-11T13:31:36","modified_gmt":"2024-09-11T10:31:36","slug":"opetajad-it-koik","status":"publish","type":"page","link":"https:\/\/linkido.com\/et\/opetajad-it-koik\/","title":{"rendered":"\u00d5petajad-IT-All"},"content":{"rendered":"\t\t<div data-elementor-type=\"wp-page\" data-elementor-id=\"14959\" class=\"elementor elementor-14959 elementor-12030\" data-elementor-post-type=\"page\">\n\t\t\t\t\t\t<section class=\"elementor-section elementor-inner-section elementor-element elementor-element-fd05f4f elementor-section-boxed elementor-section-height-default elementor-section-height-default\" data-id=\"fd05f4f\" data-element_type=\"section\" data-e-type=\"section\">\n\t\t\t\t\t\t<div class=\"elementor-container elementor-column-gap-wider\">\n\t\t\t\t\t<div class=\"elementor-column elementor-col-100 elementor-inner-column elementor-element elementor-element-9fd14bb\" data-id=\"9fd14bb\" data-element_type=\"column\" data-e-type=\"column\">\n\t\t\t<div class=\"elementor-widget-wrap elementor-element-populated\">\n\t\t\t\t\t\t<div class=\"elementor-element elementor-element-23b2668 elementor-widget elementor-widget-heading\" data-id=\"23b2668\" data-element_type=\"widget\" data-e-type=\"widget\" data-widget_type=\"heading.default\">\n\t\t\t\t<div class=\"elementor-widget-container\">\n\t\t\t\t\t<h4 class=\"elementor-heading-title elementor-size-default\">Arenduspetsialistid<\/h4>\t\t\t\t<\/div>\n\t\t\t\t<\/div>\n\t\t\t\t\t<\/div>\n\t\t<\/div>\n\t\t\t\t\t<\/div>\n\t\t<\/section>\n\t\t\t\t<section class=\"elementor-section elementor-top-section elementor-element elementor-element-62eeb0c elementor-section-boxed elementor-section-height-default elementor-section-height-default\" data-id=\"62eeb0c\" data-element_type=\"section\" data-e-type=\"section\">\n\t\t\t\t\t\t<div class=\"elementor-container elementor-column-gap-wider\">\n\t\t\t\t\t<div class=\"elementor-column elementor-col-100 elementor-top-column elementor-element elementor-element-20467ce9\" data-id=\"20467ce9\" data-element_type=\"column\" data-e-type=\"column\">\n\t\t\t<div class=\"elementor-widget-wrap elementor-element-populated\">\n\t\t\t\t\t\t<div class=\"elementor-element elementor-element-3935ba68 arrows-relative-to-box_area slider-layout_1 slider-tablet-default slider-mobile-default slide-h-position-center preserve-img-ratio-cover bullets-small-dot-stroke elementor-widget elementor-widget-the7_content_carousel\" data-id=\"3935ba68\" data-element_type=\"widget\" data-e-type=\"widget\" data-settings=\"{&quot;normal_arrow_bg_color&quot;:&quot;#0376EA&quot;,&quot;hover_arrow_bg_color&quot;:&quot;#025CB7&quot;,&quot;widget_columns&quot;:3,&quot;widget_columns_tablet&quot;:2,&quot;widget_columns_mobile&quot;:1,&quot;gap_between_posts&quot;:{&quot;unit&quot;:&quot;px&quot;,&quot;size&quot;:30,&quot;sizes&quot;:[]},&quot;gap_between_posts_tablet&quot;:{&quot;unit&quot;:&quot;px&quot;,&quot;size&quot;:&quot;&quot;,&quot;sizes&quot;:[]},&quot;gap_between_posts_mobile&quot;:{&quot;unit&quot;:&quot;px&quot;,&quot;size&quot;:&quot;&quot;,&quot;sizes&quot;:[]}}\" data-widget_type=\"the7_content_carousel.default\">\n\t\t\t\t<div class=\"elementor-widget-container\">\n\t\t\t\t\t<div class=\"owl-carousel text-and-icon-carousel elementor-owl-carousel-call the7-elementor-widget the7_content_carousel-3935ba68\" data-scroll-mode=\"1\" data-auto-height=\"false\" data-speed=\"600\" data-autoplay=\"false\" data-autoplay_speed=\"\"><div  class=\"dt-owl-item-wrap elements-hover elements-hover\"  ><div class=\"dt-owl-item-inner \"><a href=\"https:\/\/linkido.com\/oliver-kullus\/\" class=\"dt-owl-item-image layzr-bg img-css-resize-wrapper\"> <\/a><h4  class=\"dt-owl-item-heading\"><a href=\"https:\/\/linkido.com\/oliver-kullus\/\">N\u00e4idis Profiil<\/a><\/h4><div class=\"dt-owl-item-description\"><p><strong>WordPress<\/strong><\/p>\n\nMatemaatika \u00f5petaja<\/div><a href=\"https:\/\/linkido.com\/oliver-kullus\/\" class=\"dt-slide-button box-button elementor-button elementor-size-sm\">Vaata profiili ja kontakti<\/a><\/div><\/div><\/div><div class=\"owl-nav disabled\"><div class=\"owl-prev\" role=\"button\"><i class=\"the7feather- the7-feather-arrow-left\"><\/i><\/div><div class=\"owl-next\" role=\"button\"><i class=\"the7feather- the7-feather-arrow-right\"><\/i><\/div><\/div>\t\t\t\t<\/div>\n\t\t\t\t<\/div>\n\t\t\t\t\t<\/div>\n\t\t<\/div>\n\t\t\t\t\t<\/div>\n\t\t<\/section>\n\t\t\t\t<section class=\"elementor-section elementor-inner-section elementor-element elementor-element-2bb7320c elementor-section-boxed elementor-section-height-default elementor-section-height-default\" data-id=\"2bb7320c\" data-element_type=\"section\" data-e-type=\"section\" id=\"teachers\">\n\t\t\t\t\t\t<div class=\"elementor-container elementor-column-gap-wider\">\n\t\t\t\t\t<div class=\"elementor-column elementor-col-100 elementor-inner-column elementor-element elementor-element-2cc8d74f\" data-id=\"2cc8d74f\" data-element_type=\"column\" data-e-type=\"column\">\n\t\t\t<div class=\"elementor-widget-wrap elementor-element-populated\">\n\t\t\t\t\t\t<div class=\"elementor-element elementor-element-483d5a09 elementor-widget elementor-widget-heading\" data-id=\"483d5a09\" data-element_type=\"widget\" data-e-type=\"widget\" data-widget_type=\"heading.default\">\n\t\t\t\t<div class=\"elementor-widget-container\">\n\t\t\t\t\t<h4 class=\"elementor-heading-title elementor-size-default\">Turundajad<\/h4>\t\t\t\t<\/div>\n\t\t\t\t<\/div>\n\t\t\t\t\t<\/div>\n\t\t<\/div>\n\t\t\t\t\t<\/div>\n\t\t<\/section>\n\t\t\t\t<section class=\"elementor-section elementor-top-section elementor-element elementor-element-1665e866 elementor-section-boxed elementor-section-height-default elementor-section-height-default\" data-id=\"1665e866\" data-element_type=\"section\" data-e-type=\"section\">\n\t\t\t\t\t\t<div class=\"elementor-container elementor-column-gap-wider\">\n\t\t\t\t\t<div class=\"elementor-column elementor-col-100 elementor-top-column elementor-element elementor-element-1102fd82\" data-id=\"1102fd82\" data-element_type=\"column\" data-e-type=\"column\">\n\t\t\t<div class=\"elementor-widget-wrap elementor-element-populated\">\n\t\t\t\t\t\t<div class=\"elementor-element elementor-element-1de3c283 arrows-relative-to-box_area slider-layout_1 slider-tablet-default slider-mobile-default slide-h-position-center preserve-img-ratio-cover bullets-small-dot-stroke elementor-widget elementor-widget-the7_content_carousel\" data-id=\"1de3c283\" data-element_type=\"widget\" data-e-type=\"widget\" data-settings=\"{&quot;normal_arrow_bg_color&quot;:&quot;#0376EA&quot;,&quot;hover_arrow_bg_color&quot;:&quot;#025CB7&quot;,&quot;widget_columns&quot;:3,&quot;widget_columns_tablet&quot;:2,&quot;widget_columns_mobile&quot;:1,&quot;gap_between_posts&quot;:{&quot;unit&quot;:&quot;px&quot;,&quot;size&quot;:30,&quot;sizes&quot;:[]},&quot;gap_between_posts_tablet&quot;:{&quot;unit&quot;:&quot;px&quot;,&quot;size&quot;:&quot;&quot;,&quot;sizes&quot;:[]},&quot;gap_between_posts_mobile&quot;:{&quot;unit&quot;:&quot;px&quot;,&quot;size&quot;:&quot;&quot;,&quot;sizes&quot;:[]}}\" data-widget_type=\"the7_content_carousel.default\">\n\t\t\t\t<div class=\"elementor-widget-container\">\n\t\t\t\t\t<div class=\"owl-carousel text-and-icon-carousel elementor-owl-carousel-call the7-elementor-widget the7_content_carousel-1de3c283\" data-scroll-mode=\"1\" data-auto-height=\"false\" data-speed=\"600\" data-autoplay=\"false\" data-autoplay_speed=\"\"><div  class=\"dt-owl-item-wrap elements-hover\"  ><div class=\"dt-owl-item-inner \"><div  class=\"dt-owl-item-image layzr-bg img-css-resize-wrapper\"> <img fetchpriority=\"high\" decoding=\"async\" width=\"1000\" height=\"1000\" src=\"data:image\/svg+xml,%3Csvg%20xmlns%3D&#039;http%3A%2F%2Fwww.w3.org%2F2000%2Fsvg&#039;%20viewBox%3D&#039;0%200%201000%201000&#039;%2F%3E\" class=\"attachment-full size-full preload-me aspect lazy lazy-load\" alt=\"\" sizes=\"(max-width: 1000px) 100vw, 1000px\" style=\"--ratio: 1000 \/ 1000;\" data-src=\"https:\/\/linkido.com\/wp-content\/uploads\/2023\/04\/7-opr-003.jpg\" loading=\"eager\" data-srcset=\"https:\/\/linkido.com\/wp-content\/uploads\/2023\/04\/7-opr-003.jpg 1000w, https:\/\/linkido.com\/wp-content\/uploads\/2023\/04\/7-opr-003-300x300.jpg 300w, https:\/\/linkido.com\/wp-content\/uploads\/2023\/04\/7-opr-003-200x200.jpg 200w, https:\/\/linkido.com\/wp-content\/uploads\/2023\/04\/7-opr-003-600x600.jpg 600w, https:\/\/linkido.com\/wp-content\/uploads\/2023\/04\/7-opr-003-150x150.jpg 150w, https:\/\/linkido.com\/wp-content\/uploads\/2023\/04\/7-opr-003-768x768.jpg 768w\" \/><\/div><h4  class=\"dt-owl-item-heading\">N\u00e4idis Profiil<\/h4><div class=\"dt-owl-item-description\"><p><strong>Digitaalne turundus<\/strong><\/p>\n\nGoogle\/Facebook\/Bing reklaamid<\/div><div class=\"dt-slide-button box-button elementor-button elementor-size-sm\">Vaata profiili ja kontakti<\/div><\/div><\/div><\/div><div class=\"owl-nav disabled\"><div class=\"owl-prev\" role=\"button\"><i class=\"the7feather- the7-feather-arrow-left\"><\/i><\/div><div class=\"owl-next\" role=\"button\"><i class=\"the7feather- the7-feather-arrow-right\"><\/i><\/div><\/div>\t\t\t\t<\/div>\n\t\t\t\t<\/div>\n\t\t\t\t\t<\/div>\n\t\t<\/div>\n\t\t\t\t\t<\/div>\n\t\t<\/section>\n\t\t\t\t<section class=\"elementor-section elementor-inner-section elementor-element elementor-element-1df887e0 elementor-section-boxed elementor-section-height-default elementor-section-height-default\" data-id=\"1df887e0\" data-element_type=\"section\" data-e-type=\"section\" id=\"teachers\">\n\t\t\t\t\t\t<div class=\"elementor-container elementor-column-gap-wider\">\n\t\t\t\t\t<div class=\"elementor-column elementor-col-100 elementor-inner-column elementor-element elementor-element-409def9b\" data-id=\"409def9b\" data-element_type=\"column\" data-e-type=\"column\">\n\t\t\t<div class=\"elementor-widget-wrap elementor-element-populated\">\n\t\t\t\t\t\t<div class=\"elementor-element elementor-element-27e20aae elementor-widget elementor-widget-heading\" data-id=\"27e20aae\" data-element_type=\"widget\" data-e-type=\"widget\" data-widget_type=\"heading.default\">\n\t\t\t\t<div class=\"elementor-widget-container\">\n\t\t\t\t\t<h4 class=\"elementor-heading-title elementor-size-default\">Disainerid<\/h4>\t\t\t\t<\/div>\n\t\t\t\t<\/div>\n\t\t\t\t\t<\/div>\n\t\t<\/div>\n\t\t\t\t\t<\/div>\n\t\t<\/section>\n\t\t\t\t<section class=\"elementor-section elementor-top-section elementor-element elementor-element-225d87e6 elementor-section-boxed elementor-section-height-default elementor-section-height-default\" data-id=\"225d87e6\" data-element_type=\"section\" data-e-type=\"section\">\n\t\t\t\t\t\t<div class=\"elementor-container elementor-column-gap-wider\">\n\t\t\t\t\t<div class=\"elementor-column elementor-col-100 elementor-top-column elementor-element elementor-element-5e9cf681\" data-id=\"5e9cf681\" data-element_type=\"column\" data-e-type=\"column\">\n\t\t\t<div class=\"elementor-widget-wrap elementor-element-populated\">\n\t\t\t\t\t\t<div class=\"elementor-element elementor-element-59ff3d7f arrows-relative-to-box_area slider-layout_1 slider-tablet-default slider-mobile-default slide-h-position-center preserve-img-ratio-cover bullets-small-dot-stroke elementor-widget elementor-widget-the7_content_carousel\" data-id=\"59ff3d7f\" data-element_type=\"widget\" data-e-type=\"widget\" data-settings=\"{&quot;normal_arrow_bg_color&quot;:&quot;#0376EA&quot;,&quot;hover_arrow_bg_color&quot;:&quot;#025CB7&quot;,&quot;widget_columns&quot;:3,&quot;widget_columns_tablet&quot;:2,&quot;widget_columns_mobile&quot;:1,&quot;gap_between_posts&quot;:{&quot;unit&quot;:&quot;px&quot;,&quot;size&quot;:30,&quot;sizes&quot;:[]},&quot;gap_between_posts_tablet&quot;:{&quot;unit&quot;:&quot;px&quot;,&quot;size&quot;:&quot;&quot;,&quot;sizes&quot;:[]},&quot;gap_between_posts_mobile&quot;:{&quot;unit&quot;:&quot;px&quot;,&quot;size&quot;:&quot;&quot;,&quot;sizes&quot;:[]}}\" data-widget_type=\"the7_content_carousel.default\">\n\t\t\t\t<div class=\"elementor-widget-container\">\n\t\t\t\t\t<div class=\"owl-carousel text-and-icon-carousel elementor-owl-carousel-call the7-elementor-widget the7_content_carousel-59ff3d7f\" data-scroll-mode=\"1\" data-auto-height=\"false\" data-speed=\"600\" data-autoplay=\"false\" data-autoplay_speed=\"\"><div  class=\"dt-owl-item-wrap elements-hover\"  ><div class=\"dt-owl-item-inner \"><div  class=\"dt-owl-item-image layzr-bg img-css-resize-wrapper\"> <img fetchpriority=\"high\" decoding=\"async\" width=\"1000\" height=\"1000\" src=\"data:image\/svg+xml,%3Csvg%20xmlns%3D&#039;http%3A%2F%2Fwww.w3.org%2F2000%2Fsvg&#039;%20viewBox%3D&#039;0%200%201000%201000&#039;%2F%3E\" class=\"attachment-full size-full preload-me aspect lazy lazy-load\" alt=\"\" sizes=\"(max-width: 1000px) 100vw, 1000px\" style=\"--ratio: 1000 \/ 1000;\" data-src=\"https:\/\/linkido.com\/wp-content\/uploads\/2023\/04\/7-opr-003.jpg\" loading=\"eager\" data-srcset=\"https:\/\/linkido.com\/wp-content\/uploads\/2023\/04\/7-opr-003.jpg 1000w, https:\/\/linkido.com\/wp-content\/uploads\/2023\/04\/7-opr-003-300x300.jpg 300w, https:\/\/linkido.com\/wp-content\/uploads\/2023\/04\/7-opr-003-200x200.jpg 200w, https:\/\/linkido.com\/wp-content\/uploads\/2023\/04\/7-opr-003-600x600.jpg 600w, https:\/\/linkido.com\/wp-content\/uploads\/2023\/04\/7-opr-003-150x150.jpg 150w, https:\/\/linkido.com\/wp-content\/uploads\/2023\/04\/7-opr-003-768x768.jpg 768w\" \/><\/div><h4  class=\"dt-owl-item-heading\">N\u00e4idis Profiil<\/h4><div class=\"dt-owl-item-description\"><p><strong>Digitaalne disain<\/strong><\/p>\n\nVeebi- ja mobiilidisain<\/div><div class=\"dt-slide-button box-button elementor-button elementor-size-sm\">Vaata profiili ja kontakti<\/div><\/div><\/div><\/div><div class=\"owl-nav disabled\"><div class=\"owl-prev\" role=\"button\"><i class=\"the7feather- the7-feather-arrow-left\"><\/i><\/div><div class=\"owl-next\" role=\"button\"><i class=\"the7feather- the7-feather-arrow-right\"><\/i><\/div><\/div>\t\t\t\t<\/div>\n\t\t\t\t<\/div>\n\t\t\t\t\t<\/div>\n\t\t<\/div>\n\t\t\t\t\t<\/div>\n\t\t<\/section>\n\t\t<div class=\"elementor-element elementor-element-453293b5 e-flex e-con-boxed e-con e-parent\" data-id=\"453293b5\" data-element_type=\"container\" data-e-type=\"container\">\n\t\t\t\t\t<div class=\"e-con-inner\">\n\t\t\t\t<div class=\"elementor-element elementor-element-653f7adc elementor-widget elementor-widget-spacer\" data-id=\"653f7adc\" data-element_type=\"widget\" data-e-type=\"widget\" data-widget_type=\"spacer.default\">\n\t\t\t\t<div class=\"elementor-widget-container\">\n\t\t\t\t\t\t\t<div class=\"elementor-spacer\">\n\t\t\t<div class=\"elementor-spacer-inner\"><\/div>\n\t\t<\/div>\n\t\t\t\t\t\t<\/div>\n\t\t\t\t<\/div>\n\t\t\t\t\t<\/div>\n\t\t\t\t<\/div>\n\t\t\t\t<\/div>\n\t\t","protected":false},"excerpt":{"rendered":"<p>Arenduspetsialistid &nbsp; N\u00e4idis Profiil WordPress Matemaatika \u00f5petajaVaata profiili ja kontakti Turundajad N\u00e4idis Profiil Digitaalne disain Veebi- ja mobiilidisainVaata profiili ja kontakti<\/p>\n","protected":false},"author":1,"featured_media":0,"parent":0,"menu_order":0,"comment_status":"closed","ping_status":"closed","template":"elementor_header_footer","meta":{"footnotes":""},"class_list":["post-14959","page","type-page","status-publish","hentry"],"yoast_head":"<!-- This site is optimized with the Yoast SEO plugin v24.7 - https:\/\/yoast.com\/wordpress\/plugins\/seo\/ -->\n<title>IT \u00f5ppimine Linkido teenuste abil | Linkido<\/title>\n<meta name=\"description\" content=\"IT \u00f5ppimine on t\u00e4nap\u00e4eva digimaailmas hea otsus, \u00f5pi arendust, turundust v\u00f5i disaini Linkido spetsialistide abiga.\" \/>\n<meta name=\"robots\" content=\"index, follow, max-snippet:-1, max-image-preview:large, max-video-preview:-1\" \/>\n<link rel=\"canonical\" href=\"https:\/\/linkido.com\/et\/opetajad-it-koik\/\" \/>\n<meta property=\"og:locale\" content=\"et_EE\" \/>\n<meta property=\"og:type\" content=\"article\" \/>\n<meta property=\"og:title\" content=\"IT \u00f5ppimine Linkido teenuste abil | Linkido\" \/>\n<meta property=\"og:description\" content=\"IT \u00f5ppimine on t\u00e4nap\u00e4eva digimaailmas hea otsus, \u00f5pi arendust, turundust v\u00f5i disaini Linkido spetsialistide abiga.\" \/>\n<meta property=\"og:url\" content=\"https:\/\/linkido.com\/et\/opetajad-it-koik\/\" \/>\n<meta property=\"og:site_name\" content=\"Linkido\" \/>\n<meta property=\"article:modified_time\" content=\"2024-09-11T10:31:36+00:00\" \/>\n<meta name=\"twitter:card\" content=\"summary_large_image\" \/>\n<meta name=\"twitter:label1\" content=\"Est. reading time\" \/>\n\t<meta name=\"twitter:data1\" content=\"1 minut\" \/>\n<script type=\"application\/ld+json\" class=\"yoast-schema-graph\">{\"@context\":\"https:\/\/schema.org\",\"@graph\":[{\"@type\":\"WebPage\",\"@id\":\"https:\/\/linkido.com\/et\/opetajad-it-koik\/\",\"url\":\"https:\/\/linkido.com\/et\/opetajad-it-koik\/\",\"name\":\"IT \u00f5ppimine Linkido teenuste abil | Linkido\",\"isPartOf\":{\"@id\":\"https:\/\/linkido.com\/#website\"},\"datePublished\":\"2023-05-11T00:32:44+00:00\",\"dateModified\":\"2024-09-11T10:31:36+00:00\",\"description\":\"IT \u00f5ppimine on t\u00e4nap\u00e4eva digimaailmas hea otsus, \u00f5pi arendust, turundust v\u00f5i disaini Linkido spetsialistide abiga.\",\"breadcrumb\":{\"@id\":\"https:\/\/linkido.com\/et\/opetajad-it-koik\/#breadcrumb\"},\"inLanguage\":\"et\",\"potentialAction\":[{\"@type\":\"ReadAction\",\"target\":[\"https:\/\/linkido.com\/et\/opetajad-it-koik\/\"]}]},{\"@type\":\"BreadcrumbList\",\"@id\":\"https:\/\/linkido.com\/et\/opetajad-it-koik\/#breadcrumb\",\"itemListElement\":[{\"@type\":\"ListItem\",\"position\":1,\"name\":\"Home\",\"item\":\"https:\/\/linkido.com\/\"},{\"@type\":\"ListItem\",\"position\":2,\"name\":\"\u00d5petajad-IT-All\"}]},{\"@type\":\"WebSite\",\"@id\":\"https:\/\/linkido.com\/#website\",\"url\":\"https:\/\/linkido.com\/\",\"name\":\"Linkido\",\"description\":\"Online Learning Platform\",\"publisher\":{\"@id\":\"https:\/\/linkido.com\/#organization\"},\"potentialAction\":[{\"@type\":\"SearchAction\",\"target\":{\"@type\":\"EntryPoint\",\"urlTemplate\":\"https:\/\/linkido.com\/?s={search_term_string}\"},\"query-input\":{\"@type\":\"PropertyValueSpecification\",\"valueRequired\":true,\"valueName\":\"search_term_string\"}}],\"inLanguage\":\"et\"},{\"@type\":\"Organization\",\"@id\":\"https:\/\/linkido.com\/#organization\",\"name\":\"Linkido\",\"url\":\"https:\/\/linkido.com\/\",\"logo\":{\"@type\":\"ImageObject\",\"inLanguage\":\"et\",\"@id\":\"https:\/\/linkido.com\/#\/schema\/logo\/image\/\",\"url\":\"https:\/\/linkido.com\/wp-content\/uploads\/2023\/02\/vertical-alignment-1.svg\",\"contentUrl\":\"https:\/\/linkido.com\/wp-content\/uploads\/2023\/02\/vertical-alignment-1.svg\",\"width\":512,\"height\":512,\"caption\":\"Linkido\"},\"image\":{\"@id\":\"https:\/\/linkido.com\/#\/schema\/logo\/image\/\"}}]}<\/script>\n<!-- \/ Yoast SEO plugin. -->","yoast_head_json":{"title":"IT \u00f5ppimine Linkido teenuste abil | Linkido","description":"IT \u00f5ppimine on t\u00e4nap\u00e4eva digimaailmas hea otsus, \u00f5pi arendust, turundust v\u00f5i disaini Linkido spetsialistide abiga.","robots":{"index":"index","follow":"follow","max-snippet":"max-snippet:-1","max-image-preview":"max-image-preview:large","max-video-preview":"max-video-preview:-1"},"canonical":"https:\/\/linkido.com\/et\/opetajad-it-koik\/","og_locale":"et_EE","og_type":"article","og_title":"IT \u00f5ppimine Linkido teenuste abil | Linkido","og_description":"IT \u00f5ppimine on t\u00e4nap\u00e4eva digimaailmas hea otsus, \u00f5pi arendust, turundust v\u00f5i disaini Linkido spetsialistide abiga.","og_url":"https:\/\/linkido.com\/et\/opetajad-it-koik\/","og_site_name":"Linkido","article_modified_time":"2024-09-11T10:31:36+00:00","twitter_card":"summary_large_image","twitter_misc":{"Est. reading time":"1 minut"},"schema":{"@context":"https:\/\/schema.org","@graph":[{"@type":"WebPage","@id":"https:\/\/linkido.com\/et\/opetajad-it-koik\/","url":"https:\/\/linkido.com\/et\/opetajad-it-koik\/","name":"IT \u00f5ppimine Linkido teenuste abil | Linkido","isPartOf":{"@id":"https:\/\/linkido.com\/#website"},"datePublished":"2023-05-11T00:32:44+00:00","dateModified":"2024-09-11T10:31:36+00:00","description":"IT \u00f5ppimine on t\u00e4nap\u00e4eva digimaailmas hea otsus, \u00f5pi arendust, turundust v\u00f5i disaini Linkido spetsialistide abiga.","breadcrumb":{"@id":"https:\/\/linkido.com\/et\/opetajad-it-koik\/#breadcrumb"},"inLanguage":"et","potentialAction":[{"@type":"ReadAction","target":["https:\/\/linkido.com\/et\/opetajad-it-koik\/"]}]},{"@type":"BreadcrumbList","@id":"https:\/\/linkido.com\/et\/opetajad-it-koik\/#breadcrumb","itemListElement":[{"@type":"ListItem","position":1,"name":"Home","item":"https:\/\/linkido.com\/"},{"@type":"ListItem","position":2,"name":"\u00d5petajad-IT-All"}]},{"@type":"WebSite","@id":"https:\/\/linkido.com\/#website","url":"https:\/\/linkido.com\/","name":"Linkido","description":"Online Learning Platform","publisher":{"@id":"https:\/\/linkido.com\/#organization"},"potentialAction":[{"@type":"SearchAction","target":{"@type":"EntryPoint","urlTemplate":"https:\/\/linkido.com\/?s={search_term_string}"},"query-input":{"@type":"PropertyValueSpecification","valueRequired":true,"valueName":"search_term_string"}}],"inLanguage":"et"},{"@type":"Organization","@id":"https:\/\/linkido.com\/#organization","name":"Linkido","url":"https:\/\/linkido.com\/","logo":{"@type":"ImageObject","inLanguage":"et","@id":"https:\/\/linkido.com\/#\/schema\/logo\/image\/","url":"https:\/\/linkido.com\/wp-content\/uploads\/2023\/02\/vertical-alignment-1.svg","contentUrl":"https:\/\/linkido.com\/wp-content\/uploads\/2023\/02\/vertical-alignment-1.svg","width":512,"height":512,"caption":"Linkido"},"image":{"@id":"https:\/\/linkido.com\/#\/schema\/logo\/image\/"}}]}},"_links":{"self":[{"href":"https:\/\/linkido.com\/et\/wp-json\/wp\/v2\/pages\/14959","targetHints":{"allow":["GET"]}}],"collection":[{"href":"https:\/\/linkido.com\/et\/wp-json\/wp\/v2\/pages"}],"about":[{"href":"https:\/\/linkido.com\/et\/wp-json\/wp\/v2\/types\/page"}],"author":[{"embeddable":true,"href":"https:\/\/linkido.com\/et\/wp-json\/wp\/v2\/users\/1"}],"replies":[{"embeddable":true,"href":"https:\/\/linkido.com\/et\/wp-json\/wp\/v2\/comments?post=14959"}],"version-history":[{"count":35,"href":"https:\/\/linkido.com\/et\/wp-json\/wp\/v2\/pages\/14959\/revisions"}],"predecessor-version":[{"id":31818,"href":"https:\/\/linkido.com\/et\/wp-json\/wp\/v2\/pages\/14959\/revisions\/31818"}],"wp:attachment":[{"href":"https:\/\/linkido.com\/et\/wp-json\/wp\/v2\/media?parent=14959"}],"curies":[{"name":"wp","href":"https:\/\/api.w.org\/{rel}","templated":true}]}}