{"id":16079,"date":"2020-09-27T15:07:34","date_gmt":"2020-09-27T12:07:34","guid":{"rendered":"https:\/\/linkido.com\/kayttoehdot\/"},"modified":"2023-07-28T01:11:53","modified_gmt":"2023-07-27T22:11:53","slug":"kayttoehdot","status":"publish","type":"page","link":"https:\/\/linkido.com\/fi\/kayttoehdot\/","title":{"rendered":"K\u00e4ytt\u00f6ehdot"},"content":{"rendered":"\t\t<div data-elementor-type=\"wp-page\" data-elementor-id=\"16079\" class=\"elementor elementor-16079 elementor-2385\" data-elementor-post-type=\"page\">\n\t\t\t\t\t\t<section class=\"elementor-section elementor-top-section elementor-element elementor-element-56c3ec3 elementor-section-boxed elementor-section-height-default elementor-section-height-default\" data-id=\"56c3ec3\" data-element_type=\"section\" data-e-type=\"section\">\n\t\t\t\t\t\t<div class=\"elementor-container elementor-column-gap-wider\">\n\t\t\t\t\t<div class=\"elementor-column elementor-col-100 elementor-top-column elementor-element elementor-element-a45c362\" data-id=\"a45c362\" data-element_type=\"column\" data-e-type=\"column\">\n\t\t\t<div class=\"elementor-widget-wrap elementor-element-populated\">\n\t\t\t\t\t\t<div class=\"elementor-element elementor-element-e9bcd63 elementor-widget elementor-widget-text-editor\" data-id=\"e9bcd63\" data-element_type=\"widget\" data-e-type=\"widget\" data-widget_type=\"text-editor.default\">\n\t\t\t\t<div class=\"elementor-widget-container\">\n\t\t\t\t\t\t\t\t\t<h2>Linkidon yleiset ehdot<\/h2>\n<p><strong>1. Yleiset s\u00e4\u00e4nn\u00f6kset<\/strong><br \/>1.1. <strong>Alusta<\/strong> on verkkosivusto linkido.com.<br \/>1.2. <strong>Asiakas<\/strong> on luonnollinen henkil\u00f6 tai oikeushenkil\u00f6, joka on luonut k\u00e4ytt\u00e4j\u00e4tilin alustalle.<br \/>1.3. <strong>Opettaja\/erikoisasiantuntija<\/strong> on sertifioitu opettaja, kokenut asiantuntija tai oman alansa asiantuntija, jolla on v\u00e4hint\u00e4\u00e4n kandidaatin tutkinto ja joka vet\u00e4\u00e4 alustalla tarjottavia kursseja.<br \/>1.4. <strong>Sopimus<\/strong> tehd\u00e4\u00e4n asiakkaan ja opettajan\/asiantuntijan v\u00e4lill\u00e4.<br \/>1.5. Linkido O\u00dc (rekisteritunnus 14505711, osoite Harjun l\u00e4\u00e4ni, Harkun kunta, Suurupin kyl\u00e4, Sombre Road 2, 76907, Viro) on Viron tasavallassa rekister\u00f6ity yritys, joka omistaa alustan.<br \/>1.6. Yleisiss\u00e4 k\u00e4ytt\u00f6ehdoissa vahvistetaan ehdot, joilla asiakas k\u00e4ytt\u00e4\u00e4 alustaa, sek\u00e4 osapuolten oikeudet ja velvollisuudet.<\/p>\n<p><strong>2. Yleiset periaatteet linkido.comin j\u00e4rjest\u00e4mille tutor-istunnoille.<\/strong><br \/>2.1. Linkido.com on online-tutorointialusta, joka yhdist\u00e4\u00e4 opiskelijat p\u00e4teviin opettajiin\/asiantuntijoihin henkil\u00f6kohtaisia henkil\u00f6kohtaisia yksityistunteja varten sek\u00e4 tarjoaa ryhm\u00e4kursseja yhteisi\u00e4 oppimiskokemuksia varten.<br \/>2.2. Linkido.com ei kouluta asiakkaita itse.<br \/>2.3. Linkido.com tarjoaa tukiopetuspalveluja monissa eri oppiaineissa, kuten koulukursseissa, yliopistokursseissa, tietotekniikkakursseissa, kielikursseissa, k\u00e4ytt\u00e4ytymis- ja psykologisessa ohjauksessa sek\u00e4 graafisessa suunnittelussa.<br \/>2.4. Kaikki tiedot yksitt\u00e4isist\u00e4 kursseista ja ohjaustuokioista julkaistaan alustalla kyseisen kurssin alkaessa.<br \/>2.5. Kaikki tietty\u00e4 opettajaa\/erityisasiantuntijaa koskevat tiedot julkaistaan foorumilla kyseisen opettajan\/erityisasiantuntijan esittelyn yhteydess\u00e4.<br \/>2.6. Ellei kurssien johdannossa toisin mainita, sovelletaan seuraavia s\u00e4\u00e4nt\u00f6j\u00e4:<br \/>2.6.1. Linkido.com-sivuston verkko-opetus tapahtuu virtuaaliluokkahuoneessa, jossa asiakas ja opettaja\/erikoisopettaja voivat olla vuorovaikutuksessa reaaliaikaisesti videon ja \u00e4\u00e4nen avulla.<br \/>2.6.2. Virtuaalinen luokkahuone sopii k\u00e4ytett\u00e4v\u00e4ksi mill\u00e4 tahansa selaimella ja k\u00e4ytt\u00f6j\u00e4rjestelm\u00e4ll\u00e4, eik\u00e4 lis\u00e4ohjelmia tarvitse ladata.<br \/>2.6.3. Opettajat\/asiantuntijat toimittavat kurssin kaikki oppimateriaalit. Linkido ei tarjoa tai lataa mit\u00e4\u00e4n materiaaleja itse, eik\u00e4 Linkido ota vastuuta opettajien\/asiantuntijoiden lataamista materiaaleista.<br \/>2.6.4. Asiakas voi valita opettajan\/asiantuntijan alustan valikoimasta ja varata ajan.<br \/>2.6.5. Kun asiakas on valinnut opettajan\/erityisasiantuntijan, h\u00e4n voi ottaa yhteytt\u00e4 opettajaan\/erityisasiantuntijaan ja kuvata oppimistavoitteet ja esitt\u00e4\u00e4 kysymyksi\u00e4.<br \/>2.6.6. Opettaja\/erikoisasiantuntija tarjoaa r\u00e4\u00e4t\u00e4l\u00f6ity\u00e4 ratkaisua asiakkaan tarpeisiin tai esitt\u00e4\u00e4 tarvittaessa lis\u00e4kysymyksi\u00e4.<br \/>2.6.7. Opettajat\/asiantuntijat vastaavat yleens\u00e4 24 tunnin kuluessa, mutta vastausajat voivat vaihdella heid\u00e4n saatavuutensa mukaan.<br \/>2.6.8. Linkido.com ei voi taata, ett\u00e4 opettaja\/asiantuntija vastaa kaikkiin kysymyksiin, mutta jos mahdollista, opettaja\/asiantuntija pyrkii etenem\u00e4\u00e4n etuk\u00e4teen l\u00e4hetettyjen kysymysten pohjalta koulutusta valmistellessaan.<br \/>2.6.9. Tutorointi tapahtuu sovittuna opiskeluaikana virtuaaliluokassa.<\/p>\n<p><strong>3. Osto ja maksu<\/strong><br \/>3.1. Asiakkaan on luotava tili linkido.com-sivustolle.<br \/>3.2. Asiakkaan on vahvistettava, ett\u00e4 h\u00e4n on v\u00e4hint\u00e4\u00e4n 18-vuotias. Alaik\u00e4isen asiakkaan on vahvistettava, ett\u00e4 h\u00e4nell\u00e4 on laillisen edustajan suostumus.<br \/>3.3. Asiakas valitsee kurssin ja opettajan\/erityisasiantuntijan ja ottaa yhteytt\u00e4 opettajaan\/erityisasiantuntijaan.<br \/>3.4. Kun asiakas on keskustellut oppimisvaatimuksista opettajan\/asiantuntijan kanssa ja sopinut kurssin yksityiskohdista, opettaja\/asiantuntija l\u00e4hett\u00e4\u00e4 henkil\u00f6kohtaisen linkin, joka sis\u00e4lt\u00e4\u00e4 tuntim\u00e4\u00e4r\u00e4n, sovitun opiskeluajan, hinnan ja maksuohjeet.<br \/>3.5. Opettajat\/asiantuntijat m\u00e4\u00e4rittelev\u00e4t kurssin hinnan kullekin asiakkaalle yksil\u00f6llisesti kurssin, asiakkaan toiveiden ja sovitun opiskeluajan perusteella.<br \/>3.6. Kurssin hinta lasketaan euroina.<br \/>3.7. Maksupalvelun tarjoaa Stripe-maksuportti, joka on integroitu verkkosivustoon.<\/p>\n<p><strong>4. Peruuttamisoikeus<\/strong><br \/>4.1. Asiakas voi peruuttaa sopimuksen 14 p\u00e4iv\u00e4n kuluessa ilman syyt\u00e4.<br \/>4.2. M\u00e4\u00e4r\u00e4aika alkaa sopimuksen tekop\u00e4iv\u00e4st\u00e4. Sopimus katsotaan tehdyksi, kun asiakas ja opettaja\/erikoisasiantuntija ovat sopineet kohdassa 3.4 m\u00e4\u00e4ritellyist\u00e4 olosuhteista ja asiakas on suorittanut maksun.<br \/>4.3. Asiakas voi peruuttaa sopimuksen t\u00e4ytt\u00e4m\u00e4ll\u00e4 peruutuslomakkeen, joka on saatavilla osoitteessa <a href=\"https:\/\/linkido.com\/fi\/korvausvaatimukset\/\" target=\"_blank\" rel=\"noopener\">https:\/\/linkido.com\/claims<\/a>, tai l\u00e4hett\u00e4m\u00e4ll\u00e4 peruutusilmoituksen alustan s\u00e4hk\u00f6postiosoitteeseen info@linkido.com.<br \/>4.4. Peruuttamispyynn\u00f6n saatuaan linkido.com palauttaa asiakkaalle v\u00e4litt\u00f6m\u00e4sti, mutta viimeist\u00e4\u00e4n 14 p\u00e4iv\u00e4n kuluttua, kaikki asiakkaalta sopimuksen perusteella saamansa maksut.<br \/>4.5. Jos asiakas halusi kurssien alkavan lausekkeessa 4.1 m\u00e4\u00e4ritellyn peruuttamisajan kuluessa, asiakkaan on maksettava m\u00e4\u00e4r\u00e4, joka on verrannollinen suoritettuihin kursseihin siihen asti, kun asiakas ilmoitti haluavansa peruuttaa sopimuksen, verrattuna sopimuksen kokonaism\u00e4\u00e4r\u00e4\u00e4n.<br \/>4.6. Kohdassa 4.5 kuvatussa tapauksessa linkido.com palauttaa asiakkaalle v\u00e4litt\u00f6m\u00e4sti, mutta viimeist\u00e4\u00e4n 14 p\u00e4iv\u00e4n kuluttua, maksut suhteessa asiakkaan suorittamiin kursseihin.<br \/>4.7. Asiakas ei voi k\u00e4ytt\u00e4\u00e4 lausekkeessa 4.1 m\u00e4\u00e4ritelty\u00e4 peruuttamisoikeuttaan, jos h\u00e4n on suorittanut kurssit kokonaisuudessaan.<\/p>\n<p><strong>5. Asiakkaan oikeudet ja velvollisuudet<\/strong><br \/>5.1. Asiakas sitoutuu k\u00e4ytt\u00e4m\u00e4\u00e4n linkido.com-alustaa lain, hyvien k\u00e4yt\u00e4nt\u00f6jen ja linkido.comin s\u00e4\u00e4nt\u00f6jen mukaisesti.<br \/>5.2. Asiakkaalla ei ole oikeutta siirt\u00e4\u00e4 kurssille osallistumista kolmansille osapuolille.<br \/>5.3. Asiakas voi vaihtaa opettajaa\/erikoisopettajaa 7 p\u00e4iv\u00e4n kuluessa kurssin alkamisesta, jos h\u00e4n ei ole tyytyv\u00e4inen opettajaan\/erikoisopettajaan.<br \/>5.4. Asiakkaalla on oikeus osallistua opetustuokioihin sovittuna ajankohtana.<br \/>5.5. Jos opettaja\/erikoisopettaja ei pysty pit\u00e4m\u00e4\u00e4n tukiopetusta sovittuna aikana, opettaja\/erikoisopettaja ottaa v\u00e4litt\u00f6m\u00e4sti yhteytt\u00e4 asiakkaaseen ja tarjoaa uutta aikaa tai hyvityst\u00e4.<br \/>5.6. Jos asiakas ei pysty osallistumaan tukiopetukseen sovittuna ajankohtana, asiakas ottaa v\u00e4litt\u00f6m\u00e4sti yhteytt\u00e4 opettajaan\/erityisopettajaan, kuitenkin viimeist\u00e4\u00e4n 1 p\u00e4iv\u00e4 ennen tukiopetustilaisuutta. Opettaja\/erityisasiantuntija tarjoaa uutta aikaa, jos asiakas on ilmoittanut siit\u00e4 opettajalle\/erityisasiantuntijalle hyviss\u00e4 ajoin. Jos asiakas on ilmoittanut opettajalle\/erikoisopettajalle my\u00f6hemmin kuin 1 p\u00e4iv\u00e4 ennen opetusistuntoa, opettajan\/erikoisopettajan ei tarvitse tarjota uutta aikaa, eik\u00e4 maksua palauteta.<br \/>5.7. Jos asiakkaalla on teknisi\u00e4 vaikeuksia tutor-istunnon aikana, alustan tuki tai apu auttaa asiakasta.<\/p>\n<p><strong>6. Opettajan\/erityisasiantuntijan oikeudet ja velvollisuudet<\/strong><br \/>6.1. Opettaja\/asiantuntija sitoutuu k\u00e4ytt\u00e4m\u00e4\u00e4n linkido.com-alustaa lain, hyvien k\u00e4yt\u00e4nt\u00f6jen ja linkido.comin s\u00e4\u00e4nt\u00f6jen mukaisesti.<br \/>6.2. Opettajalla\/erikoisopettajalla ei ole oikeutta siirt\u00e4\u00e4 kurssien suorittamista kolmansille osapuolille.<br \/>6.3. Opettajan\/erityisasiantuntijan on taattava, ett\u00e4 h\u00e4nell\u00e4 on v\u00e4hint\u00e4\u00e4n kandidaatin tutkinto ja muut kurssin j\u00e4rjest\u00e4miseen tarvittavat p\u00e4tevyydet.<br \/>6.3.1. Koulu- ja yliopistokursseja j\u00e4rjest\u00e4vill\u00e4 opettajilla on oltava pedagoginen koulutus.<br \/>6.3.2. Psykologista neuvontaa antavilla asiantuntijoilla on oltava ammattitutkinto.<br \/>6.4. Opettaja\/asiantuntija vastaa asiakkaan pyynt\u00f6ihin yleens\u00e4 24 tunnin kuluessa, mutta viimeist\u00e4\u00e4n kolmen p\u00e4iv\u00e4n kuluessa.<br \/>6.5. Opettaja\/erityisasiantuntija laatii kullekin asiakkaalle yksil\u00f6llisen ohjelman, joka perustuu asiakkaan toiveisiin.<br \/>6.6. Opettaja\/asiantuntija l\u00e4hett\u00e4\u00e4 asiakkaalle henkil\u00f6kohtaisen linkin, joka sis\u00e4lt\u00e4\u00e4 tuntim\u00e4\u00e4r\u00e4n, sovitun opiskeluajan, hinnan ja maksuohjeet.<br \/>6.7. Opettaja\/erikoisasiantuntija maksaa verot saamastaan palkkiosta.<br \/>6.8. Opettaja\/asiantuntija saa alustalta tietyn palkkion jokaisesta luomastaan kurssista.<br \/>6.9. Opettaja\/erityisopettaja pit\u00e4\u00e4 tukiopetuksen sovittuna ajankohtana.<br \/>6.10. Jos opettaja\/erikoisopettaja ei pysty pit\u00e4m\u00e4\u00e4n tukiopetusta sovittuna aikana, opettaja\/erikoisopettaja ottaa v\u00e4litt\u00f6m\u00e4sti yhteytt\u00e4 asiakkaaseen ja tarjoaa uutta aikaa tai hyvityst\u00e4.<\/p>\n<p><strong>7. Foorumin oikeudet ja velvollisuudet<\/strong><br \/>7.1. Alusta yhdist\u00e4\u00e4 opiskelijat p\u00e4teviin opettajiin\/asiantuntijoihin henkil\u00f6kohtaisia henkil\u00f6kohtaisia tukiopetustuokioita varten sek\u00e4 tarjoaa ryhm\u00e4kursseja yhteistoiminnallisia oppimiskokemuksia varten.<br \/>7.2. Foorumi k\u00e4sittelee mainontaa ja opettajien\/asiantuntijoiden ja asiakkaiden l\u00f6yt\u00e4mist\u00e4.<br \/>7.3. Foorumi tarjoaa apua teknisiss\u00e4 ongelmissa.<br \/>7.4. Foorumilla on oikeus pyyt\u00e4\u00e4 opettajilta\/asiantuntijoilta palkkiota.<br \/>7.5. Alustalla on oikeus tarkistaa, ett\u00e4 opettajat\/asiantuntijat t\u00e4ytt\u00e4v\u00e4t p\u00e4tevyysvaatimukset ja muut alustan s\u00e4\u00e4nn\u00f6t.<br \/>7.6. Jos alustan s\u00e4\u00e4nt\u00f6j\u00e4 rikotaan toistuvasti, alustalla on oikeus keskeytt\u00e4\u00e4 p\u00e4\u00e4sy alustalle.<\/p>\n<p><strong>8. Vastuu<\/strong><br \/>8.1. Palveluntarjoaja on vastuussa asiakkaalle ainoastaan sellaisen velvoitteen laiminly\u00f6nnist\u00e4, joka on aiheutettu tahallisesti tai t\u00f6rke\u00e4st\u00e4 huolimattomuudesta.<br \/>8.2. Foorumi ei ole vastuussa koulutuksen laadusta.<\/p>\n<p><strong>9. Riitojen ratkaiseminen<\/strong><br \/>9.1. Jos asiakkaalla on vaatimuksia, asiakkaan on osoitettava ne lomakkeella, joka on saatavilla alustalla osoitteessa <a href=\"https:\/\/linkido.com\/fi\/korvausvaatimukset\/\" target=\"_blank\" rel=\"noopener\">https:\/\/linkido.com\/claims<\/a>.<br \/>9.2. Sopimuspuolten v\u00e4liset riidat ratkaistaan sopimuspuolten v\u00e4lisill\u00e4 neuvotteluilla.<br \/>9.3. Jos sopimusehtoja ei noudateta, asiakas voi turvautua lain mukaisiin oikeussuojakeinoihin: 1) vaatia velvoitteen t\u00e4ytt\u00e4mist\u00e4; 2) pid\u00e4tt\u00e4yty\u00e4 t\u00e4ytt\u00e4m\u00e4st\u00e4 velvoitetta, joka on er\u00e4\u00e4ntynyt maksuvelvolliselta; 3) vaatia vahingonkorvausta; 4) peruuttaa sopimus tai purkaa se; 5) alentaa hintaa; 6) vaatia viiv\u00e4styssakon maksamista, jos rahavelvoitteen t\u00e4ytt\u00e4minen viiv\u00e4styy.<br \/>9.4. Jos riitoja ei saada ratkaistua neuvottelujen avulla, asiakas voi k\u00e4\u00e4nty\u00e4 kuluttajariitalautakunnan puoleen. Menettely\u00e4 koskevat ehdot l\u00f6ytyv\u00e4t <a href=\"https:\/\/ttja.ee\/en\/consumer-disputes-committee\" target=\"_blank\" rel=\"noopener\">t\u00e4\u00e4lt\u00e4<\/a>.<\/p>\n<p><strong>10. Loppus\u00e4\u00e4nn\u00f6kset<\/strong><br \/>10.1. Yleisiin sopimusehtoihin sovelletaan Viron tasavallan lakia, ja Viron tasavallan laki on lopullinen sovellettava laki.<br \/>10.2. Riidat ratkaistaan Viron tasavallan tuomioistuimissa.<br \/>10.3. Yleisten sopimusehtojen yksitt\u00e4isen m\u00e4\u00e4r\u00e4yksen p\u00e4tem\u00e4tt\u00f6myys tai mit\u00e4tt\u00f6myys ei johda kaikkien tai mink\u00e4\u00e4n muiden yleisten sopimusehtojen m\u00e4\u00e4r\u00e4ysten p\u00e4tem\u00e4tt\u00f6myyteen.<br \/>10.4. Linkido O\u00dc:ll\u00e4 on oikeus muuttaa yleisi\u00e4 k\u00e4ytt\u00f6ehtoja yksipuolisesti. Linkido O\u00dc julkaisee yleisten sopimusehtojen tarkistetun version verkkosivuillaan (https:\/\/linkido.com).<\/p>\n\t\t\t\t\t\t\t\t<\/div>\n\t\t\t\t<\/div>\n\t\t\t\t\t<\/div>\n\t\t<\/div>\n\t\t\t\t\t<\/div>\n\t\t<\/section>\n\t\t\t\t<\/div>\n\t\t","protected":false},"excerpt":{"rendered":"<p>Linkidon yleiset ehdot 1. Yleiset s\u00e4\u00e4nn\u00f6kset1.1. Alusta on verkkosivusto linkido.com.1.2. Asiakas on luonnollinen henkil\u00f6 tai oikeushenkil\u00f6, joka on luonut k\u00e4ytt\u00e4j\u00e4tilin alustalle.1.3. Opettaja\/erikoisasiantuntija on sertifioitu opettaja, kokenut asiantuntija tai oman alansa asiantuntija, jolla on v\u00e4hint\u00e4\u00e4n kandidaatin tutkinto ja joka vet\u00e4\u00e4 alustalla tarjottavia kursseja.1.4. Sopimus tehd\u00e4\u00e4n asiakkaan ja opettajan\/asiantuntijan v\u00e4lill\u00e4.1.5. Linkido O\u00dc (rekisteritunnus 14505711, osoite Harjun l\u00e4\u00e4ni,&hellip;<\/p>\n","protected":false},"author":1,"featured_media":0,"parent":0,"menu_order":0,"comment_status":"closed","ping_status":"closed","template":"elementor_header_footer","meta":{"footnotes":""},"class_list":["post-16079","page","type-page","status-publish","hentry"],"yoast_head":"<!-- This site is optimized with the Yoast SEO plugin v24.7 - https:\/\/yoast.com\/wordpress\/plugins\/seo\/ -->\n<title>K\u00e4ytt\u00f6ehdot - Linkido<\/title>\n<meta name=\"robots\" content=\"index, follow, max-snippet:-1, max-image-preview:large, max-video-preview:-1\" \/>\n<link rel=\"canonical\" href=\"https:\/\/linkido.com\/terms-of-service\/\" \/>\n<meta property=\"og:locale\" content=\"fi_FI\" \/>\n<meta property=\"og:type\" content=\"article\" \/>\n<meta property=\"og:title\" content=\"K\u00e4ytt\u00f6ehdot - Linkido\" \/>\n<meta property=\"og:description\" content=\"Linkidon yleiset ehdot 1. Yleiset s\u00e4\u00e4nn\u00f6kset1.1. Alusta on verkkosivusto linkido.com.1.2. Asiakas on luonnollinen henkil\u00f6 tai oikeushenkil\u00f6, joka on luonut k\u00e4ytt\u00e4j\u00e4tilin alustalle.1.3. Opettaja\/erikoisasiantuntija on sertifioitu opettaja, kokenut asiantuntija tai oman alansa asiantuntija, jolla on v\u00e4hint\u00e4\u00e4n kandidaatin tutkinto ja joka vet\u00e4\u00e4 alustalla tarjottavia kursseja.1.4. Sopimus tehd\u00e4\u00e4n asiakkaan ja opettajan\/asiantuntijan v\u00e4lill\u00e4.1.5. Linkido O\u00dc (rekisteritunnus 14505711, osoite Harjun l\u00e4\u00e4ni,&hellip;\" \/>\n<meta property=\"og:url\" content=\"https:\/\/linkido.com\/terms-of-service\/\" \/>\n<meta property=\"og:site_name\" content=\"Linkido\" \/>\n<meta property=\"article:modified_time\" content=\"2023-07-27T22:11:53+00:00\" \/>\n<meta name=\"twitter:card\" content=\"summary_large_image\" \/>\n<meta name=\"twitter:label1\" content=\"Arvioitu lukuaika\" \/>\n\t<meta name=\"twitter:data1\" content=\"6 minuuttia\" \/>\n<script type=\"application\/ld+json\" class=\"yoast-schema-graph\">{\"@context\":\"https:\/\/schema.org\",\"@graph\":[{\"@type\":\"WebPage\",\"@id\":\"https:\/\/linkido.com\/terms-of-service\/\",\"url\":\"https:\/\/linkido.com\/terms-of-service\/\",\"name\":\"K\u00e4ytt\u00f6ehdot - Linkido\",\"isPartOf\":{\"@id\":\"https:\/\/linkido.com\/#website\"},\"datePublished\":\"2020-09-27T12:07:34+00:00\",\"dateModified\":\"2023-07-27T22:11:53+00:00\",\"breadcrumb\":{\"@id\":\"https:\/\/linkido.com\/terms-of-service\/#breadcrumb\"},\"inLanguage\":\"fi\",\"potentialAction\":[{\"@type\":\"ReadAction\",\"target\":[\"https:\/\/linkido.com\/terms-of-service\/\"]}]},{\"@type\":\"BreadcrumbList\",\"@id\":\"https:\/\/linkido.com\/terms-of-service\/#breadcrumb\",\"itemListElement\":[{\"@type\":\"ListItem\",\"position\":1,\"name\":\"Home\",\"item\":\"https:\/\/linkido.com\/\"},{\"@type\":\"ListItem\",\"position\":2,\"name\":\"K\u00e4ytt\u00f6ehdot\"}]},{\"@type\":\"WebSite\",\"@id\":\"https:\/\/linkido.com\/#website\",\"url\":\"https:\/\/linkido.com\/\",\"name\":\"Linkido\",\"description\":\"Online Learning Platform\",\"publisher\":{\"@id\":\"https:\/\/linkido.com\/#organization\"},\"potentialAction\":[{\"@type\":\"SearchAction\",\"target\":{\"@type\":\"EntryPoint\",\"urlTemplate\":\"https:\/\/linkido.com\/?s={search_term_string}\"},\"query-input\":{\"@type\":\"PropertyValueSpecification\",\"valueRequired\":true,\"valueName\":\"search_term_string\"}}],\"inLanguage\":\"fi\"},{\"@type\":\"Organization\",\"@id\":\"https:\/\/linkido.com\/#organization\",\"name\":\"Linkido\",\"url\":\"https:\/\/linkido.com\/\",\"logo\":{\"@type\":\"ImageObject\",\"inLanguage\":\"fi\",\"@id\":\"https:\/\/linkido.com\/#\/schema\/logo\/image\/\",\"url\":\"https:\/\/linkido.com\/wp-content\/uploads\/2023\/02\/vertical-alignment-1.svg\",\"contentUrl\":\"https:\/\/linkido.com\/wp-content\/uploads\/2023\/02\/vertical-alignment-1.svg\",\"width\":512,\"height\":512,\"caption\":\"Linkido\"},\"image\":{\"@id\":\"https:\/\/linkido.com\/#\/schema\/logo\/image\/\"}}]}<\/script>\n<!-- \/ Yoast SEO plugin. -->","yoast_head_json":{"title":"K\u00e4ytt\u00f6ehdot - Linkido","robots":{"index":"index","follow":"follow","max-snippet":"max-snippet:-1","max-image-preview":"max-image-preview:large","max-video-preview":"max-video-preview:-1"},"canonical":"https:\/\/linkido.com\/terms-of-service\/","og_locale":"fi_FI","og_type":"article","og_title":"K\u00e4ytt\u00f6ehdot - Linkido","og_description":"Linkidon yleiset ehdot 1. Yleiset s\u00e4\u00e4nn\u00f6kset1.1. Alusta on verkkosivusto linkido.com.1.2. Asiakas on luonnollinen henkil\u00f6 tai oikeushenkil\u00f6, joka on luonut k\u00e4ytt\u00e4j\u00e4tilin alustalle.1.3. Opettaja\/erikoisasiantuntija on sertifioitu opettaja, kokenut asiantuntija tai oman alansa asiantuntija, jolla on v\u00e4hint\u00e4\u00e4n kandidaatin tutkinto ja joka vet\u00e4\u00e4 alustalla tarjottavia kursseja.1.4. Sopimus tehd\u00e4\u00e4n asiakkaan ja opettajan\/asiantuntijan v\u00e4lill\u00e4.1.5. Linkido O\u00dc (rekisteritunnus 14505711, osoite Harjun l\u00e4\u00e4ni,&hellip;","og_url":"https:\/\/linkido.com\/terms-of-service\/","og_site_name":"Linkido","article_modified_time":"2023-07-27T22:11:53+00:00","twitter_card":"summary_large_image","twitter_misc":{"Arvioitu lukuaika":"6 minuuttia"},"schema":{"@context":"https:\/\/schema.org","@graph":[{"@type":"WebPage","@id":"https:\/\/linkido.com\/terms-of-service\/","url":"https:\/\/linkido.com\/terms-of-service\/","name":"K\u00e4ytt\u00f6ehdot - Linkido","isPartOf":{"@id":"https:\/\/linkido.com\/#website"},"datePublished":"2020-09-27T12:07:34+00:00","dateModified":"2023-07-27T22:11:53+00:00","breadcrumb":{"@id":"https:\/\/linkido.com\/terms-of-service\/#breadcrumb"},"inLanguage":"fi","potentialAction":[{"@type":"ReadAction","target":["https:\/\/linkido.com\/terms-of-service\/"]}]},{"@type":"BreadcrumbList","@id":"https:\/\/linkido.com\/terms-of-service\/#breadcrumb","itemListElement":[{"@type":"ListItem","position":1,"name":"Home","item":"https:\/\/linkido.com\/"},{"@type":"ListItem","position":2,"name":"K\u00e4ytt\u00f6ehdot"}]},{"@type":"WebSite","@id":"https:\/\/linkido.com\/#website","url":"https:\/\/linkido.com\/","name":"Linkido","description":"Online Learning Platform","publisher":{"@id":"https:\/\/linkido.com\/#organization"},"potentialAction":[{"@type":"SearchAction","target":{"@type":"EntryPoint","urlTemplate":"https:\/\/linkido.com\/?s={search_term_string}"},"query-input":{"@type":"PropertyValueSpecification","valueRequired":true,"valueName":"search_term_string"}}],"inLanguage":"fi"},{"@type":"Organization","@id":"https:\/\/linkido.com\/#organization","name":"Linkido","url":"https:\/\/linkido.com\/","logo":{"@type":"ImageObject","inLanguage":"fi","@id":"https:\/\/linkido.com\/#\/schema\/logo\/image\/","url":"https:\/\/linkido.com\/wp-content\/uploads\/2023\/02\/vertical-alignment-1.svg","contentUrl":"https:\/\/linkido.com\/wp-content\/uploads\/2023\/02\/vertical-alignment-1.svg","width":512,"height":512,"caption":"Linkido"},"image":{"@id":"https:\/\/linkido.com\/#\/schema\/logo\/image\/"}}]}},"_links":{"self":[{"href":"https:\/\/linkido.com\/fi\/wp-json\/wp\/v2\/pages\/16079","targetHints":{"allow":["GET"]}}],"collection":[{"href":"https:\/\/linkido.com\/fi\/wp-json\/wp\/v2\/pages"}],"about":[{"href":"https:\/\/linkido.com\/fi\/wp-json\/wp\/v2\/types\/page"}],"author":[{"embeddable":true,"href":"https:\/\/linkido.com\/fi\/wp-json\/wp\/v2\/users\/1"}],"replies":[{"embeddable":true,"href":"https:\/\/linkido.com\/fi\/wp-json\/wp\/v2\/comments?post=16079"}],"version-history":[{"count":6,"href":"https:\/\/linkido.com\/fi\/wp-json\/wp\/v2\/pages\/16079\/revisions"}],"predecessor-version":[{"id":17400,"href":"https:\/\/linkido.com\/fi\/wp-json\/wp\/v2\/pages\/16079\/revisions\/17400"}],"wp:attachment":[{"href":"https:\/\/linkido.com\/fi\/wp-json\/wp\/v2\/media?parent=16079"}],"curies":[{"name":"wp","href":"https:\/\/api.w.org\/{rel}","templated":true}]}}